{"id":18,"date":"2015-10-01T13:56:03","date_gmt":"2015-10-01T13:56:03","guid":{"rendered":"http:\/\/uenf.br\/reitoria\/nucest\/?page_id=18"},"modified":"2024-07-31T14:18:42","modified_gmt":"2024-07-31T14:18:42","slug":"formularios","status":"publish","type":"page","link":"https:\/\/uenf.br\/reitoria\/nucest\/formularios\/","title":{"rendered":"Formul\u00e1rios"},"content":{"rendered":"<p>Para uma melhor visualiza\u00e7\u00e3o dos formul\u00e1rios dispon\u00edveis, escolha a op\u00e7\u00e3o abaixo que melhor se ajusta a sua situa\u00e7\u00e3o:<\/p>\n<ul>\n<li><a href=\"https:\/\/uenf.br\/reitoria\/nucest\/formularios\/alunos-da-uenf-curso-presencial\/\">Alunos da UENF (Presenciais)<\/a><\/li>\n<li><a href=\"https:\/\/uenf.br\/reitoria\/nucest\/formularios\/alunos-da-uenf-cederj\/\">Alunos da UENF (CEDERJ)<\/a><\/li>\n<li><a href=\"https:\/\/uenf.br\/reitoria\/nucest\/formularios\/outras-instituicoes\/\">Alunos de outras institui\u00e7\u00f5es<\/a><\/li>\n<\/ul>\n<p>&nbsp;<\/p>\n","protected":false},"excerpt":{"rendered":"<p>Para uma melhor visualiza\u00e7\u00e3o dos formul\u00e1rios dispon\u00edveis, escolha a op\u00e7\u00e3o abaixo que melhor se ajusta a sua situa\u00e7\u00e3o: Alunos da&#8230;<\/p>\n","protected":false},"author":35,"featured_media":0,"parent":0,"menu_order":10,"comment_status":"closed","ping_status":"closed","template":"","meta":{"footnotes":""},"class_list":["post-18","page","type-page","status-publish","hentry"],"_links":{"self":[{"href":"https:\/\/uenf.br\/reitoria\/nucest\/wp-json\/wp\/v2\/pages\/18","targetHints":{"allow":["GET"]}}],"collection":[{"href":"https:\/\/uenf.br\/reitoria\/nucest\/wp-json\/wp\/v2\/pages"}],"about":[{"href":"https:\/\/uenf.br\/reitoria\/nucest\/wp-json\/wp\/v2\/types\/page"}],"author":[{"embeddable":true,"href":"https:\/\/uenf.br\/reitoria\/nucest\/wp-json\/wp\/v2\/users\/35"}],"replies":[{"embeddable":true,"href":"https:\/\/uenf.br\/reitoria\/nucest\/wp-json\/wp\/v2\/comments?post=18"}],"version-history":[{"count":0,"href":"https:\/\/uenf.br\/reitoria\/nucest\/wp-json\/wp\/v2\/pages\/18\/revisions"}],"wp:attachment":[{"href":"https:\/\/uenf.br\/reitoria\/nucest\/wp-json\/wp\/v2\/media?parent=18"}],"curies":[{"name":"wp","href":"https:\/\/api.w.org\/{rel}","templated":true}]}}