{"id":2,"date":"2015-02-10T13:34:36","date_gmt":"2015-02-10T13:34:36","guid":{"rendered":"http:\/\/uenf.br\/reitoria\/nucest\/?page_id=2"},"modified":"2026-02-04T13:15:21","modified_gmt":"2026-02-04T13:15:21","slug":"apresentacao","status":"publish","type":"page","link":"https:\/\/uenf.br\/reitoria\/nucest\/","title":{"rendered":"Apresenta\u00e7\u00e3o"},"content":{"rendered":"<p>O <b>N\u00facleo de Est\u00e1gios da UENF (NUCEST)<\/b>\u00a0tem a\u00a0miss\u00e3o de coordenar e gerenciar as atividades de est\u00e1gio nos diversos cursos de gradua\u00e7\u00e3o, articulando a\u00e7\u00f5es entre os setores acad\u00eamicos da universidade e agentes dos setores produtivo e educacional.<\/p>\n<p>O NUCEST \u00e9 o setor da UENF respons\u00e1vel que administra e aprova a celebra\u00e7\u00e3o de Termo de Compromisso, por meio do registro da documenta\u00e7\u00e3o das atividades de est\u00e1gio dos discentes. Compete ao NUCEST zelar pelo cumprimento da legisla\u00e7\u00e3o aplic\u00e1vel aos est\u00e1gios.<\/p>\n<p>Para uma melhor navega\u00e7\u00e3o no site, escolha a op\u00e7\u00e3o abaixo que melhor se ajusta a sua situa\u00e7\u00e3o:<\/p>\n<ol>\n<li><a href=\"https:\/\/uenf.br\/reitoria\/nucest\/como-fazer-o-estagio\/\">Sou aluno da UENF, curso presencial<\/a><\/li>\n<li><a href=\"https:\/\/uenf.br\/reitoria\/nucest\/como-fazer-o-estagio\/\">Sou aluno da UENF \/ CEDERJ<\/a><\/li>\n<li><a href=\"https:\/\/uenf.br\/reitoria\/nucest\/como-fazer-o-estagio\/\">N\u00e3o sou aluno da UENF<\/a><\/li>\n<\/ol>\n<p><span style=\"color: #ffffff\">.<\/span><\/p>\n","protected":false},"excerpt":{"rendered":"<p>O N\u00facleo de Est\u00e1gios da UENF (NUCEST)\u00a0tem a\u00a0miss\u00e3o de coordenar e gerenciar as atividades de est\u00e1gio nos diversos cursos de&#8230;<\/p>\n","protected":false},"author":34,"featured_media":0,"parent":0,"menu_order":0,"comment_status":"open","ping_status":"closed","template":"","meta":{"footnotes":""},"class_list":["post-2","page","type-page","status-publish","hentry"],"_links":{"self":[{"href":"https:\/\/uenf.br\/reitoria\/nucest\/wp-json\/wp\/v2\/pages\/2","targetHints":{"allow":["GET"]}}],"collection":[{"href":"https:\/\/uenf.br\/reitoria\/nucest\/wp-json\/wp\/v2\/pages"}],"about":[{"href":"https:\/\/uenf.br\/reitoria\/nucest\/wp-json\/wp\/v2\/types\/page"}],"author":[{"embeddable":true,"href":"https:\/\/uenf.br\/reitoria\/nucest\/wp-json\/wp\/v2\/users\/34"}],"replies":[{"embeddable":true,"href":"https:\/\/uenf.br\/reitoria\/nucest\/wp-json\/wp\/v2\/comments?post=2"}],"version-history":[{"count":0,"href":"https:\/\/uenf.br\/reitoria\/nucest\/wp-json\/wp\/v2\/pages\/2\/revisions"}],"wp:attachment":[{"href":"https:\/\/uenf.br\/reitoria\/nucest\/wp-json\/wp\/v2\/media?parent=2"}],"curies":[{"name":"wp","href":"https:\/\/api.w.org\/{rel}","templated":true}]}}