{"id":280,"date":"2017-01-19T06:46:22","date_gmt":"2017-01-19T06:46:22","guid":{"rendered":"http:\/\/uenf.br\/reitoria\/nucest\/?page_id=280"},"modified":"2026-02-03T20:00:58","modified_gmt":"2026-02-03T20:00:58","slug":"alunos-da-uenf-curso-presencial","status":"publish","type":"page","link":"https:\/\/uenf.br\/reitoria\/nucest\/formularios\/alunos-da-uenf-curso-presencial\/","title":{"rendered":"Alunos UENF (PRESENCIAL)"},"content":{"rendered":"<p><strong>FORMUL\u00c1RIOS DO NUCEST<\/strong><\/p>\n<p><a href=\"https:\/\/docs.google.com\/forms\/d\/e\/1FAIpQLSci76iMsZn3BZ_k2siE43uRrFNcZzmJr59N1yF2KzAaO9wF8w\/viewform\">Formul\u00e1rio de Cadastro de Empresa \/ Institui\u00e7\u00e3o \/ Pessoa F\u00edsica<\/a><\/p>\n<p><a href=\"https:\/\/docs.google.com\/forms\/d\/e\/1FAIpQLSdY4940NORU5L-ideE2uAWVGsM3g4Aoo5hZVbWMY6ZE028hDg\/viewform\">Formul\u00e1rio de Avalia\u00e7\u00e3o de Est\u00e1gio<\/a><\/p>\n<p><a href=\"https:\/\/forms.gle\/yEqiWE78ubNBg9oU9\">Formul\u00e1rio de Solicita\u00e7\u00e3o \/ Renova\u00e7\u00e3o de Est\u00e1gio<\/a><\/p>\n<p><a href=\"https:\/\/forms.gle\/oJ52GPAP1CJDZbNs7\">Termo Aditivo<\/a><\/p>\n<p><a href=\"https:\/\/forms.gle\/fXZEYinuZmJRQPnq8\">Termo de Compromisso<\/a><\/p>\n<p><a href=\"https:\/\/forms.gle\/2H3x2hcxGMrh6wvQ9\">Termo de Distrato<\/a><\/p>\n<p>&nbsp;<\/p>\n<p>&nbsp;<\/p>\n<p><span style=\"color: #ff0000\"><strong>ATEN\u00c7\u00c3O:<\/strong><\/span><\/p>\n<p><strong>ATIVIDADES A SEREM PREENCHIDAS NOS TERMOS DE COMPROMISSO DE <span style=\"color: #ff0000\">EST\u00c1GIO OBRIGAT\u00d3RIO<\/span><\/strong><\/p>\n<p>(Os demais cursos dever\u00e3o entrar em contato com o seu respectivo coordenador de est\u00e1gio)<\/p>\n<p>Licenciatura em F\u00edsica<\/p>\n<ul>\n<li><a href=\"https:\/\/uenf.br\/reitoria\/nucest\/files\/2019\/07\/PRESENCIAL_Anexo-F\u00edsica-I.pdf\">Est\u00e1gio I<\/a><\/li>\n<li><a href=\"https:\/\/uenf.br\/reitoria\/nucest\/files\/2019\/07\/PRESENCIAL_Anexo-F\u00edsica-II.pdf\">Est\u00e1gio II<\/a><\/li>\n<li><a href=\"https:\/\/uenf.br\/reitoria\/nucest\/files\/2019\/07\/PRESENCIAL_Anexo-F\u00edsica-III.pdf\">Est\u00e1gio III<\/a><\/li>\n<li><a href=\"https:\/\/uenf.br\/reitoria\/nucest\/files\/2019\/07\/PRESENCIAL_Anexo-F\u00edsica-IV.pdf\">Est\u00e1gio IV<\/a><\/li>\n<\/ul>\n<p>Licenciatura em Matem\u00e1tica<\/p>\n<ul>\n<li><a href=\"https:\/\/uenf.br\/reitoria\/nucest\/files\/2022\/03\/Anexo-ao-Termo-de-Compromisso-Matematica-Estagio-I.docx\">Est\u00e1gio I<\/a><\/li>\n<li><a href=\"https:\/\/uenf.br\/reitoria\/nucest\/files\/2022\/03\/Anexo-ao-Termo-de-Compromisso-Matematica-Estagio-II.docx\">Est\u00e1gio II<\/a><\/li>\n<li><a href=\"https:\/\/uenf.br\/reitoria\/nucest\/files\/2022\/03\/Anexo-ao-Termo-de-Compromisso-Matematica-Estagio-II.docx\">Est\u00e1gio III<\/a><\/li>\n<li><a href=\"https:\/\/uenf.br\/reitoria\/nucest\/files\/2022\/03\/Anexo-ao-Termo-de-Compromisso-Matematica-Estagio-IV.docx\">Est\u00e1gio IV<\/a><\/li>\n<\/ul>\n<p>Licenciatura em Qu\u00edmica<\/p>\n<ul>\n<li><a href=\"https:\/\/uenf.br\/reitoria\/nucest\/files\/2019\/08\/PRESENCIAL_Anexo-Qu\u00edmica-I.pdf\">Est\u00e1gio I<\/a><\/li>\n<li><a href=\"https:\/\/uenf.br\/reitoria\/nucest\/files\/2019\/08\/PRESENCIAL_Anexo-Qu\u00edmica-II.pdf\">Est\u00e1gio II<\/a><\/li>\n<li><a href=\"https:\/\/uenf.br\/reitoria\/nucest\/files\/2019\/08\/PRESENCIAL_Anexo-Qu\u00edmica-III.pdf\">Est\u00e1gio III<\/a><\/li>\n<li><a href=\"https:\/\/uenf.br\/reitoria\/nucest\/files\/2019\/08\/PRESENCIAL_Anexo-Qu\u00edmica-IV.pdf\">Est\u00e1gio IV<\/a><\/li>\n<\/ul>\n<p>&nbsp;<\/p>\n<p>&nbsp;<\/p>\n<p><strong>CARTAS DE APRESENTA\u00c7\u00c3O:<\/strong><\/p>\n<ul>\n<li><a href=\"https:\/\/uenf.br\/reitoria\/nucest\/files\/2022\/09\/CARTA-DE-APRESENTACAO-PARA-ESTAGIO-OBRIGATORIO.docx\">Carta de Apresenta\u00e7\u00e3o &#8211; Curso de Licenciatura em Biologia<\/a><\/li>\n<li><a href=\"https:\/\/uenf.br\/reitoria\/nucest\/files\/2017\/01\/F\u00cdSICA-Carta-de-Apresentacao.doc\">Carta de Apresenta\u00e7\u00e3o &#8211; Curso de Licenciatura em F\u00edsica<\/a><\/li>\n<li><a href=\"https:\/\/uenf.br\/reitoria\/nucest\/files\/2022\/03\/Carta-de-Apresentacao-Matematica.doc\">Carta de Apresenta\u00e7\u00e3o &#8211; Curso de Licenciatura em Matem\u00e1tica<\/a><\/li>\n<li><a href=\"https:\/\/uenf.br\/reitoria\/nucest\/files\/2022\/03\/PEDAGOGIA-Carta-de-Apresentacao.pdf\">Carta de Apresenta\u00e7\u00e3o &#8211; Curso de Licenciatura em Pedagogia<\/a><\/li>\n<li><a href=\"https:\/\/uenf.br\/reitoria\/nucest\/files\/2017\/01\/QU\u00cdMICA-Carta-de-Apresentacao-PRESENCIAL.doc\">Carta de Apresenta\u00e7\u00e3o &#8211; Curso de Licenciatura em Qu\u00edmica<\/a><\/li>\n<\/ul>\n<p>&nbsp;<\/p>\n<p>&nbsp;<\/p>\n<p>&nbsp;<\/p>\n","protected":false},"excerpt":{"rendered":"<p>FORMUL\u00c1RIOS DO NUCEST Formul\u00e1rio de Cadastro de Empresa \/ Institui\u00e7\u00e3o \/ Pessoa F\u00edsica Formul\u00e1rio de Avalia\u00e7\u00e3o de Est\u00e1gio Formul\u00e1rio de&#8230;<\/p>\n","protected":false},"author":35,"featured_media":0,"parent":18,"menu_order":1,"comment_status":"closed","ping_status":"closed","template":"","meta":{"footnotes":""},"class_list":["post-280","page","type-page","status-publish","hentry"],"_links":{"self":[{"href":"https:\/\/uenf.br\/reitoria\/nucest\/wp-json\/wp\/v2\/pages\/280","targetHints":{"allow":["GET"]}}],"collection":[{"href":"https:\/\/uenf.br\/reitoria\/nucest\/wp-json\/wp\/v2\/pages"}],"about":[{"href":"https:\/\/uenf.br\/reitoria\/nucest\/wp-json\/wp\/v2\/types\/page"}],"author":[{"embeddable":true,"href":"https:\/\/uenf.br\/reitoria\/nucest\/wp-json\/wp\/v2\/users\/35"}],"replies":[{"embeddable":true,"href":"https:\/\/uenf.br\/reitoria\/nucest\/wp-json\/wp\/v2\/comments?post=280"}],"version-history":[{"count":0,"href":"https:\/\/uenf.br\/reitoria\/nucest\/wp-json\/wp\/v2\/pages\/280\/revisions"}],"up":[{"embeddable":true,"href":"https:\/\/uenf.br\/reitoria\/nucest\/wp-json\/wp\/v2\/pages\/18"}],"wp:attachment":[{"href":"https:\/\/uenf.br\/reitoria\/nucest\/wp-json\/wp\/v2\/media?parent=280"}],"curies":[{"name":"wp","href":"https:\/\/api.w.org\/{rel}","templated":true}]}}