{"id":289,"date":"2017-01-19T06:52:32","date_gmt":"2017-01-19T06:52:32","guid":{"rendered":"http:\/\/uenf.br\/reitoria\/nucest\/?page_id=289"},"modified":"2026-02-03T20:01:36","modified_gmt":"2026-02-03T20:01:36","slug":"outras-instituicoes","status":"publish","type":"page","link":"https:\/\/uenf.br\/reitoria\/nucest\/formularios\/outras-instituicoes\/","title":{"rendered":"Alunos Externos"},"content":{"rendered":"<p><a href=\"https:\/\/docs.google.com\/forms\/d\/e\/1FAIpQLSci76iMsZn3BZ_k2siE43uRrFNcZzmJr59N1yF2KzAaO9wF8w\/viewform\">Formul\u00e1rio de Cadastro de Empresa \/ Institui\u00e7\u00e3o \/ Pessoa F\u00edsica<\/a><\/p>\n<p><a href=\"https:\/\/docs.google.com\/forms\/d\/e\/1FAIpQLSdY4940NORU5L-ideE2uAWVGsM3g4Aoo5hZVbWMY6ZE028hDg\/viewform\">Formul\u00e1rio de Avalia\u00e7\u00e3o de Est\u00e1gio<\/a><\/p>\n<p><a href=\"https:\/\/forms.gle\/yEqiWE78ubNBg9oU9\">Formul\u00e1rio de Solicita\u00e7\u00e3o \/ Renova\u00e7\u00e3o de Est\u00e1gio<\/a><\/p>\n<p><a href=\"https:\/\/forms.gle\/oJ52GPAP1CJDZbNs7\">Termo Aditivo<\/a><\/p>\n<p><a href=\"https:\/\/forms.gle\/fXZEYinuZmJRQPnq8\">Termo de Compromisso<\/a><\/p>\n<p><a href=\"https:\/\/forms.gle\/2H3x2hcxGMrh6wvQ9\">Termo de Distrato<\/a><\/p>\n<p>&nbsp;<\/p>\n","protected":false},"excerpt":{"rendered":"<p>Formul\u00e1rio de Cadastro de Empresa \/ Institui\u00e7\u00e3o \/ Pessoa F\u00edsica Formul\u00e1rio de Avalia\u00e7\u00e3o de Est\u00e1gio Formul\u00e1rio de Solicita\u00e7\u00e3o \/ Renova\u00e7\u00e3o&#8230;<\/p>\n","protected":false},"author":35,"featured_media":0,"parent":18,"menu_order":3,"comment_status":"closed","ping_status":"closed","template":"","meta":{"footnotes":""},"class_list":["post-289","page","type-page","status-publish","hentry"],"_links":{"self":[{"href":"https:\/\/uenf.br\/reitoria\/nucest\/wp-json\/wp\/v2\/pages\/289","targetHints":{"allow":["GET"]}}],"collection":[{"href":"https:\/\/uenf.br\/reitoria\/nucest\/wp-json\/wp\/v2\/pages"}],"about":[{"href":"https:\/\/uenf.br\/reitoria\/nucest\/wp-json\/wp\/v2\/types\/page"}],"author":[{"embeddable":true,"href":"https:\/\/uenf.br\/reitoria\/nucest\/wp-json\/wp\/v2\/users\/35"}],"replies":[{"embeddable":true,"href":"https:\/\/uenf.br\/reitoria\/nucest\/wp-json\/wp\/v2\/comments?post=289"}],"version-history":[{"count":0,"href":"https:\/\/uenf.br\/reitoria\/nucest\/wp-json\/wp\/v2\/pages\/289\/revisions"}],"up":[{"embeddable":true,"href":"https:\/\/uenf.br\/reitoria\/nucest\/wp-json\/wp\/v2\/pages\/18"}],"wp:attachment":[{"href":"https:\/\/uenf.br\/reitoria\/nucest\/wp-json\/wp\/v2\/media?parent=289"}],"curies":[{"name":"wp","href":"https:\/\/api.w.org\/{rel}","templated":true}]}}