{"id":380,"date":"2017-01-19T09:16:03","date_gmt":"2017-01-19T09:16:03","guid":{"rendered":"http:\/\/uenf.br\/reitoria\/nucest\/?page_id=380"},"modified":"2026-02-03T19:17:10","modified_gmt":"2026-02-03T19:17:10","slug":"diretrizes-sobre-estagio","status":"publish","type":"page","link":"https:\/\/uenf.br\/reitoria\/nucest\/diretrizes-sobre-estagio\/","title":{"rendered":"Diretrizes sobre Est\u00e1gio"},"content":{"rendered":"<p><a href=\"https:\/\/uenf.br\/reitoria\/nucest\/files\/2026\/02\/Lei-de-estagio-11788.pdf\" rel=\"\">Lei de Est\u00e1gio &#8211; Lei n\u00b0 11.788, de 25 de Setembro de 2008<\/a><\/p>\n<p><a href=\"https:\/\/uenf.br\/reitoria\/nucest\/files\/2019\/07\/NormasGraduacao2019_30_04_2019_Publicacao.pdf\">Regimento Geral da Gradua\u00e7\u00e3o da UENF<\/a> (ver p\u00e1ginas de 40 a 47)<\/p>\n<p><a href=\"https:\/\/uenf.br\/reitoria\/nucest\/files\/2025\/09\/AltercaoNormasGraduacao2025.pdf\">Resolu\u00e7\u00e3o COLAC n\u00ba XX de 05 de Maio de 2025 &#8211; <\/a>Altera a reda\u00e7\u00e3o dos Arts. 2\u00ba ao 4\u00ba, 65 a 68, <span style=\"color: #ff0000\"><strong>126 a 132<\/strong>, <strong>137<\/strong><\/span>, 138, <span style=\"color: #ff0000\"><strong>150<\/strong>, <strong>151<\/strong><\/span>, 152 e 178 a 185 das Normas de Gradua\u00e7\u00e3o da UENF<\/p>\n<p><a href=\"https:\/\/uenf.br\/reitoria\/nucest\/files\/2022\/02\/Res_SEEDUC_5797_ESTAGIO_DO_31_10_19-1.pdf\">Resolu\u00e7\u00e3o SEEDUC 5797\/2019<\/a>\u00a0\u2013 Sobre as normas para realiza\u00e7\u00e3o de est\u00e1gio em unidades da rede estadual de ensino<\/p>\n<p>&nbsp;<\/p>\n<p>&nbsp;<\/p>\n<p><a href=\"https:\/\/uenf.br\/reitoria\/nucest\/files\/2017\/01\/BIOLOGIA-Projeto-do-Est\u00e1gio-Supervisionado-da-Licenciatura-em-Biologia.pdf\">Projeto do Est\u00e1gio Supervisionado da Licenciatura em Biologia da UENF<\/a><\/p>\n<p><a href=\"https:\/\/uenf.br\/reitoria\/nucest\/files\/2017\/01\/F\u00cdSICA-Projeto-do-Est\u00e1gio-Supervisionado-da-Licenciatura-em-F\u00edsica.pdf\">Projeto do Est\u00e1gio Supervisionado da Licenciatura em F\u00edsica da UENF<\/a><\/p>\n<p><a href=\"https:\/\/uenf.br\/reitoria\/nucest\/files\/2017\/01\/QU\u00cdMICA_Projeto-do-Est\u00e1gio-Supervisionado-da-Licenciatura-em-Qu\u00edmica.pdf\">Projeto do Est\u00e1gio Supervisionado da Licenciatura em Qu\u00edmica da UENF<\/a><\/p>\n<p>&nbsp;<\/p>\n","protected":false},"excerpt":{"rendered":"<p>Lei de Est\u00e1gio &#8211; Lei n\u00b0 11.788, de 25 de Setembro de 2008 Regimento Geral da Gradua\u00e7\u00e3o da UENF (ver&#8230;<\/p>\n","protected":false},"author":35,"featured_media":0,"parent":0,"menu_order":9,"comment_status":"closed","ping_status":"closed","template":"","meta":{"footnotes":""},"class_list":["post-380","page","type-page","status-publish","hentry"],"_links":{"self":[{"href":"https:\/\/uenf.br\/reitoria\/nucest\/wp-json\/wp\/v2\/pages\/380","targetHints":{"allow":["GET"]}}],"collection":[{"href":"https:\/\/uenf.br\/reitoria\/nucest\/wp-json\/wp\/v2\/pages"}],"about":[{"href":"https:\/\/uenf.br\/reitoria\/nucest\/wp-json\/wp\/v2\/types\/page"}],"author":[{"embeddable":true,"href":"https:\/\/uenf.br\/reitoria\/nucest\/wp-json\/wp\/v2\/users\/35"}],"replies":[{"embeddable":true,"href":"https:\/\/uenf.br\/reitoria\/nucest\/wp-json\/wp\/v2\/comments?post=380"}],"version-history":[{"count":0,"href":"https:\/\/uenf.br\/reitoria\/nucest\/wp-json\/wp\/v2\/pages\/380\/revisions"}],"wp:attachment":[{"href":"https:\/\/uenf.br\/reitoria\/nucest\/wp-json\/wp\/v2\/media?parent=380"}],"curies":[{"name":"wp","href":"https:\/\/api.w.org\/{rel}","templated":true}]}}