{"id":477,"date":"2017-01-19T23:17:59","date_gmt":"2017-01-19T23:17:59","guid":{"rendered":"http:\/\/uenf.br\/reitoria\/nucest\/?page_id=477"},"modified":"2017-01-19T23:17:59","modified_gmt":"2017-01-19T23:17:59","slug":"endereco-das-regionais","status":"publish","type":"page","link":"https:\/\/uenf.br\/reitoria\/nucest\/duvidas-frequentes\/endereco-das-regionais\/","title":{"rendered":"Endere\u00e7o das Regionais"},"content":{"rendered":"<p>Os est\u00e1gios realizados em Escolas e Col\u00e9gios da rede p\u00fablica estadual do Estado do Rio de Janeiro devem ser, tamb\u00e9m autorizados pela Secretaria de Estado de Educa\u00e7\u00e3o. Para tanto, os alunos, de posse DAS QUATRO VIAS do Termos de Compromisso , devem se encaminhar para as regionais administrativas e pedag\u00f3gicas da SEEDUC, e seguir os procedimentos que forem determinados no local.<\/p>\n<p>&nbsp;<\/p>\n<p>Para saber o endere\u00e7o da Regional mais pr\u00f3xima a voc\u00ea, <span style=\"color: #ff0000\"><a style=\"color: #ff0000\" href=\"https:\/\/uenf.br\/reitoria\/nucest\/files\/2017\/01\/Endere\u00e7o-das-Regionais.pdf\">clique aqui<\/a><\/span>.<\/p>\n","protected":false},"excerpt":{"rendered":"<p>Os est\u00e1gios realizados em Escolas e Col\u00e9gios da rede p\u00fablica estadual do Estado do Rio de Janeiro devem ser, tamb\u00e9m&#8230;<\/p>\n","protected":false},"author":35,"featured_media":0,"parent":107,"menu_order":0,"comment_status":"closed","ping_status":"closed","template":"","meta":{"footnotes":""},"class_list":["post-477","page","type-page","status-publish","hentry"],"_links":{"self":[{"href":"https:\/\/uenf.br\/reitoria\/nucest\/wp-json\/wp\/v2\/pages\/477","targetHints":{"allow":["GET"]}}],"collection":[{"href":"https:\/\/uenf.br\/reitoria\/nucest\/wp-json\/wp\/v2\/pages"}],"about":[{"href":"https:\/\/uenf.br\/reitoria\/nucest\/wp-json\/wp\/v2\/types\/page"}],"author":[{"embeddable":true,"href":"https:\/\/uenf.br\/reitoria\/nucest\/wp-json\/wp\/v2\/users\/35"}],"replies":[{"embeddable":true,"href":"https:\/\/uenf.br\/reitoria\/nucest\/wp-json\/wp\/v2\/comments?post=477"}],"version-history":[{"count":0,"href":"https:\/\/uenf.br\/reitoria\/nucest\/wp-json\/wp\/v2\/pages\/477\/revisions"}],"up":[{"embeddable":true,"href":"https:\/\/uenf.br\/reitoria\/nucest\/wp-json\/wp\/v2\/pages\/107"}],"wp:attachment":[{"href":"https:\/\/uenf.br\/reitoria\/nucest\/wp-json\/wp\/v2\/media?parent=477"}],"curies":[{"name":"wp","href":"https:\/\/api.w.org\/{rel}","templated":true}]}}