{"id":61,"date":"2015-10-02T13:32:19","date_gmt":"2015-10-02T13:32:19","guid":{"rendered":"http:\/\/uenf.br\/reitoria\/nucest\/?page_id=61"},"modified":"2024-07-31T13:54:07","modified_gmt":"2024-07-31T13:54:07","slug":"o-que-e-o-estagio","status":"publish","type":"page","link":"https:\/\/uenf.br\/reitoria\/nucest\/apresentacao\/o-que-e-o-estagio\/","title":{"rendered":"O que \u00e9 o est\u00e1gio?"},"content":{"rendered":"<p>Est\u00e1gio \u00e9 ato educativo escolar supervisionado, desenvolvido no ambiente de trabalho, que visa \u00e0 prepara\u00e7\u00e3o para o trabalho produtivo de alunos\u00a0que estejam\u00a0frequentando o ensino regular em institui\u00e7\u00e3o de ensino superior, de educa\u00e7\u00e3o profissional, de ensino m\u00e9dio, da educa\u00e7\u00e3o especial e dos anos finais do fundamental, na modalidade de jovens e adultos.<\/p>\n<p>O est\u00e1gio visa ao aprendizado de compet\u00eancias pr\u00f3prias da atividade profissional, com objetivo do desenvolvimento do aluno para a vida cidad\u00e3 e para o mundo do trabalho. O est\u00e1gio pode ser <strong>obrigat\u00f3rio<\/strong> ou <strong>n\u00e3o-obrigat\u00f3rio<\/strong>:<\/p>\n<ul>\n<li><strong>Est\u00e1gio Obrigat\u00f3rio<\/strong> \u00e9 aquele definido como tal no projeto do curso, cuja carga hor\u00e1ria \u00e9 requisito para aprova\u00e7\u00e3o e obten\u00e7\u00e3o de diploma. Neste caso, ele poder\u00e1 ser remunerado ou n\u00e3o;<\/li>\n<li><strong>Est\u00e1gio n\u00e3o-obrigat\u00f3rio<\/strong> \u00e9 aquele desenvolvido como atividade opcional, com carga hor\u00e1ria regular e obrigat\u00f3ria. Neste caso, o estagi\u00e1rio dever\u00e1 receber alguma forma de contrapresta\u00e7\u00e3o (normalmente, renumera\u00e7\u00e3o) da institui\u00e7\u00e3o onde far\u00e1 o est\u00e1gio.<\/li>\n<\/ul>\n","protected":false},"excerpt":{"rendered":"<p>Est\u00e1gio \u00e9 ato educativo escolar supervisionado, desenvolvido no ambiente de trabalho, que visa \u00e0 prepara\u00e7\u00e3o para o trabalho produtivo de&#8230;<\/p>\n","protected":false},"author":34,"featured_media":0,"parent":2,"menu_order":2,"comment_status":"closed","ping_status":"closed","template":"","meta":{"footnotes":""},"class_list":["post-61","page","type-page","status-publish","hentry"],"_links":{"self":[{"href":"https:\/\/uenf.br\/reitoria\/nucest\/wp-json\/wp\/v2\/pages\/61","targetHints":{"allow":["GET"]}}],"collection":[{"href":"https:\/\/uenf.br\/reitoria\/nucest\/wp-json\/wp\/v2\/pages"}],"about":[{"href":"https:\/\/uenf.br\/reitoria\/nucest\/wp-json\/wp\/v2\/types\/page"}],"author":[{"embeddable":true,"href":"https:\/\/uenf.br\/reitoria\/nucest\/wp-json\/wp\/v2\/users\/34"}],"replies":[{"embeddable":true,"href":"https:\/\/uenf.br\/reitoria\/nucest\/wp-json\/wp\/v2\/comments?post=61"}],"version-history":[{"count":0,"href":"https:\/\/uenf.br\/reitoria\/nucest\/wp-json\/wp\/v2\/pages\/61\/revisions"}],"up":[{"embeddable":true,"href":"https:\/\/uenf.br\/reitoria\/nucest\/wp-json\/wp\/v2\/pages\/2"}],"wp:attachment":[{"href":"https:\/\/uenf.br\/reitoria\/nucest\/wp-json\/wp\/v2\/media?parent=61"}],"curies":[{"name":"wp","href":"https:\/\/api.w.org\/{rel}","templated":true}]}}