{"id":69,"date":"2015-10-02T14:07:16","date_gmt":"2015-10-02T14:07:16","guid":{"rendered":"http:\/\/uenf.br\/reitoria\/nucest\/?page_id=69"},"modified":"2026-02-04T13:12:56","modified_gmt":"2026-02-04T13:12:56","slug":"como-fazer-o-estagio","status":"publish","type":"page","link":"https:\/\/uenf.br\/reitoria\/nucest\/como-fazer-o-estagio\/","title":{"rendered":"Como Fazer o Est\u00e1gio?"},"content":{"rendered":"<p>Passo 1 &#8211; <a href=\"https:\/\/uenf.br\/reitoria\/nucest\/apresentacao\/o-que-e-o-estagio\/\">Entender o que \u00e9 o Est\u00e1gio\u00a0<\/a><\/p>\n<p>Passo 2 &#8211; <a href=\"https:\/\/uenf.br\/reitoria\/nucest\/apresentacao\/o-que-e-o-estagio\/verificar-se-esta-apto-a-fazer-o-estagio\/\">Verificar se est\u00e1 apto a fazer o Est\u00e1gio<\/a><\/p>\n<p>Passo 3 &#8211; Seguir os procedimentos:<\/p>\n<p><a href=\"https:\/\/uenf.br\/reitoria\/nucest\/como-fazer-o-estagio\/cursos-presenciais\/\">Se voc\u00ea \u00e9 aluno(a) de curso presencial da gradua\u00e7\u00e3o da UENF<\/a>.<\/p>\n<p><a href=\"https:\/\/uenf.br\/reitoria\/nucest\/como-fazer-o-estagio\/cursos-a-distancia\/\">Se voc\u00ea \u00e9 aluno(a) de curso de gradua\u00e7\u00e3o da Educa\u00e7\u00e3o a Dist\u00e2ncia oferecido pela UENF<\/a>.<\/p>\n<p><a href=\"https:\/\/uenf.br\/reitoria\/nucest\/como-fazer-o-estagio\/alunos-externos\/\">Se voc\u00ea n\u00e3o \u00e9 aluno(a) da UENF<\/a>.<\/p>\n","protected":false},"excerpt":{"rendered":"<p>Passo 1 &#8211; Entender o que \u00e9 o Est\u00e1gio\u00a0 Passo 2 &#8211; Verificar se est\u00e1 apto a fazer o Est\u00e1gio&#8230;<\/p>\n","protected":false},"author":34,"featured_media":0,"parent":0,"menu_order":2,"comment_status":"closed","ping_status":"closed","template":"","meta":{"footnotes":""},"class_list":["post-69","page","type-page","status-publish","hentry"],"_links":{"self":[{"href":"https:\/\/uenf.br\/reitoria\/nucest\/wp-json\/wp\/v2\/pages\/69","targetHints":{"allow":["GET"]}}],"collection":[{"href":"https:\/\/uenf.br\/reitoria\/nucest\/wp-json\/wp\/v2\/pages"}],"about":[{"href":"https:\/\/uenf.br\/reitoria\/nucest\/wp-json\/wp\/v2\/types\/page"}],"author":[{"embeddable":true,"href":"https:\/\/uenf.br\/reitoria\/nucest\/wp-json\/wp\/v2\/users\/34"}],"replies":[{"embeddable":true,"href":"https:\/\/uenf.br\/reitoria\/nucest\/wp-json\/wp\/v2\/comments?post=69"}],"version-history":[{"count":0,"href":"https:\/\/uenf.br\/reitoria\/nucest\/wp-json\/wp\/v2\/pages\/69\/revisions"}],"wp:attachment":[{"href":"https:\/\/uenf.br\/reitoria\/nucest\/wp-json\/wp\/v2\/media?parent=69"}],"curies":[{"name":"wp","href":"https:\/\/api.w.org\/{rel}","templated":true}]}}