{"id":78,"date":"2015-10-05T12:27:42","date_gmt":"2015-10-05T12:27:42","guid":{"rendered":"http:\/\/uenf.br\/reitoria\/nucest\/?page_id=78"},"modified":"2024-04-10T11:44:39","modified_gmt":"2024-04-10T11:44:39","slug":"onde-posso-fazer-o-estagio","status":"publish","type":"page","link":"https:\/\/uenf.br\/reitoria\/nucest\/onde-posso-fazer-o-estagio\/","title":{"rendered":"Onde posso fazer o est\u00e1gio?"},"content":{"rendered":"<p>Os alunos da UENF poder\u00e3o estagiar na pr\u00f3pria universidade, ou em institui\u00e7\u00f5es que <strong>j\u00e1 tenham<\/strong> <strong>conv\u00eanio de est\u00e1gio firmado com a UENF no in\u00edcio do semestre letivo e em vigor no momento em que o est\u00e1gio ser\u00e1 realizado<\/strong>.<\/p>\n<p>Alunos de outras institui\u00e7\u00f5es de ensino (superior ou t\u00e9cnico) poder\u00e3o fazer est\u00e1gio na UENF, desde que haja conv\u00eanio vigente entre as institui\u00e7\u00f5es.<\/p>\n<p>A UENF possui conv\u00eanio de est\u00e1gio com diversas Institui\u00e7\u00f5es\/Empresas.<\/p>\n<p>&nbsp;<\/p>\n<p><strong><span style=\"color: #000000\">Para ver <\/span><\/strong><span style=\"color: #ff0000\"><span style=\"color: #000000\"><strong>a lista completa das Institui\u00e7\u00f5es que possuem conv\u00eanio com a UENF<\/strong>, <a href=\"https:\/\/uenf.br\/reitoria\/nucest\/onde-posso-fazer-o-estagio\/lista-de-convenios-em-vigor\/\">Clique Aqui<\/a><\/span><\/span><\/p>\n<p>&nbsp;<\/p>\n<p>&nbsp;<\/p>\n<p><strong>OBSERVA\u00c7\u00c3O:<\/strong><\/p>\n<p>Se a institui\u00e7\u00e3o que voc\u00ea deseja fazer est\u00e1gio n\u00e3o se encontrar na lista acima,<span style=\"color: #ff0000\"> <a style=\"color: #ff0000\" href=\"https:\/\/uenf.br\/reitoria\/nucest\/como-fazer-um-convenio-de-estagio-com-a-uenf\/\">clique aqui<\/a> .<\/span><\/p>\n","protected":false},"excerpt":{"rendered":"<p>Os alunos da UENF poder\u00e3o estagiar na pr\u00f3pria universidade, ou em institui\u00e7\u00f5es que j\u00e1 tenham conv\u00eanio de est\u00e1gio firmado com&#8230;<\/p>\n","protected":false},"author":34,"featured_media":0,"parent":0,"menu_order":6,"comment_status":"closed","ping_status":"closed","template":"","meta":{"footnotes":""},"class_list":["post-78","page","type-page","status-publish","hentry"],"_links":{"self":[{"href":"https:\/\/uenf.br\/reitoria\/nucest\/wp-json\/wp\/v2\/pages\/78","targetHints":{"allow":["GET"]}}],"collection":[{"href":"https:\/\/uenf.br\/reitoria\/nucest\/wp-json\/wp\/v2\/pages"}],"about":[{"href":"https:\/\/uenf.br\/reitoria\/nucest\/wp-json\/wp\/v2\/types\/page"}],"author":[{"embeddable":true,"href":"https:\/\/uenf.br\/reitoria\/nucest\/wp-json\/wp\/v2\/users\/34"}],"replies":[{"embeddable":true,"href":"https:\/\/uenf.br\/reitoria\/nucest\/wp-json\/wp\/v2\/comments?post=78"}],"version-history":[{"count":0,"href":"https:\/\/uenf.br\/reitoria\/nucest\/wp-json\/wp\/v2\/pages\/78\/revisions"}],"wp:attachment":[{"href":"https:\/\/uenf.br\/reitoria\/nucest\/wp-json\/wp\/v2\/media?parent=78"}],"curies":[{"name":"wp","href":"https:\/\/api.w.org\/{rel}","templated":true}]}}