{"id":92,"date":"2015-10-05T12:29:22","date_gmt":"2015-10-05T12:29:22","guid":{"rendered":"http:\/\/uenf.br\/reitoria\/nucest\/?page_id=92"},"modified":"2026-02-03T19:04:24","modified_gmt":"2026-02-03T19:04:24","slug":"o-que-fazer-apos-o-termino-do-estagio","status":"publish","type":"page","link":"https:\/\/uenf.br\/reitoria\/nucest\/o-que-fazer-apos-o-termino-do-estagio\/","title":{"rendered":"O Que Fazer Ap\u00f3s o T\u00e9rmino do Est\u00e1gio?"},"content":{"rendered":"<p>No \u00faltimo dia de est\u00e1gio, o(a) aluno(a) dever\u00e1 preencher o formul\u00e1rio online de avalia\u00e7\u00e3o do est\u00e1gio. Neste caso o documento n\u00e3o precisar\u00e1 ser impresso, tendo em vista que o NUCEST receber\u00e1 a avalia\u00e7\u00e3o automaticamente, ap\u00f3s o preenchimento. (<span style=\"color: #0000ff\">Para acessar o formul\u00e1rio online<\/span> , <a href=\"https:\/\/uenf.br\/reitoria\/nucest\/avaliacao-de-estagio\/\"><span style=\"color: #ff0000\">clique aqui<\/span><\/a>).\u00a0<strong>A aus\u00eancia da avalia\u00e7\u00e3o impossibilitar\u00e1 que o aluno fa\u00e7a novas solicita\u00e7\u00f5es de est\u00e1gio<\/strong>.<\/p>\n<p>&nbsp;<\/p>\n<p><span style=\"color: #ff0000\"><strong>ATEN\u00c7\u00c3O:<\/strong><\/span><\/p>\n<p><strong><span style=\"color: #0000ff\">PARA QUEM REALIZA EST\u00c1GIO REMUNERADO NA UENF, <\/span><\/strong>se o est\u00e1gio for interrompido, por qualquer motivo, <strong>ANTES<\/strong> da data estipulada no termo de compromisso, o estagi\u00e1rio dever\u00e1 preencher a avalia\u00e7\u00e3o, <strong>IMEDIATAMENTE<\/strong> na data de sa\u00edda do est\u00e1gio. Al\u00e9m disso, ap\u00f3s fazer a avalia\u00e7\u00e3o, o estagi\u00e1rio ter\u00e1 de encaminhar um e-mail para o NUCEST informando o t\u00e9rmino do est\u00e1gio.<\/p>\n<p>Caso o procedimento n\u00e3o seja realizado conforme indicado e o aluno receber bolsa referente aos meses n\u00e3o trabalhados, o valor recebido indevidamente ter\u00e1 de ser devolvido \u00e0 UENF.<\/p>\n","protected":false},"excerpt":{"rendered":"<p>No \u00faltimo dia de est\u00e1gio, o(a) aluno(a) dever\u00e1 preencher o formul\u00e1rio online de avalia\u00e7\u00e3o do est\u00e1gio. Neste caso o documento&#8230;<\/p>\n","protected":false},"author":34,"featured_media":0,"parent":0,"menu_order":4,"comment_status":"closed","ping_status":"closed","template":"","meta":{"footnotes":""},"class_list":["post-92","page","type-page","status-publish","hentry"],"_links":{"self":[{"href":"https:\/\/uenf.br\/reitoria\/nucest\/wp-json\/wp\/v2\/pages\/92","targetHints":{"allow":["GET"]}}],"collection":[{"href":"https:\/\/uenf.br\/reitoria\/nucest\/wp-json\/wp\/v2\/pages"}],"about":[{"href":"https:\/\/uenf.br\/reitoria\/nucest\/wp-json\/wp\/v2\/types\/page"}],"author":[{"embeddable":true,"href":"https:\/\/uenf.br\/reitoria\/nucest\/wp-json\/wp\/v2\/users\/34"}],"replies":[{"embeddable":true,"href":"https:\/\/uenf.br\/reitoria\/nucest\/wp-json\/wp\/v2\/comments?post=92"}],"version-history":[{"count":0,"href":"https:\/\/uenf.br\/reitoria\/nucest\/wp-json\/wp\/v2\/pages\/92\/revisions"}],"wp:attachment":[{"href":"https:\/\/uenf.br\/reitoria\/nucest\/wp-json\/wp\/v2\/media?parent=92"}],"curies":[{"name":"wp","href":"https:\/\/api.w.org\/{rel}","templated":true}]}}