{"id":94,"date":"2015-10-05T11:41:02","date_gmt":"2015-10-05T11:41:02","guid":{"rendered":"http:\/\/uenf.br\/reitoria\/nucest\/?page_id=94"},"modified":"2024-07-31T14:10:44","modified_gmt":"2024-07-31T14:10:44","slug":"como-fazer-um-convenio-de-estagio-com-a-uenf","status":"publish","type":"page","link":"https:\/\/uenf.br\/reitoria\/nucest\/como-fazer-um-convenio-de-estagio-com-a-uenf\/","title":{"rendered":"Como Fazer um Conv\u00eanio de Est\u00e1gio com a UENF?"},"content":{"rendered":"<p>O est\u00e1gios, para serem reconhecidos pela universidade, dever\u00e3o ser cumpridos em institui\u00e7\u00f5es que tenham conv\u00eanio para est\u00e1gio devidamente firmado com a UENF. Caso a Empresa ou Institui\u00e7\u00e3o, ou Pessoa F\u00edsica n\u00e3o possua conv\u00eanio firmado com a UENF, a solicita\u00e7\u00e3o de abertura de conv\u00eanio poder\u00e1 ser feita:<\/p>\n<ul>\n<li>Pelo Aluno;<\/li>\n<li>\n<div align=\"justify\"><u><\/u>Pelo Coordenador de Curso;<\/div>\n<\/li>\n<li>\n<div align=\"justify\">Pelo Coordenador de Est\u00e1gio;<\/div>\n<\/li>\n<li>\n<div align=\"justify\">Pelo Diretor do Polo CEDERJ;<\/div>\n<\/li>\n<li>\n<div align=\"justify\">Pelo Tutor;<\/div>\n<\/li>\n<li>Pela Empresa \/ Institui\u00e7\u00e3o;<\/li>\n<li>\n<div align=\"justify\">Por Pessoa F\u00edsica (Profissional liberal como Veterin\u00e1rios, Arquitetos, Administradores e etc);<\/div>\n<\/li>\n<li>\n<div align=\"justify\">Por Alunos de outras institui\u00e7\u00f5es de ensino (Superior ou T\u00e9cnico).<\/div>\n<div align=\"justify\"><\/div>\n<\/li>\n<\/ul>\n<p align=\"justify\"><strong>Procedimentos<\/strong><\/p>\n<p align=\"justify\">Basta preencher o formul\u00e1rio no seguinte link:\u00a0 <a href=\"https:\/\/forms.gle\/woGPDAfrr7RLGNiS6\">FORMUL\u00c1RIO DE CADASTRO DE CONV\u00caNIO<\/a><\/p>\n<p align=\"justify\">No formul\u00e1rio ser\u00e3o solicitadas as seguintes informa\u00e7\u00f5es<\/p>\n<ul>\n<li>Dados da Concedente: S\u00e3o as informa\u00e7\u00f5es sobre a Empresa\/Institui\u00e7\u00e3o\/Pessoa F\u00edsica sobre a qual se pretende cadastrar;<\/li>\n<li>Dados do Representante Legal: S\u00e3o as informa\u00e7\u00f5es da pessoa respons\u00e1vel pela Empresa ou Institui\u00e7\u00e3o da qual se pretende cadastrar (em caso de Pessoa F\u00edsica, inserir as informa\u00e7\u00f5es da Pessoa F\u00edsica)<\/li>\n<li>Dados do Solicitante: S\u00e3o as informa\u00e7\u00f5es da pessoa que est\u00e1 solicitando (voc\u00ea mesmo que est\u00e1 preenchendo). Caso o Solicitante seja Concedente e Representante Legal, basta repetir as mesmas informa\u00e7\u00f5es.<\/li>\n<\/ul>\n<p>&nbsp;<\/p>\n<p>Ap\u00f3s preencher e enviar o formul\u00e1rio, a equipe do NUCEST ir\u00e1 entrar em contato com o Representante atrav\u00e9s do <strong>e-mail<\/strong> informado da Concedente, por isso \u00e9 muito importante preencher corretamente esta informa\u00e7\u00e3o. Ser\u00e3o enviados os procedimentos para que o processo de Conv\u00eanio seja iniciado, para tanto a equipe do NUCEST ir\u00e1 aguardar a resposta do Representante atrav\u00e9s do <strong>e-mail<\/strong> informado da Concedente para dar continuidade ao processo de Conv\u00eanio.<\/p>\n<p>&nbsp;<\/p>\n<p><strong>Ap\u00f3s receber a resposta da Concedente e o processo de Conv\u00eanio for iniciado, o prazo para conclus\u00e3o \u00e9 de at\u00e9 15 dias.<\/strong><\/p>\n<p>&nbsp;<\/p>\n<p><strong>OBS:<\/strong> A solicita\u00e7\u00e3o para conveniar uma institui\u00e7\u00e3o poder\u00e1 ser feita a qualquer momento. <span style=\"color: #ff0000\"><strong>O aluno s\u00f3 poder\u00e1 realizar est\u00e1gio na institui\u00e7\u00e3o a ser conveniada, no semestre letivo seguinte \u00e0 publica\u00e7\u00e3o do conv\u00eanio no Di\u00e1rio Oficial<\/strong><\/span>.<\/p>\n<p>&nbsp;<\/p>\n","protected":false},"excerpt":{"rendered":"<p>O est\u00e1gios, para serem reconhecidos pela universidade, dever\u00e3o ser cumpridos em institui\u00e7\u00f5es que tenham conv\u00eanio para est\u00e1gio devidamente firmado com&#8230;<\/p>\n","protected":false},"author":34,"featured_media":0,"parent":0,"menu_order":7,"comment_status":"closed","ping_status":"closed","template":"","meta":{"footnotes":""},"class_list":["post-94","page","type-page","status-publish","hentry"],"_links":{"self":[{"href":"https:\/\/uenf.br\/reitoria\/nucest\/wp-json\/wp\/v2\/pages\/94","targetHints":{"allow":["GET"]}}],"collection":[{"href":"https:\/\/uenf.br\/reitoria\/nucest\/wp-json\/wp\/v2\/pages"}],"about":[{"href":"https:\/\/uenf.br\/reitoria\/nucest\/wp-json\/wp\/v2\/types\/page"}],"author":[{"embeddable":true,"href":"https:\/\/uenf.br\/reitoria\/nucest\/wp-json\/wp\/v2\/users\/34"}],"replies":[{"embeddable":true,"href":"https:\/\/uenf.br\/reitoria\/nucest\/wp-json\/wp\/v2\/comments?post=94"}],"version-history":[{"count":0,"href":"https:\/\/uenf.br\/reitoria\/nucest\/wp-json\/wp\/v2\/pages\/94\/revisions"}],"wp:attachment":[{"href":"https:\/\/uenf.br\/reitoria\/nucest\/wp-json\/wp\/v2\/media?parent=94"}],"curies":[{"name":"wp","href":"https:\/\/api.w.org\/{rel}","templated":true}]}}