{"id":100,"date":"2012-08-03T14:09:23","date_gmt":"2012-08-03T14:09:23","guid":{"rendered":"http:\/\/uenf.br\/reitoria\/secacad\/?page_id=100"},"modified":"2024-07-16T00:59:38","modified_gmt":"2024-07-16T00:59:38","slug":"retirada-do-diploma","status":"publish","type":"page","link":"https:\/\/uenf.br\/reitoria\/secacad\/diploma\/retirada-do-diploma\/","title":{"rendered":"Retirada do Diploma"},"content":{"rendered":"<div id=\"materiaPrincipal\">\n<div><span style=\"font-family: arial, sans-serif\"><b>Atendimento para retirada de diploma apenas mediante agendamento por e-mail:\u00a0<a href=\"mailto:setordediplomas@uenf.br\" target=\"_blank\" rel=\"noopener\">setordediplomas@uenf.br<\/a><br \/>\n<\/b><\/span><\/div>\n<\/div>\n<div><\/div>\n<div>O diploma deve ser retirado pelo pr\u00f3prio interessado ou por seu representante legal.<\/div>\n<div><\/div>\n<div id=\"materiaPrincipal\">\n<div>\n<p><span style=\"font-family: arial, sans-serif\"><b>Para retirada do diploma \u00e9 necess\u00e1rio apresentar documento de identidade original com foto.<\/b><\/span><\/p>\n<p><span style=\"font-family: arial, sans-serif\"><b>Caso a retirada seja por terceiros, \u00e9 preciso entregar procura\u00e7\u00e3o original com firma reconhecida em cart\u00f3rio.<\/b><\/span><\/p>\n<\/div>\n<p align=\"justify\">A procura\u00e7\u00e3o ficar\u00e1 retida na UENF.<\/p>\n<hr \/>\n<p>&nbsp;<\/p>\n<p><b>D\u00favidas:\u00a0<a href=\"mailto:setordediplomas@uenf.br\" target=\"_blank\" rel=\"noopener\">setordediplomas@uenf.br<\/a><\/b><\/p>\n<p>____________________________________________________________________________________________________________________________________<\/p>\n<p><strong>PRINCIPAIS CUIDADOS<\/strong>\u00a0Observe os seguintes itens para a conserva\u00e7\u00e3o de seu Diploma e para evitar transtornos futuros:<\/p>\n<p>&#8211; N\u00c3O DOBRE.<br \/>\n&#8211; N\u00c3O PLASTIFIQUE.<br \/>\n&#8211; SE NECESS\u00c1RIO, TIRE ALGUMAS C\u00d3PIAS E AUTENTIQUE.<br \/>\n&#8211; SE NECESS\u00c1RIO, RECONHE\u00c7A FIRMA:<\/p>\n<p style=\"padding-left: 30px\">Cart\u00f3rio do 13\u00ba Of\u00edcio &#8211; Rua Alberto Torres, 281 &#8211; Centro &#8211; Campos dos Goytacazes\/RJ<\/p>\n<p style=\"padding-left: 30px\">Prof. Luis Cesar Passoni<\/p>\n<p style=\"padding-left: 30px\">Prof. Djalma Souza<\/p>\n<p style=\"padding-left: 30px\">_______________________________________________________________________________<\/p>\n<p style=\"padding-left: 30px\">Cart\u00f3rio do 6\u00ba Of\u00edcio &#8211; Rua Carlos Lacerda, 42 &#8211; Centro &#8211; Campos dos Goytacazes\/RJ<\/p>\n<p style=\"padding-left: 30px\">Prof. Silv\u00e9rio de Paiva Freitas<\/p>\n<p style=\"padding-left: 30px\">Prof. Ant\u00f4nio Teixeira de Amaral J\u00fanior<\/p>\n<p style=\"padding-left: 30px\">Prof\u00aa. Ana Beatriz Garcia<\/p>\n<p style=\"padding-left: 30px\">Prof\u00aa Marina Satika Suzuki<\/p>\n<p style=\"padding-left: 30px\">Prof\u00aa Rosana Rodrigues<\/p>\n<p style=\"padding-left: 30px\">Valentina Nogueira Morais Martins<\/p>\n<p style=\"padding-left: 30px\">Gustavo Luna Louvem<\/p>\n<p style=\"padding-left: 30px\">Jarilane Maia Rodrigues Tavares<\/p>\n<\/div>\n<p>______________________________________________________________________________________<\/p>\n<p>&nbsp;<\/p>\n<p>Cart\u00f3rio do 1\u00ba Of\u00edcio &#8211; Av. Gast\u00e3o Machado, 66 Edif\u00edcio Centro Master Empresarial &#8211; Centro &#8211; Campos dos Goytacazes\/RJ.<\/p>\n<div id=\"materiaPrincipal\">\n<p style=\"padding-left: 30px\">Prof\u00aa Maura da Cunha<\/p>\n<p style=\"padding-left: 30px\">Prof\u00aa Anna Lvovna Okorokova Fa\u00e7anha<\/p>\n<p style=\"padding-left: 30px\">Rog\u00e9ria Neves dos Santos Santana<\/p>\n<p>&nbsp;<\/p>\n<p>&nbsp;<\/p>\n<\/div>\n","protected":false},"excerpt":{"rendered":"<p>Atendimento para retirada de diploma apenas mediante agendamento por e-mail:\u00a0setordediplomas@uenf.br O diploma deve ser retirado pelo pr\u00f3prio interessado ou por&#8230;<\/p>\n","protected":false},"author":23,"featured_media":0,"parent":93,"menu_order":1,"comment_status":"closed","ping_status":"open","template":"","meta":{"footnotes":""},"class_list":["post-100","page","type-page","status-publish","hentry"],"_links":{"self":[{"href":"https:\/\/uenf.br\/reitoria\/secacad\/wp-json\/wp\/v2\/pages\/100","targetHints":{"allow":["GET"]}}],"collection":[{"href":"https:\/\/uenf.br\/reitoria\/secacad\/wp-json\/wp\/v2\/pages"}],"about":[{"href":"https:\/\/uenf.br\/reitoria\/secacad\/wp-json\/wp\/v2\/types\/page"}],"author":[{"embeddable":true,"href":"https:\/\/uenf.br\/reitoria\/secacad\/wp-json\/wp\/v2\/users\/23"}],"replies":[{"embeddable":true,"href":"https:\/\/uenf.br\/reitoria\/secacad\/wp-json\/wp\/v2\/comments?post=100"}],"version-history":[{"count":0,"href":"https:\/\/uenf.br\/reitoria\/secacad\/wp-json\/wp\/v2\/pages\/100\/revisions"}],"up":[{"embeddable":true,"href":"https:\/\/uenf.br\/reitoria\/secacad\/wp-json\/wp\/v2\/pages\/93"}],"wp:attachment":[{"href":"https:\/\/uenf.br\/reitoria\/secacad\/wp-json\/wp\/v2\/media?parent=100"}],"curies":[{"name":"wp","href":"https:\/\/api.w.org\/{rel}","templated":true}]}}