{"id":1456,"date":"2025-01-20T13:28:02","date_gmt":"2025-01-20T13:28:02","guid":{"rendered":"https:\/\/uenf.br\/reitoria\/secacad\/?page_id=1456"},"modified":"2026-02-25T13:32:56","modified_gmt":"2026-02-25T13:32:56","slug":"matricula-1-semestre-de-2025","status":"publish","type":"page","link":"https:\/\/uenf.br\/reitoria\/secacad\/matricula-1-semestre-de-2025\/","title":{"rendered":"Matr\u00edculas SISU &#8211; 2026"},"content":{"rendered":"<h2><a href=\"https:\/\/uenf.br\/reitoria\/secacad\/files\/2026\/01\/sisu-2026-t.jpeg\"><img loading=\"lazy\" decoding=\"async\" class=\"alignnone size-large wp-image-1689\" src=\"https:\/\/uenf.br\/reitoria\/secacad\/files\/2026\/01\/sisu-2026-t-1024x213.jpeg\" alt=\"\" width=\"1024\" height=\"213\" srcset=\"https:\/\/uenf.br\/reitoria\/secacad\/files\/2026\/01\/sisu-2026-t-1024x213.jpeg 1024w, https:\/\/uenf.br\/reitoria\/secacad\/files\/2026\/01\/sisu-2026-t-300x63.jpeg 300w, https:\/\/uenf.br\/reitoria\/secacad\/files\/2026\/01\/sisu-2026-t-768x160.jpeg 768w, https:\/\/uenf.br\/reitoria\/secacad\/files\/2026\/01\/sisu-2026-t-1536x320.jpeg 1536w, https:\/\/uenf.br\/reitoria\/secacad\/files\/2026\/01\/sisu-2026-t-1200x250.jpeg 1200w, https:\/\/uenf.br\/reitoria\/secacad\/files\/2026\/01\/sisu-2026-t-320x67.jpeg 320w, https:\/\/uenf.br\/reitoria\/secacad\/files\/2026\/01\/sisu-2026-t.jpeg 1920w\" sizes=\"auto, (max-width: 1024px) 100vw, 1024px\" \/><\/a><\/h2>\n<h2 style=\"text-align: center\"><strong>Para enviar sua pr\u00e9-matr\u00edcula leia atentamente as instru\u00e7\u00f5es a seguir<\/strong><\/h2>\n<p>&nbsp;<\/p>\n<p>Link para pr\u00e9-matr\u00edcula de vagas da Lista de Espera: <a href=\"https:\/\/docs.google.com\/forms\/d\/e\/1FAIpQLSdwu1wvCu2KmWAS6giVtyNabcM1UxzuFMT0hJH1D7DDEU0mbg\/viewform?usp=dialog\" target=\"_blank\" rel=\"noopener\">acesse aqui<\/a><\/p>\n<p>Lista de espera &#8211; 1\u00aa Chamada (pr\u00e9-matr\u00edcula de 09\/02\/2026 a 12\/09\/2026): <a href=\"https:\/\/uenf.br\/reitoria\/secacad\/files\/2026\/02\/Lista-de-espera-chamada-1-SiSU-2026-1.pdf\" target=\"_blank\" rel=\"noopener\">Lista de espera &#8211; chamada 1 &#8211; SiSU 2026<\/a><\/p>\n<p>Lista de espera &#8211; 2\u00aa Chamada (pr\u00e9-matr\u00edcula de 20\/02\/2026 a 23\/09\/2026): <a href=\"https:\/\/uenf.br\/reitoria\/secacad\/files\/2026\/02\/Lista-de-espera-chamada-2-SiSU-2026.pdf\">Lista de espera &#8211; chamada 2 &#8211; SiSU 2026<\/a><\/p>\n<p>Lista de espera &#8211; 2\u00aa Chamada (pr\u00e9-matr\u00edcula 25 a 26\/02\/2026): <a href=\"https:\/\/uenf.br\/reitoria\/secacad\/files\/2026\/02\/Lista-de-espera-chamada-3-SiSU-2026-25-a-26-02.pdf\">Lista de espera &#8211; chamada 3 &#8211; SiSU 2026<\/a><\/p>\n<p>Lista de espera &#8211; Classifica\u00e7\u00e3o geral: <a href=\"https:\/\/uenf.br\/reitoria\/secacad\/files\/2026\/02\/Lista-de-espera-por-ordem-de-classificacao-e-modalidade.pdf\">Lista de espera por ordem de classifica\u00e7\u00e3o e modalidade de concorr\u00eanica<\/a><\/p>\n<p>&nbsp;<\/p>\n<hr \/>\n<p>A pr\u00e9-matr\u00edcula dos estudantes que est\u00e3o ingressando nos <strong>cursos de gradua\u00e7\u00e3o da UENF<\/strong>, atrav\u00e9s do processo seletivo do<strong> SISU 2026<\/strong>, a\u00a0pr\u00e9-matr\u00edcula ser\u00e1 realizada de forma h\u00edbrida, nas modalidades online e presencial., atrav\u00e9s do preenchimento de formul\u00e1rio dispon\u00edvel na p\u00e1gina da Secretaria Acad\u00eamica .<\/p>\n<p>Os candidatos \u00e0s vagas de <strong>a\u00e7\u00f5es afirmativas<\/strong> tamb\u00e9m dever\u00e3o preencher o <strong>formul\u00e1rio para avalia\u00e7\u00e3o socioecon\u00f4mica<\/strong>.<\/p>\n<p>Aqueles que necessitarem de atendimento especial poder\u00e3o esclarecer suas d\u00favidas atrav\u00e9s do e-mail <a href=\"mailto:matricula2025@uenf.br\">\u201cmatricula.graduacao@uenf.br<\/a>\u201c.<\/p>\n<p>A UENF disponibilizar\u00e1 uma equipe para<strong> atendimento presencial aos candidatos de a\u00e7\u00f5es afirmativas<\/strong> com d\u00favidas em rela\u00e7\u00e3o aos documentos a serem inclu\u00eddos no formul\u00e1rio de avalia\u00e7\u00e3o socioecon\u00f4mica, o atendimento ser\u00e1 no andar t\u00e9rreo do Pr\u00e9dio P9, das Pr\u00f3-reitorias.<\/p>\n<p>Os(as) candidatos(as) que ingressarem por meio de cotas destinadas a pretos e pardos devem participar da Banca de Heteroidentifica\u00e7\u00e3o, no dia 10\/02\/2026 para os convocados na chamada regular e 27\/02\/2026 nas chamadas de lista de espera.<\/p>\n<p>&nbsp;<\/p>\n<hr \/>\n<p>As <strong>Normas da Gradua\u00e7\u00e3o<\/strong> da UENF podem ser acessadas<strong> <span style=\"color: #0000ff\"><a style=\"color: #0000ff\" href=\"https:\/\/uenf.br\/graduacao\/sobre\/normas\/\" target=\"_blank\" rel=\"noopener\">AQUI<\/a><\/span><\/strong><\/p>\n<hr \/>\n<p>Antes de enviar sua pr\u00e9-matr\u00edcula tenha a c\u00f3pia dos seguintes <strong>documentos em<\/strong> <strong>formato PDF<\/strong> (s\u00f3 ser\u00e3o aceitos arquivos neste formato):<\/p>\n<ol>\n<li>Se estrangeiro c\u00f3pia do passaporte ou RNE (v\u00e1lido na data de matr\u00edcula).<\/li>\n<li>C\u00f3pia do documento de identidade, podendo ser a vers\u00e3o digital.<\/li>\n<li>C\u00f3pia do CPF, podendo ser a vers\u00e3o digital.<\/li>\n<li>C\u00f3pia da Certid\u00e3o de nascimento ou casamento.<\/li>\n<li>C\u00f3pia do T\u00edtulo de Eleitor e comprovante de quita\u00e7\u00e3o com a Justi\u00e7a Eleitoral, caso n\u00e3o tenha o T\u00edtulo de Eleitor ser\u00e1 necess\u00e1rio entregar a c\u00f3pia na Secret\u00e1ria Acad\u00eamica da UENF assim que ele for emitido.<\/li>\n<li>C\u00f3pia do Certificado de reservista (definitivo) ou do alistamento militar (provis\u00f3rio), apenas para candidatos do sexo masculino.<\/li>\n<li>C\u00f3pia do Certificado de Conclus\u00e3o\/Diploma do Ensino M\u00e9dio ou Declara\u00e7\u00e3o de Conclus\u00e3o do ensino m\u00e9dio.<\/li>\n<li>C\u00f3pia do Hist\u00f3rico Escolar do ensino m\u00e9dio.<\/li>\n<li>C\u00f3pia da Termo de Ci\u00eancia e Compromisso do Discente assinado pela plataforma gov.br, conforme orienta\u00e7\u00f5es descritas em <span style=\"color: #0000ff\"><a style=\"color: #0000ff\" href=\"https:\/\/uenf.br\/graduacao\/formularios\/termo-de-ciencia-e-compromisso-discente\/\" target=\"_blank\" rel=\"noopener\">LINK<\/a><\/span>.<\/li>\n<\/ol>\n<p><em>Candidatos(as) Quilombolas<\/em><\/p>\n<ul>\n<li>C\u00f3pia do Documento comprobat\u00f3rio de resid\u00eancia\/pertencimento \u00e0s comunidades remanescentes de quilombo, emitido por associa\u00e7\u00e3o quilombola reconhecida pela Funda\u00e7\u00e3o Cultural Palmares.<\/li>\n<\/ul>\n<p><em>Candidatos(as) Ind\u00edgenas<\/em><\/p>\n<ul>\n<li>C\u00f3pia do Registro Administrativo de Nascimento de Ind\u00edgena (RANI) expedido pela Funda\u00e7\u00e3o Nacional dos Povos Ind\u00edgenas.<\/li>\n<\/ul>\n<p><em>Candidatos(as) que cursaram o Ensino M\u00e9dio na Rede P\u00fablica<\/em><\/p>\n<ul>\n<li>C\u00f3pia do Hist\u00f3rico ou declara\u00e7\u00e3o que comprove que o candidato cursou integralmente todas as s\u00e9ries do Ensino M\u00e9dio em escolas p\u00fablicas em qualquer lugar do territ\u00f3rio nacional<\/li>\n<\/ul>\n<p><em>Candidatos(as) com defici\u00eancia<\/em><\/p>\n<p style=\"padding-left: 40px\">Comprova\u00e7\u00e3o da defici\u00eancia de acordo com as determina\u00e7\u00f5es estabelecidas pela Lei Federal 13.146\/2015 e pelo Decreto 11.063\/2022 &#8211; Art. 3\u00b0.<\/p>\n<p style=\"padding-left: 40px\">(a) Para pessoas com defici\u00eancia em geral, excetuando as pessoas com transtorno do espectro autista: apresenta\u00e7\u00e3o de laudo m\u00e9dico fornecido por institui\u00e7\u00e3o p\u00fablica de sa\u00fade, com parecer descritivo da defici\u00eancia, nos termos do C\u00f3digo Internacional de Doen\u00e7as CID e com validade de no m\u00e1ximo 6 meses.<\/p>\n<p style=\"padding-left: 40px\">(b) No caso de estudantes com Transtorno de Espectro Autista, ser\u00e1 aceito tamb\u00e9m laudo particular com avalia\u00e7\u00e3o que atender\u00e1 \u00e0 codifica\u00e7\u00e3o do Manual Diagn\u00f3stico e Estat\u00edstico de Transtornos Mentais e da CID-10, contemplados o transtorno autista (F.84.0) e o\u00a0 autismo at\u00edpico (F.84.1).<\/p>\n<p><em>Candidatos filho de policiais civis, militares, bombeiros militares e inspetores de seguran\u00e7a e administra\u00e7\u00e3o penitenci\u00e1ria <\/em><\/p>\n<ul>\n<li>C\u00f3pia da Certid\u00e3o de \u00f3bito; documento com a decis\u00e3o administrativa que reconheceu a morte ou incapacidade em raz\u00e3o do servi\u00e7o; documento de reforma ou aposentadoria por invalidez, contracheque da pens\u00e3o por morte, quando for benefici\u00e1rio dela, ou dos proventos da aposentadoria pagas pelo IPERJ, RIOPREVID\u00caNCIA ou outra entidade afim.<\/li>\n<\/ul>\n<hr \/>\n<h3 style=\"text-align: center\">Candidatos(as) que optaram por concorrer \u00e0s vagas destinadas a A\u00e7\u00e3o Afirmativa dever\u00e3o <span style=\"color: #ff6600\">necessariamente<\/span> preencher a Avalia\u00e7\u00e3o socioecon\u00f4mica &#8211; SISU 2026 dispon\u00edvel em:<\/h3>\n<p><span style=\"color: #0000ff\"><a style=\"color: #0000ff\" href=\"https:\/\/docs.google.com\/forms\/d\/e\/1FAIpQLSe4YlHUglbfzi4OlLVKOWy-afw5I_9oyxmiDkmR3EJv38uO8Q\/closedform\"><strong>Formul\u00e1rio de Avalia\u00e7\u00e3o socioecon\u00f4mica &#8211; SISU 2026<\/strong><\/a><\/span><\/p>\n<p><strong><span style=\"color: #0000ff\"><a style=\"color: #0000ff\" href=\"https:\/\/uenf.br\/reitoria\/secacad\/files\/2025\/01\/So\u0301-as-Declarac\u0327o\u0303es-1.pdf\" target=\"_blank\" rel=\"noopener\">Modelo padr\u00e3o das Declara\u00e7\u00f5es<\/a><\/span><\/strong><\/p>\n<p><strong><span style=\"color: #0000ff\"><a style=\"color: #0000ff\" href=\"https:\/\/uenf.br\/reitoria\/secacad\/files\/2025\/01\/DOCUMENTAC\u0327A\u0303O-PARA-COMPROVAC\u0327A\u0303O-DA-SITUAC\u0327A\u0303O-SOCIOECONO\u0302MICA.pdf\" target=\"_blank\" rel=\"noopener\">Orienta\u00e7\u00f5es sobre a documenta\u00e7\u00e3o para avalia\u00e7\u00e3o de car\u00eancia socioecon\u00f4mica para todas as cotas<\/a> (mais informa\u00e7\u00f5es<span style=\"color: #ff6600\"> <a style=\"color: #ff6600\" href=\"https:\/\/uenf.br\/proac\/servico-social\/avaliacao-socio-economica\/\">Leia aqui<\/a><\/span>)<\/span><\/strong><\/p>\n<hr \/>\n<p>&nbsp;<\/p>\n<p><a href=\"https:\/\/docs.google.com\/forms\/d\/e\/1FAIpQLSdwu1wvCu2KmWAS6giVtyNabcM1UxzuFMT0hJH1D7DDEU0mbg\/viewform?usp=dialog\"><img loading=\"lazy\" decoding=\"async\" class=\"aligncenter wp-image-1468 size-medium\" src=\"https:\/\/uenf.br\/reitoria\/secacad\/files\/2025\/01\/matricula-300x131.jpg\" alt=\"\" width=\"300\" height=\"131\" srcset=\"https:\/\/uenf.br\/reitoria\/secacad\/files\/2025\/01\/matricula-300x131.jpg 300w, https:\/\/uenf.br\/reitoria\/secacad\/files\/2025\/01\/matricula-768x335.jpg 768w, https:\/\/uenf.br\/reitoria\/secacad\/files\/2025\/01\/matricula.jpg 923w\" sizes=\"auto, (max-width: 300px) 100vw, 300px\" \/><\/a><\/p>\n<p><a href=\"https:\/\/docs.google.com\/forms\/d\/e\/1FAIpQLSe4YlHUglbfzi4OlLVKOWy-afw5I_9oyxmiDkmR3EJv38uO8Q\/closedform\" target=\"_blank\" rel=\"noopener\"><img loading=\"lazy\" decoding=\"async\" class=\"size-medium wp-image-1469 aligncenter\" src=\"https:\/\/uenf.br\/reitoria\/secacad\/files\/2025\/01\/avaliacao-300x131.jpg\" alt=\"\" width=\"300\" height=\"131\" srcset=\"https:\/\/uenf.br\/reitoria\/secacad\/files\/2025\/01\/avaliacao-300x131.jpg 300w, https:\/\/uenf.br\/reitoria\/secacad\/files\/2025\/01\/avaliacao-768x335.jpg 768w, https:\/\/uenf.br\/reitoria\/secacad\/files\/2025\/01\/avaliacao.jpg 923w\" sizes=\"auto, (max-width: 300px) 100vw, 300px\" \/><\/a><\/p>\n<p><a href=\"https:\/\/uenf.br\/graduacao\/formularios\/termo-de-ciencia-e-compromisso-discente\/\" target=\"_blank\" rel=\"noopener\"><img loading=\"lazy\" decoding=\"async\" class=\"size-medium wp-image-1470 aligncenter\" src=\"https:\/\/uenf.br\/reitoria\/secacad\/files\/2025\/01\/termo-300x131.jpg\" alt=\"\" width=\"300\" height=\"131\" srcset=\"https:\/\/uenf.br\/reitoria\/secacad\/files\/2025\/01\/termo-300x131.jpg 300w, https:\/\/uenf.br\/reitoria\/secacad\/files\/2025\/01\/termo-768x335.jpg 768w, https:\/\/uenf.br\/reitoria\/secacad\/files\/2025\/01\/termo.jpg 923w\" sizes=\"auto, (max-width: 300px) 100vw, 300px\" \/><\/a><\/p>\n<p>&nbsp;<\/p>\n<p>&nbsp;<\/p>\n<hr \/>\n<ul class=\"wp-block-list\">\n<li><strong>Resultado da Chamada regular<\/strong>: <span style=\"color: #ff0000\">29\/01<\/span><\/li>\n<li><strong>Matr\u00edcula dos candidatos selecionados na chamada regular<\/strong>: <span style=\"color: #ff0000\">02\/02 a 05\/02<\/span><\/li>\n<li><strong>Banca de heteroidentifica\u00e7\u00e3o de candidatos da chamada regular<\/strong>: <span style=\"color: #ff0000\">10\/02<\/span> (os candidatos ser\u00e3o convocados via e-mail)<\/li>\n<\/ul>\n<hr \/>\n<ul class=\"wp-block-list\">\n<li><strong>Divulga\u00e7\u00e3o da 1\u00aa Lista de Espera Manifesta\u00e7\u00e3o de interesse em participar da lista de espera<\/strong>:<span style=\"color: #ff0000\">10\/02<\/span><\/li>\n<li><strong>Matr\u00edcula dos candidatos convocados na 1\u00aa Lista de Espera<\/strong>:<span style=\"color: #ff0000\"> 11\/02 e 12\/02<\/span><\/li>\n<li><span style=\"color: #ff0000\"><span style=\"color: #000000\"><strong>Divulga\u00e7\u00e3o de vagas remanescentes em Lista de Espera e Matr\u00edcula: <\/strong><span style=\"color: #ff0000\">19\/02 a 25\/02<\/span>;<\/span><\/span><\/li>\n<li><strong>Banca de heteroidentifica\u00e7\u00e3o de candidatos convocados em Lista de Espera<\/strong>: <span style=\"color: #ff0000\">27\/02<\/span> (os candidatos ser\u00e3o convocados via e-mail)<\/li>\n<\/ul>\n<hr \/>\n<p>&nbsp;<\/p>\n<p>&nbsp;<\/p>\n<p>&nbsp;<\/p>\n","protected":false},"excerpt":{"rendered":"<p>Para enviar sua pr\u00e9-matr\u00edcula leia atentamente as instru\u00e7\u00f5es a seguir &nbsp; Link para pr\u00e9-matr\u00edcula de vagas da Lista de Espera:&#8230;<\/p>\n","protected":false},"author":23,"featured_media":0,"parent":0,"menu_order":1,"comment_status":"closed","ping_status":"closed","template":"","meta":{"footnotes":""},"class_list":["post-1456","page","type-page","status-publish","hentry"],"_links":{"self":[{"href":"https:\/\/uenf.br\/reitoria\/secacad\/wp-json\/wp\/v2\/pages\/1456","targetHints":{"allow":["GET"]}}],"collection":[{"href":"https:\/\/uenf.br\/reitoria\/secacad\/wp-json\/wp\/v2\/pages"}],"about":[{"href":"https:\/\/uenf.br\/reitoria\/secacad\/wp-json\/wp\/v2\/types\/page"}],"author":[{"embeddable":true,"href":"https:\/\/uenf.br\/reitoria\/secacad\/wp-json\/wp\/v2\/users\/23"}],"replies":[{"embeddable":true,"href":"https:\/\/uenf.br\/reitoria\/secacad\/wp-json\/wp\/v2\/comments?post=1456"}],"version-history":[{"count":0,"href":"https:\/\/uenf.br\/reitoria\/secacad\/wp-json\/wp\/v2\/pages\/1456\/revisions"}],"wp:attachment":[{"href":"https:\/\/uenf.br\/reitoria\/secacad\/wp-json\/wp\/v2\/media?parent=1456"}],"curies":[{"name":"wp","href":"https:\/\/api.w.org\/{rel}","templated":true}]}}