{"id":1524,"date":"2025-06-23T18:12:32","date_gmt":"2025-06-23T18:12:32","guid":{"rendered":"https:\/\/uenf.br\/reitoria\/secacad\/?page_id=1524"},"modified":"2025-06-23T18:47:01","modified_gmt":"2025-06-23T18:47:01","slug":"procedimentos-administrativos-da-secacad","status":"publish","type":"page","link":"https:\/\/uenf.br\/reitoria\/secacad\/procedimentos-administrativos-da-secacad\/","title":{"rendered":"Procedimentos Administrativos da SECACAD"},"content":{"rendered":"<h3><strong><em>2025<\/em><\/strong><\/h3>\n<ul>\n<li><span style=\"color: #0000ff\"><a style=\"color: #0000ff\" href=\"https:\/\/uenf.br\/reitoria\/secacad\/files\/2025\/06\/ORIENTACAO-SECACAD-02-\u2013-Cadastro-de-pessoal-no-sistema-academico-para-atuar-na-UENF.pdf\" target=\"_blank\" rel=\"noopener\">Procedimento Administrativo SECACAD 02\/2025 \u2013 Cadastro de pessoal no Sistema Acad\u00eamico da UENF<\/a><\/span><\/li>\n<li><span style=\"color: #0000ff\"><a style=\"color: #0000ff\" href=\"https:\/\/uenf.br\/reitoria\/secacad\/files\/2025\/06\/ORIENTACAO-SECACAD-01-\u2013-Programa-analitico-de-disciplinas-da-Pos-Graduacao-atualizacao-novo-regimento.pdf\" target=\"_blank\" rel=\"noopener\">Procedimento Administrativo 01\/2025 \u2013 Programa anal\u00edtico de disciplinas da P\u00f3s-Gradua\u00e7\u00e3o atualiza\u00e7\u00e3o novo regimento<\/a> (<a style=\"color: #0000ff\" href=\"https:\/\/uenf.br\/reitoria\/secacad\/files\/2025\/06\/PROGRAMA-ANALITICO-DE-DISCIPLINA-modelo-para-Docente.docx\">PROGRAMA ANALIT\u00cdCO DE DISCIPLINA &#8211; modelo para Docente<\/a>)<\/span><\/li>\n<\/ul>\n","protected":false},"excerpt":{"rendered":"<p>2025 Procedimento Administrativo SECACAD 02\/2025 \u2013 Cadastro de pessoal no Sistema Acad\u00eamico da UENF Procedimento Administrativo 01\/2025 \u2013 Programa anal\u00edtico&#8230;<\/p>\n","protected":false},"author":23,"featured_media":0,"parent":0,"menu_order":0,"comment_status":"closed","ping_status":"closed","template":"","meta":{"footnotes":""},"class_list":["post-1524","page","type-page","status-publish","hentry"],"_links":{"self":[{"href":"https:\/\/uenf.br\/reitoria\/secacad\/wp-json\/wp\/v2\/pages\/1524","targetHints":{"allow":["GET"]}}],"collection":[{"href":"https:\/\/uenf.br\/reitoria\/secacad\/wp-json\/wp\/v2\/pages"}],"about":[{"href":"https:\/\/uenf.br\/reitoria\/secacad\/wp-json\/wp\/v2\/types\/page"}],"author":[{"embeddable":true,"href":"https:\/\/uenf.br\/reitoria\/secacad\/wp-json\/wp\/v2\/users\/23"}],"replies":[{"embeddable":true,"href":"https:\/\/uenf.br\/reitoria\/secacad\/wp-json\/wp\/v2\/comments?post=1524"}],"version-history":[{"count":0,"href":"https:\/\/uenf.br\/reitoria\/secacad\/wp-json\/wp\/v2\/pages\/1524\/revisions"}],"wp:attachment":[{"href":"https:\/\/uenf.br\/reitoria\/secacad\/wp-json\/wp\/v2\/media?parent=1524"}],"curies":[{"name":"wp","href":"https:\/\/api.w.org\/{rel}","templated":true}]}}