{"id":1535,"date":"2025-06-29T21:45:35","date_gmt":"2025-06-29T21:45:35","guid":{"rendered":"https:\/\/uenf.br\/reitoria\/secacad\/?page_id=1535"},"modified":"2025-06-30T14:52:29","modified_gmt":"2025-06-30T14:52:29","slug":"procedimentos-para-pre-matricula-e-matricula-de-estudantes-regulares","status":"publish","type":"page","link":"https:\/\/uenf.br\/reitoria\/secacad\/pos-graduacao\/procedimentos-para-pre-matricula-e-matricula-de-estudantes-regulares\/","title":{"rendered":"Procedimentos para Pr\u00e9-Matr\u00edcula e Matr\u00edcula de estudantes Regulares"},"content":{"rendered":"<p>&nbsp;<\/p>\n<p>Para a Pr\u00e9-Matr\u00edcula, atrav\u00e9s do link recebido via e-mail, tenha a <span style=\"color: #ff0000\">c\u00f3pia dos seguintes documentos em formato PDF com tamanho inferior a 10Mb<\/span>:<\/p>\n<p><span style=\"color: #ff0000\"><strong>Para Brasileiro: <\/strong><\/span><\/p>\n<ul>\n<li><strong><em>Certid\u00e3o de Nascimento ou Casamento<\/em><\/strong><\/li>\n<li><strong><em>Documento de Identidade (frente e verso em \u00fanico arquivo se for o caso)<\/em><\/strong><\/li>\n<li><strong><em>Diploma de gradua\u00e7\u00e3o ou Declara\u00e7\u00e3o de conclus\u00e3o da Gradua\u00e7\u00e3o para candidatos(as) ao Mestrado (frente e verso em \u00fanico arquivo se for o caso)<\/em><\/strong><\/li>\n<li><strong><em>Diploma de Mestrado ou Declara\u00e7\u00e3o de conclus\u00e3o do Mestrado para candidatos(as) ao Doutorado (frente e verso em \u00fanico arquivo se for o caso)<\/em><\/strong><\/li>\n<li><strong><em>Hist\u00f3rico do curso de gradua\u00e7\u00e3o para candidatos(as) ao Mestrado<\/em><\/strong><\/li>\n<li><strong><em>Hist\u00f3rico do curso de Mestrado para candidatos(as) ao Doutorado<\/em><\/strong><\/li>\n<li><strong><em>CPF<\/em><\/strong><\/li>\n<li><strong><em>Identidade<\/em><\/strong><\/li>\n<li><strong><em>Documento eleitoral<\/em><\/strong><\/li>\n<\/ul>\n<p><span style=\"color: #ff0000\"><strong>Para estrangeiros:<\/strong><\/span><\/p>\n<ul>\n<li><em><strong>Certid\u00e3o de Nascimento ou Casamento<\/strong><\/em><\/li>\n<li><em><strong>Diploma de gradua\u00e7\u00e3o ou Declara\u00e7\u00e3o de conclus\u00e3o da Gradua\u00e7\u00e3o para candidatos(as) ao Mestrado (frente e verso em \u00fanico arquivo se for o caso)<\/strong><\/em><\/li>\n<li><em><strong>Diploma de Mestrado ou Declara\u00e7\u00e3o de conclus\u00e3o do Mestrado para candidatos(as) ao Doutorado (frente e verso em \u00fanico arquivo se for o caso)<\/strong><\/em><\/li>\n<li><em><strong>Hist\u00f3rico do curso de gradua\u00e7\u00e3o para candidatos(as) ao Mestrado<\/strong><\/em><\/li>\n<li><em><strong>Hist\u00f3rico do curso de Mestrado para candidatos(as) ao Doutorado<\/strong><\/em><\/li>\n<li><em><strong>Registro Nacional Migrat\u00f3rio (RNM) ou Registro Nacional de Estrangeiro (RNE)<\/strong><\/em><\/li>\n<li><em><strong>Visto Atualizado<\/strong><\/em><\/li>\n<li><em><strong>Passaporte<\/strong><\/em><\/li>\n<li><em><strong>CPF<\/strong><\/em><\/li>\n<\/ul>\n<p>S\u00f3 inicie sua pr\u00e9-matr\u00edcula ap\u00f3s certificar de ter todos os documentos descritos acima em formato PDF com tamanho inferior a 10 Mb.<\/p>\n<p>Na etapa de upload de c\u00f3pia de documentos ao clicar em <em><u>Fazer o upload<\/u><\/em> do arquivo anexado ele n\u00e3o poder\u00e1 ser alterado, portanto certifique-se de ter anexado o documento correto.<\/p>\n<p>&nbsp;<\/p>\n<p><strong><span style=\"color: #ff0000\">D\u00favidas: <\/span><\/strong><a href=\"https:\/\/uenf.br\/reitoria\/secacad\/files\/2025\/06\/Pre-matricula-Candidatoa.pdf\" target=\"_blank\" rel=\"noopener\">Orienta\u00e7\u00f5es para a Pr\u00e9-matr\u00edcula <\/a><\/p>\n","protected":false},"excerpt":{"rendered":"<p>&nbsp; Para a Pr\u00e9-Matr\u00edcula, atrav\u00e9s do link recebido via e-mail, tenha a c\u00f3pia dos seguintes documentos em formato PDF com&#8230;<\/p>\n","protected":false},"author":23,"featured_media":0,"parent":75,"menu_order":1,"comment_status":"closed","ping_status":"closed","template":"","meta":{"footnotes":""},"class_list":["post-1535","page","type-page","status-publish","hentry"],"_links":{"self":[{"href":"https:\/\/uenf.br\/reitoria\/secacad\/wp-json\/wp\/v2\/pages\/1535","targetHints":{"allow":["GET"]}}],"collection":[{"href":"https:\/\/uenf.br\/reitoria\/secacad\/wp-json\/wp\/v2\/pages"}],"about":[{"href":"https:\/\/uenf.br\/reitoria\/secacad\/wp-json\/wp\/v2\/types\/page"}],"author":[{"embeddable":true,"href":"https:\/\/uenf.br\/reitoria\/secacad\/wp-json\/wp\/v2\/users\/23"}],"replies":[{"embeddable":true,"href":"https:\/\/uenf.br\/reitoria\/secacad\/wp-json\/wp\/v2\/comments?post=1535"}],"version-history":[{"count":0,"href":"https:\/\/uenf.br\/reitoria\/secacad\/wp-json\/wp\/v2\/pages\/1535\/revisions"}],"up":[{"embeddable":true,"href":"https:\/\/uenf.br\/reitoria\/secacad\/wp-json\/wp\/v2\/pages\/75"}],"wp:attachment":[{"href":"https:\/\/uenf.br\/reitoria\/secacad\/wp-json\/wp\/v2\/media?parent=1535"}],"curies":[{"name":"wp","href":"https:\/\/api.w.org\/{rel}","templated":true}]}}