{"id":1649,"date":"2025-12-16T14:41:48","date_gmt":"2025-12-16T14:41:48","guid":{"rendered":"https:\/\/uenf.br\/reitoria\/secacad\/?page_id=1649"},"modified":"2025-12-16T17:37:10","modified_gmt":"2025-12-16T17:37:10","slug":"perguntas-frequentes-graduacao-ead","status":"publish","type":"page","link":"https:\/\/uenf.br\/reitoria\/secacad\/perguntas-frequentes-graduacao-ead\/","title":{"rendered":"Perguntas Frequentes Gradua\u00e7\u00e3o EAD"},"content":{"rendered":"<p>Abaixo as Perguntas mais frequentes dos alunos com rela\u00e7\u00e3o a nossa gradua\u00e7\u00e3o EAD, caso sua pergunta n\u00e3o esteja abaixo, envie-nos um e-mail que iremos responder o mais breve poss\u00edvel (secretariaacademicaead@uenf.br).<\/p>\n<ol>\n<li><strong> Como envio a documenta\u00e7\u00e3o pendente?<\/strong><\/li>\n<\/ol>\n<p>Toda documenta\u00e7\u00e3o deve ser entregue no polo respons\u00e1vel por nos encaminhar.<\/p>\n<ol start=\"2\">\n<li><strong> Tenho d\u00favidas sobre o TCC (Trabalho de Conclus\u00e3o de Curso). Com quem falo?<\/strong><\/li>\n<\/ol>\n<p>As orienta\u00e7\u00f5es sobre o TCC devem ser encaminhadas diretamente \u00e0 secretaria da coordena\u00e7\u00e3o do seu curso. Utilize os e-mails abaixo:<\/p>\n<ul>\n<li><strong>Licenciatura em Ci\u00eancias Biol\u00f3gicas:<\/strong> ead.biologia@uenf.br<\/li>\n<li><strong>Licenciatura em Pedagogia:<\/strong> ead.pedagogia@uenf.br<\/li>\n<li><strong>Licenciatura em Qu\u00edmica:<\/strong> ead.quimica@uenf.br<\/li>\n<\/ul>\n<ol start=\"3\">\n<li><strong> Como solicito meu diploma?<\/strong><\/li>\n<\/ol>\n<p>Basta preencher o formul\u00e1rio de requerimento dispon\u00edvel no site da UENF (<a href=\"https:\/\/uenf.br\/reitoria\/secacad\/files\/2012\/08\/REQUERIMENTO_GERAL.pdf\"><strong>requerimento<\/strong><\/a>) e enviar para o setor respons\u00e1vel, pelo e-mail:<br \/>\n<strong>setordediplomas@uenf.br<\/strong><\/p>\n<ol start=\"4\">\n<li><strong> Como solicito cola\u00e7\u00e3o de grau fora do prazo?<\/strong><\/li>\n<\/ol>\n<p>Para cola\u00e7\u00e3o de grau por ato administrativo, basta preencher \u00a0o requerimento espec\u00edfico (<a href=\"https:\/\/uenf.br\/reitoria\/secacad\/files\/2012\/08\/REQUERIMENTO_GERAL.pdf\"><strong>requerimento<\/strong><\/a>) e anexar uma <strong>justificativa com documenta\u00e7\u00e3o comprobat\u00f3ria<\/strong> e nos encaminhar\u00a0 atrav\u00e9s do e-mail <a href=\"mailto:secretariaacademicaead@uenf.br\">secretariaacademicaead@uenf.br<\/a>\u00a0 Ap\u00f3s o envio, o pedido ser\u00e1 encaminhado \u00e0 <strong>C\u00e2mara de Gradua\u00e7\u00e3o<\/strong> para avalia\u00e7\u00e3o.<\/p>\n<ol start=\"5\">\n<li><strong> Como posso atualizar meus dados pessoais (nome, e-mail, telefone, etc.)?<\/strong><\/li>\n<\/ol>\n<p>Encaminhe o documento que comprove a necessidade de altera\u00e7\u00e3o diretamente ao <strong>polo de origem<\/strong> e, em seguida, envie tamb\u00e9m a documenta\u00e7\u00e3o por e-mail para:<br \/>\n<strong>secretariaacademicaead@uenf.br<\/strong><\/p>\n<ol start=\"6\">\n<li><strong> Como solicito o cancelamento da matr\u00edcula?<\/strong><\/li>\n<\/ol>\n<p>A solicita\u00e7\u00e3o de cancelamento de matr\u00edcula deve ser feita <strong>diretamente no seu polo de origem<\/strong>, conforme as orienta\u00e7\u00f5es locais.<\/p>\n<ol start=\"7\">\n<li><strong> Terminei o curso. Como fa\u00e7o para colar grau?<\/strong><\/li>\n<\/ol>\n<p>A Secretaria Acad\u00eamica EAD informar\u00e1, com anteced\u00eancia, as datas e os procedimentos para cola\u00e7\u00e3o de grau. Fique atento aos <strong>comunicados por e-mail e redes oficiais<\/strong> da UENF.<\/p>\n<p>8 &#8211;<strong>Como entro em contato com meu polo ?<\/strong><\/p>\n<p>Abaixo deixamos os contatos e locais dos polos e os cursos que atualmente est\u00e3o dispon\u00edveis<\/p>\n<p><strong>Arma\u00e7\u00e3o dos B\u00fazios<\/strong><\/p>\n<p><strong>Local:<\/strong> FAETEC<br \/>\n<strong>Endere\u00e7o:<\/strong> Av. Jos\u00e9 Bento Ribeiro Dantas \u2013 Alto da Marina<br \/>\n<strong>Telefone:<\/strong> \u2014<br \/>\n<strong>E-mail:<\/strong> dir-polo-armacaodosbuzios@cecierj.edu.br<br \/>\n<strong>Cursos UENF:<\/strong><\/p>\n<ul>\n<li>Licenciatura em Pedagogia<\/li>\n<\/ul>\n<p><strong>Bom Jesus do Itabapoana<\/strong><\/p>\n<p><strong>Local:<\/strong> C.E. Padre Mello<br \/>\n<strong>Endere\u00e7o:<\/strong> Av. Governador Roberto Silveira, 578 \u2013 Centro<br \/>\n<strong>Telefone:<\/strong> (22) 3832-3803<br \/>\n<strong>E-mail:<\/strong> polo-bomjesusdoitabapoana@cecierj.edu.br<br \/>\n<strong>Cursos UENF:<\/strong><\/p>\n<ul>\n<li>Licenciatura em Ci\u00eancias Biol\u00f3gicas<\/li>\n<\/ul>\n<ul>\n<li>Licenciatura em Pedagogia<\/li>\n<\/ul>\n<p><strong>Cardoso Moreira<\/strong><\/p>\n<p><strong>Local:<\/strong> C.E. Baltazar Carneiro<br \/>\n<strong>Endere\u00e7o:<\/strong> R. Sebasti\u00e3o Zaqueu, 84\/92 \u2013 Catarino<br \/>\n<strong>Telefone:<\/strong> (22) 2785-1663<br \/>\n<strong>E-mail:<\/strong> polo-cardoso@cecierj.edu.br<br \/>\n<strong>Cursos UENF:<\/strong><\/p>\n<ul>\n<li>Licenciatura em Pedagogia<\/li>\n<\/ul>\n<p><strong>Itaocara<\/strong><\/p>\n<p><strong>Local:<\/strong> E.M. Prof. Nildo Caruso Nara<br \/>\n<strong>Endere\u00e7o:<\/strong> R. Nilo Pe\u00e7anha, 471 \u2013 Centro<br \/>\n<strong>Telefone:<\/strong> (22) 3861-4844 \/ (22) 3861-2937<br \/>\n<strong>E-mail:<\/strong> polo-itaocara@cecierj.edu.br<br \/>\n<strong>Cursos UENF:<\/strong><\/p>\n<ul>\n<li>Licenciatura em Ci\u00eancias Biol\u00f3gicas<\/li>\n<li>Licenciatura em Qu\u00edmica<\/li>\n<\/ul>\n<p><strong>Itaperuna<\/strong><\/p>\n<p><strong>Local:<\/strong> CIEP 263 \u2013 Lina Bo Bardi<br \/>\n<strong>Endere\u00e7o:<\/strong> Av. Zulamith Bittencourt, s\/n \u2013 Presidente Costa e Silva<br \/>\n<strong>Telefone:<\/strong> (22) 3822-7489<br \/>\n<strong>E-mail:<\/strong> polo-itaperuna@cecierj.edu.br<br \/>\n<strong>Cursos UENF:<\/strong><\/p>\n<ul>\n<li>Licenciatura em Ci\u00eancias Biol\u00f3gicas<\/li>\n<li>Licenciatura em Pedagogia<\/li>\n<\/ul>\n<p><strong>Maca\u00e9<\/strong><\/p>\n<p><strong>Local:<\/strong> Polo Cederj<br \/>\n<strong>Endere\u00e7o:<\/strong> Av. Aluizio da Silva Gomes, 50 \u2013 Granja dos Cavaleiros<br \/>\n<strong>Telefone:<\/strong> (22) 2791-1987<br \/>\n<strong>E-mail:<\/strong> polo-macae@cecierj.edu.br<br \/>\n<strong>Cursos UENF:<\/strong><\/p>\n<ul>\n<li>Licenciatura em Ci\u00eancias Biol\u00f3gicas<\/li>\n<\/ul>\n<p><strong>Miracema<\/strong><\/p>\n<p><strong>Local:<\/strong> Polo Cederj<br \/>\n<strong>Endere\u00e7o:<\/strong> Av. Deputado Luiz Fernando Linhares, s\/n \u2013 Centro<br \/>\n<strong>Telefone:<\/strong> (22) 3852-2349<br \/>\n<strong>E-mail:<\/strong> polo-miracema@cecierj.edu.br<br \/>\n<strong>Cursos UENF:<\/strong><\/p>\n<ul>\n<li>Licenciatura em Pedagogia<\/li>\n<\/ul>\n<p><strong>Nova Friburgo<\/strong><\/p>\n<p><strong>Local:<\/strong> CIEP 124 \u2013 Lic\u00ednio Teixeira (Via Expressa)<br \/>\n<strong>Endere\u00e7o:<\/strong> Av. Jos\u00e9 Pires Barroso, s\/n \u2013 Olaria<br \/>\n<strong>Telefone:<\/strong> (22) 2519-2043 \/ (22) 2519-2437<br \/>\n<strong>E-mail:<\/strong> polo-novafriburgo@cecierj.edu.br<br \/>\n<strong>Cursos UENF:<\/strong><\/p>\n<ul>\n<li>Licenciatura em Qu\u00edmica<\/li>\n<\/ul>\n<p><strong>Paracambi<\/strong><\/p>\n<p><strong>Local:<\/strong> Centro Tecnol\u00f3gico Universit\u00e1rio de Paracambi<br \/>\n<strong>Endere\u00e7o:<\/strong> R. Sebasti\u00e3o de Lacerda, s\/n \u2013 F\u00e1brica<br \/>\n<strong>Telefone:<\/strong> (21) 3693-3299<br \/>\n<strong>E-mail:<\/strong> polo-paracambi@cecierj.edu.br<br \/>\n<strong>Cursos UENF:<\/strong><\/p>\n<ul>\n<li>Licenciatura em Qu\u00edmica<\/li>\n<\/ul>\n<p><strong>Petr\u00f3polis<\/strong><\/p>\n<p><strong>Local:<\/strong> Polo Cederj<br \/>\n<strong>Endere\u00e7o:<\/strong> Est. Machado Fagundes, 326 \u2013 Cascatinha<br \/>\n<strong>Telefone:<\/strong> (24) 2246-8680 \/ (24) 2249-6981<br \/>\n<strong>E-mail:<\/strong> polo-petropolis@cecierj.edu.br<br \/>\n<strong>Cursos UENF:<\/strong><\/p>\n<ul>\n<li>Licenciatura em Ci\u00eancias Biol\u00f3gicas<\/li>\n<\/ul>\n<p><strong>Santa Maria Madalena<\/strong><\/p>\n<p><strong>Local:<\/strong> CIEP 273 \u2013 Prof. Graciano Cariello Filho<br \/>\n<strong>Endere\u00e7o:<\/strong> R. On\u00f3rio Dubois, s\/n \u2013 Centro<br \/>\n<strong>Telefone:<\/strong> (22) 2561-3231<br \/>\n<strong>E-mail:<\/strong> polo-santamariamadalena@cecierj.edu.br<br \/>\n<strong>Cursos UENF:<\/strong><\/p>\n<ul>\n<li>Licenciatura em Pedagogia<\/li>\n<\/ul>\n<p><strong>S\u00e3o Fid\u00e9lis<\/strong><\/p>\n<p><strong>Local:<\/strong> CIEP 420 \u2013 Joaquim Maia Brand\u00e3o<br \/>\n<strong>Endere\u00e7o:<\/strong> R. Elysio da Costa Santos, s\/n \u2013 Dirley Perlingeiro de Abreu<br \/>\n<strong>Telefone:<\/strong> (22) 2758-2639<br \/>\n<strong>E-mail:<\/strong> polo-saofidelis@cecierj.edu.br<br \/>\n<strong>Cursos UENF:<\/strong><\/p>\n<ul>\n<li>Licenciatura em Ci\u00eancias Biol\u00f3gicas<\/li>\n<li>Licenciatura em Pedagogia<\/li>\n<li>Licenciatura em Qu\u00edmica<\/li>\n<\/ul>\n<p><strong>S\u00e3o Francisco de Itabapoana<\/strong><\/p>\n<p><strong>Local:<\/strong> CIEP 470 \u2013 Celso Martins Cordeiro<br \/>\n<strong>Endere\u00e7o:<\/strong> R. Ant\u00f4nio Pinheiro Filho, 2 \u2013 Centro<br \/>\n<strong>Telefone:<\/strong> (22) 2789-1530 \/ (22) 2789-1323<br \/>\n<strong>E-mail:<\/strong> polo-saofrancisco@cecierj.edu.br<br \/>\n<strong>Cursos UENF:<\/strong><\/p>\n<ul>\n<li>Licenciatura em Ci\u00eancias Biol\u00f3gicas<\/li>\n<li>Licenciatura em Pedagogia<\/li>\n<li>Licenciatura em Qu\u00edmica<\/li>\n<\/ul>\n<p><strong>S\u00e3o Gon\u00e7alo<\/strong><\/p>\n<p><strong>Local:<\/strong> CIEP 250 \u2013 Rozendo Rica Marcos<br \/>\n<strong>Endere\u00e7o:<\/strong> R. Visconde de Ita\u00fana, s\/n \u2013 Gradim<br \/>\n<strong>Telefone:<\/strong> (21) 4119-4312<br \/>\n<strong>E-mail:<\/strong> polo-saogoncalo@cecierj.edu.br<br \/>\n<strong>Cursos UENF:<\/strong><\/p>\n<ul>\n<li>Licenciatura em Ci\u00eancias Biol\u00f3gicas<\/li>\n<\/ul>\n","protected":false},"excerpt":{"rendered":"<p>Abaixo as Perguntas mais frequentes dos alunos com rela\u00e7\u00e3o a nossa gradua\u00e7\u00e3o EAD, caso sua pergunta n\u00e3o esteja abaixo, envie-nos&#8230;<\/p>\n","protected":false},"author":23,"featured_media":0,"parent":0,"menu_order":6,"comment_status":"closed","ping_status":"closed","template":"","meta":{"footnotes":""},"class_list":["post-1649","page","type-page","status-publish","hentry"],"_links":{"self":[{"href":"https:\/\/uenf.br\/reitoria\/secacad\/wp-json\/wp\/v2\/pages\/1649","targetHints":{"allow":["GET"]}}],"collection":[{"href":"https:\/\/uenf.br\/reitoria\/secacad\/wp-json\/wp\/v2\/pages"}],"about":[{"href":"https:\/\/uenf.br\/reitoria\/secacad\/wp-json\/wp\/v2\/types\/page"}],"author":[{"embeddable":true,"href":"https:\/\/uenf.br\/reitoria\/secacad\/wp-json\/wp\/v2\/users\/23"}],"replies":[{"embeddable":true,"href":"https:\/\/uenf.br\/reitoria\/secacad\/wp-json\/wp\/v2\/comments?post=1649"}],"version-history":[{"count":0,"href":"https:\/\/uenf.br\/reitoria\/secacad\/wp-json\/wp\/v2\/pages\/1649\/revisions"}],"wp:attachment":[{"href":"https:\/\/uenf.br\/reitoria\/secacad\/wp-json\/wp\/v2\/media?parent=1649"}],"curies":[{"name":"wp","href":"https:\/\/api.w.org\/{rel}","templated":true}]}}