{"id":26,"date":"2012-07-31T18:59:51","date_gmt":"2012-07-31T18:59:51","guid":{"rendered":"http:\/\/uenf.br\/reitoria\/secacad\/?page_id=26"},"modified":"2026-01-19T19:35:18","modified_gmt":"2026-01-19T19:35:18","slug":"calendario-academico","status":"publish","type":"page","link":"https:\/\/uenf.br\/reitoria\/secacad\/apresentacao\/calendario-academico\/","title":{"rendered":"Calend\u00e1rio Acad\u00eamico"},"content":{"rendered":"<h1><span style=\"color: #008000\"><em><strong>2026<\/strong><\/em><\/span><\/h1>\n<h2><span style=\"color: #000000\"><strong>&#8211; GRADUA\u00c7\u00c3O<\/strong><\/span><\/h2>\n<p style=\"padding-left: 80px\"><span style=\"color: #000000\"><a style=\"color: #000000\" href=\"https:\/\/uenf.br\/graduacao\/calendario-academico\/\"><strong>Calend\u00e1rio Acad\u00eamico<\/strong><\/a><\/span><\/p>\n<h1>_____________________________________________________<\/h1>\n<h1><span style=\"color: #ff0000\"><em><strong>2025<\/strong><\/em><\/span><\/h1>\n<h2><span style=\"color: #000000\"><strong>&#8211; GRADUA\u00c7\u00c3O<\/strong><\/span><\/h2>\n<p style=\"padding-left: 80px\"><span style=\"color: #000000\"><strong><a style=\"color: #000000\" href=\"https:\/\/uenf.br\/reitoria\/secacad\/files\/2025\/02\/CalendarioAcademico2025.pdf\">Calend\u00e1rio Acad\u00eamico<\/a><\/strong><\/span><\/p>\n<h2><span style=\"color: #000000\">&#8211; P\u00d3S-GRADUA\u00c7\u00c3O<\/span><\/h2>\n<p style=\"padding-left: 80px\"><span style=\"color: #000000\"><strong><a style=\"color: #000000\" href=\"https:\/\/uenf.br\/reitoria\/secacad\/files\/2025\/02\/CalendarioAcademicoPROPPG_atualizado.pdf\">Calend\u00e1rio Acad\u00eamico<\/a><\/strong><\/span><\/p>\n<h1><\/h1>\n<hr \/>\n<h1><span style=\"color: #ff0000\"><em><strong>2024<\/strong><\/em><\/span><\/h1>\n<h2><span style=\"color: #000000\"><strong>&#8211; GRADUA\u00c7\u00c3O<\/strong><\/span><\/h2>\n<p><span style=\"color: #000000\"><a style=\"color: #000000\" href=\"https:\/\/uenf.br\/reitoria\/secacad\/files\/2024\/06\/Calendario_Academico_Graduacao_2024_1Retificado-1.pdf\" target=\"_blank\" rel=\"noopener\">Calend\u00e1rio Acad\u00eamico Gradua\u00e7\u00e3o &#8220;2024 &#8211; 1\u00ba Semestre&#8221;<\/a><\/span><\/p>\n<p><span style=\"color: #000000\"> <a style=\"color: #000000\" href=\"https:\/\/uenf.br\/reitoria\/secacad\/files\/2024\/06\/CalendarioAcademicoGraduacao2024_2.pdf\" target=\"_blank\" rel=\"noopener\">Calend\u00e1rio Acad\u00eamico Gradua\u00e7\u00e3o &#8220;2024- 2\u00ba Semestre&#8221;<\/a><\/span><\/p>\n<h2><span style=\"color: #000000\">&#8211; P\u00d3S-GRADUA\u00c7\u00c3O<\/span><\/h2>\n<p><span style=\"color: #000000\"><a style=\"color: #000000\" href=\"https:\/\/uenf.br\/posgraduacao\/wp-content\/uploads\/2024\/02\/Calendario_Academico___2024_1___Aprovado_pela_CPPG_e_COLAC_atualizado-corrigido-colac-05-02-2024.pdf\">Calend\u00e1rio Acad\u00eamico &#8220;2024 \u2013 1\u00ba Semestre&#8221;<\/a><\/span><\/p>\n<p><span style=\"color: #000000\"><a style=\"color: #000000\" href=\"https:\/\/uenf.br\/posgraduacao\/wp-content\/uploads\/2024\/05\/CALENDARIO_ACADEMICO_DA_POS_aprovada_CPPG_25_04_2024-1.pdf\">Calend\u00e1rio Acad\u00eamico &#8220;2024 \u2013 2\u00ba Semestre&#8221;<\/a><\/span><\/p>\n","protected":false},"excerpt":{"rendered":"<p>2026 &#8211; GRADUA\u00c7\u00c3O Calend\u00e1rio Acad\u00eamico _____________________________________________________ 2025 &#8211; GRADUA\u00c7\u00c3O Calend\u00e1rio Acad\u00eamico &#8211; P\u00d3S-GRADUA\u00c7\u00c3O Calend\u00e1rio Acad\u00eamico 2024 &#8211; GRADUA\u00c7\u00c3O Calend\u00e1rio Acad\u00eamico&#8230;<\/p>\n","protected":false},"author":23,"featured_media":0,"parent":113,"menu_order":2,"comment_status":"closed","ping_status":"closed","template":"","meta":{"footnotes":""},"class_list":["post-26","page","type-page","status-publish","hentry"],"_links":{"self":[{"href":"https:\/\/uenf.br\/reitoria\/secacad\/wp-json\/wp\/v2\/pages\/26","targetHints":{"allow":["GET"]}}],"collection":[{"href":"https:\/\/uenf.br\/reitoria\/secacad\/wp-json\/wp\/v2\/pages"}],"about":[{"href":"https:\/\/uenf.br\/reitoria\/secacad\/wp-json\/wp\/v2\/types\/page"}],"author":[{"embeddable":true,"href":"https:\/\/uenf.br\/reitoria\/secacad\/wp-json\/wp\/v2\/users\/23"}],"replies":[{"embeddable":true,"href":"https:\/\/uenf.br\/reitoria\/secacad\/wp-json\/wp\/v2\/comments?post=26"}],"version-history":[{"count":0,"href":"https:\/\/uenf.br\/reitoria\/secacad\/wp-json\/wp\/v2\/pages\/26\/revisions"}],"up":[{"embeddable":true,"href":"https:\/\/uenf.br\/reitoria\/secacad\/wp-json\/wp\/v2\/pages\/113"}],"wp:attachment":[{"href":"https:\/\/uenf.br\/reitoria\/secacad\/wp-json\/wp\/v2\/media?parent=26"}],"curies":[{"name":"wp","href":"https:\/\/api.w.org\/{rel}","templated":true}]}}