{"id":36,"date":"2012-07-31T19:13:58","date_gmt":"2012-07-31T19:13:58","guid":{"rendered":"http:\/\/uenf.br\/reitoria\/secacad\/?page_id=36"},"modified":"2026-01-19T19:28:59","modified_gmt":"2026-01-19T19:28:59","slug":"preenchimento-da-ata-de-resultados","status":"publish","type":"page","link":"https:\/\/uenf.br\/reitoria\/secacad\/apresentacao\/preenchimento-da-ata-de-resultados\/","title":{"rendered":"Sistema Acad\u00eamico &#8211; Lan\u00e7amento de notas\/frequ\u00eancia"},"content":{"rendered":"<div id=\"materiaPrincipal\">\n<p><strong>GRADUA\u00c7\u00c3O<\/strong><\/p>\n<p>&nbsp;<\/p>\n<p>&#8211; os campos s\u00e3o num\u00e9ricos; n\u00e3o podem ficar em branco, conter letras ou tra\u00e7os;<\/p>\n<p>&#8211; a nota deve ser registrada com apenas uma casa decimal;<\/p>\n<p>&#8211; a frequ\u00eancia deve ser registrada em n\u00famero de faltas por hora\/aula (o sistema acad\u00eamico calcula, automaticamente, a frequ\u00eancia dos alunos em percentagem);<\/p>\n<p>&#8211; para o aluno infrequente deve ser registrado o n\u00famero total de faltas na disciplina;<br \/>\n&#8211; para aluno que n\u00e3o fez prova deve constar registro de nota 0 (zero);<\/p>\n<p>&#8211; na aus\u00eancia do nome de algum aluno, a coordena\u00e7\u00e3o do curso dever\u00e1 enviar CI \u00e0 Secretaria Acad\u00eamica, atrav\u00e9s de processo SEI, solicitando a inscri\u00e7\u00e3o do aluno na disciplina &#8211; se dentro do per\u00edodo letivo vigente;<\/p>\n<p>&#8211; caso o nome do professor esteja incorreto ou em branco, a chefia do laborat\u00f3rio dever\u00e1\u00a0 enviar CI \u00e0 Secretaria Acad\u00eamica, atrav\u00e9s de processo SEI, solicitando a inclus\u00e3o, informando nome completo, ID e carga hor\u00e1ria respectiva &#8211; caso haja mais de um professor na turma;<\/p>\n<p>&#8211; a turma deve ser encerrada pelo coordenador da disciplina\/turma, respeitando os prazos estabelecidos no calend\u00e1rio acad\u00eamico;<\/p>\n<p>&#8211; n\u00e3o h\u00e1 necessidade do envio de Atas de Resultado \u00e0 Secretaria Acad\u00eamica.<\/p>\n<p>&nbsp;<\/p>\n<p><strong>P\u00d3S-GRADUA\u00c7\u00c3O <\/strong><\/p>\n<p style=\"padding-left: 30px\">&#8211; os campos de conceitos <span style=\"text-decoration: underline\">n\u00e3o s\u00e3o num\u00e9ricos<\/span>; n\u00e3o podem ficar em branco ou conter tra\u00e7os;<br \/>\n&#8211; o aluno que n\u00e3o frequentou deve ser reprovado;<br \/>\n&#8211; na aus\u00eancia do nome de algum aluno, favor entrar em contato com a Secretaria Acad\u00eamica;<br \/>\n&#8211; ata deve ser assinada (favor n\u00e3o rubricar) e carimbada pelo professor respons\u00e1vel e coordenador da disciplina\/turma (a Secretaria Acad\u00eamica encaderna as atas, que podem ser consultadas a qualquer momento pelas comiss\u00f5es do CEE e MEC);<br \/>\n&#8211; caso o nome do professor esteja incorreto ou em branco, favor entrar em contato com a Secretaria Acad\u00eamica no ramal 86002 ou encaminhar e-mail para\u00a0<a href=\"mailto:secretariaacademica@uenf.br\">secretariaacademica@uenf.br.<\/a><\/p>\n<\/div>\n<p>&nbsp;<\/p>\n<p>&nbsp;<\/p>\n","protected":false},"excerpt":{"rendered":"<p>GRADUA\u00c7\u00c3O &nbsp; &#8211; os campos s\u00e3o num\u00e9ricos; n\u00e3o podem ficar em branco, conter letras ou tra\u00e7os; &#8211; a nota deve&#8230;<\/p>\n","protected":false},"author":23,"featured_media":0,"parent":113,"menu_order":4,"comment_status":"closed","ping_status":"closed","template":"","meta":{"footnotes":""},"class_list":["post-36","page","type-page","status-publish","hentry"],"_links":{"self":[{"href":"https:\/\/uenf.br\/reitoria\/secacad\/wp-json\/wp\/v2\/pages\/36","targetHints":{"allow":["GET"]}}],"collection":[{"href":"https:\/\/uenf.br\/reitoria\/secacad\/wp-json\/wp\/v2\/pages"}],"about":[{"href":"https:\/\/uenf.br\/reitoria\/secacad\/wp-json\/wp\/v2\/types\/page"}],"author":[{"embeddable":true,"href":"https:\/\/uenf.br\/reitoria\/secacad\/wp-json\/wp\/v2\/users\/23"}],"replies":[{"embeddable":true,"href":"https:\/\/uenf.br\/reitoria\/secacad\/wp-json\/wp\/v2\/comments?post=36"}],"version-history":[{"count":0,"href":"https:\/\/uenf.br\/reitoria\/secacad\/wp-json\/wp\/v2\/pages\/36\/revisions"}],"up":[{"embeddable":true,"href":"https:\/\/uenf.br\/reitoria\/secacad\/wp-json\/wp\/v2\/pages\/113"}],"wp:attachment":[{"href":"https:\/\/uenf.br\/reitoria\/secacad\/wp-json\/wp\/v2\/media?parent=36"}],"curies":[{"name":"wp","href":"https:\/\/api.w.org\/{rel}","templated":true}]}}