{"id":75,"date":"2012-08-01T12:00:09","date_gmt":"2012-08-01T12:00:09","guid":{"rendered":"http:\/\/uenf.br\/reitoria\/secacad\/?page_id=75"},"modified":"2025-06-29T21:44:20","modified_gmt":"2025-06-29T21:44:20","slug":"pos-graduacao","status":"publish","type":"page","link":"https:\/\/uenf.br\/reitoria\/secacad\/pos-graduacao\/","title":{"rendered":"P\u00f3s-Gradua\u00e7\u00e3o"},"content":{"rendered":"<h1 id=\"tituloPrincipal\"><strong>Programas<\/strong><\/h1>\n<p>Bioci\u00eancias e Biotecnologia<br \/>\nCi\u00eancia Animal<br \/>\nCi\u00eancias Naturais<br \/>\nCogni\u00e7\u00e3o e Linguagem<br \/>\nEcologia e Recursos Naturais<br \/>\nEngenharia Civil<br \/>\nEngenharia de Produ\u00e7\u00e3o<br \/>\nEngenharia de Reservat\u00f3rio e de Explora\u00e7\u00e3o<br \/>\nEngenharia e Ci\u00eancia dos Materiais<br \/>\nGen\u00e9tica e Melhoramento de Plantas<br \/>\nPol\u00edticas Sociais<br \/>\nProdu\u00e7\u00e3o Vegetal<br \/>\nSociologia Pol\u00edtica<\/p>\n<p><a href=\"https:\/\/uenf.br\/reitoria\/secacad\/files\/2025\/06\/Normas_de_Pos_Graduacao_Strictu_Senso_ebook.pdf\" target=\"_blank\" rel=\"noopener\">NORMAS GERAIS DE P\u00d3S-GRADUA\u00c7\u00c3O STRICTU SENSU DA UENF &#8211; DOERJ em 25\/02\/2025 <\/a>\u00a0<a href=\"http:\/\/uenf.br\/posgraduacao\/engenharia-de-materiais\/wp-content\/uploads\/sites\/2\/2025\/03\/25_02_25_p31_a_35_Resolucao_COLAC_no_43_2025_dispoe_sobre_normas_gerais_de_pos_graduacao_strictu_sensu_da_UENF.pdf\" target=\"_blank\" rel=\"noopener\">Vers\u00e3o publicada no Di\u00e1rio Oficial<\/a><\/p>\n<h5><del><a href=\"http:\/\/uenf.br\/reitoria\/secacad\/files\/2012\/08\/REGIMENTO-GERAL-DA-P\u00d3S-GRADUA\u00c7\u00c3O-RESOLU\u00c7\u00c3O-CONSUNI-N\u00ba-02-DE-25.02.2011-PUBLICADA-DOERJ-DE-08.09.2011.pdf\" rel=\"\">REGIMENTO GERAL DA P\u00d3S-GRADUA\u00c7\u00c3O (Revogado pela Resolu\u00e7\u00e3o COLAC n\u00b0 43 de 20 de fevereiro de 2025)<\/a><\/del><\/h5>\n","protected":false},"excerpt":{"rendered":"<p>Programas Bioci\u00eancias e Biotecnologia Ci\u00eancia Animal Ci\u00eancias Naturais Cogni\u00e7\u00e3o e Linguagem Ecologia e Recursos Naturais Engenharia Civil Engenharia de Produ\u00e7\u00e3o&#8230;<\/p>\n","protected":false},"author":23,"featured_media":0,"parent":0,"menu_order":3,"comment_status":"closed","ping_status":"open","template":"","meta":{"footnotes":""},"class_list":["post-75","page","type-page","status-publish","hentry"],"_links":{"self":[{"href":"https:\/\/uenf.br\/reitoria\/secacad\/wp-json\/wp\/v2\/pages\/75","targetHints":{"allow":["GET"]}}],"collection":[{"href":"https:\/\/uenf.br\/reitoria\/secacad\/wp-json\/wp\/v2\/pages"}],"about":[{"href":"https:\/\/uenf.br\/reitoria\/secacad\/wp-json\/wp\/v2\/types\/page"}],"author":[{"embeddable":true,"href":"https:\/\/uenf.br\/reitoria\/secacad\/wp-json\/wp\/v2\/users\/23"}],"replies":[{"embeddable":true,"href":"https:\/\/uenf.br\/reitoria\/secacad\/wp-json\/wp\/v2\/comments?post=75"}],"version-history":[{"count":0,"href":"https:\/\/uenf.br\/reitoria\/secacad\/wp-json\/wp\/v2\/pages\/75\/revisions"}],"wp:attachment":[{"href":"https:\/\/uenf.br\/reitoria\/secacad\/wp-json\/wp\/v2\/media?parent=75"}],"curies":[{"name":"wp","href":"https:\/\/api.w.org\/{rel}","templated":true}]}}