{"id":77,"date":"2012-08-01T12:02:12","date_gmt":"2012-08-01T12:02:12","guid":{"rendered":"http:\/\/uenf.br\/reitoria\/secacad\/?page_id=77"},"modified":"2026-01-19T19:53:59","modified_gmt":"2026-01-19T19:53:59","slug":"colacao-de-grau-formandos","status":"publish","type":"page","link":"https:\/\/uenf.br\/reitoria\/secacad\/graduacao\/colacao-de-grau-formandos\/","title":{"rendered":"Cola\u00e7\u00e3o de Grau &amp; Formandos"},"content":{"rendered":"<div id=\"materiaPrincipal\">\n<p><strong>PROCEDIMENTOS PARA PROV\u00c1VEIS FORMANDOS<\/strong><\/p>\n<div>&#8211; Aluno cumpre a matriz curricular, carga-hor\u00e1ria do curso e demais exig\u00eancias acad\u00eamicas;<\/div>\n<div><\/div>\n<div>&#8211; SECACAD recebe as Atas de Defesa das coordena\u00e7\u00f5es de curso e verifica o cumprimento das exig\u00eancias acad\u00eamicas;<\/div>\n<div><\/div>\n<div>&#8211; SECACAD d\u00e1 a conclus\u00e3o de curso, o que habilita ao aluno o requerimento de Cola\u00e7\u00e3o de Grau no sistema acad\u00eamico (prazo divulgado no Calend\u00e1rio Acad\u00eamico);<\/div>\n<div><\/div>\n<div>&#8211; SECACAD recebe, atrav\u00e9s do sistema acad\u00eamico, o requerimento de Cola\u00e7\u00e3o de Grau do aluno e, ent\u00e3o\u00a0solicita o Nada Consta aos setores pertinentes;<\/div>\n<div><\/div>\n<\/div>\n<div id=\"materiaPrincipal\">\n<div>&#8211; SECACAD recebe a resposta dos setores e:<\/div>\n<div><\/div>\n<div># <strong>Se o aluno tiver pend\u00eancias<\/strong>, a SECACAD comunica ao aluno para que sejam sanadas;<\/div>\n<div><\/div>\n<div># <strong>Se o aluno n\u00e3o tiver pend\u00eancias<\/strong>, a SECACAD defere o requerimento e o encaminha \u00e0 Pr\u00f3-Reitoria da Gradu\u00e7\u00e3o\u00a0 para homologa\u00e7\u00e3o;<\/div>\n<div><\/div>\n<div>&#8211; O setor respons\u00e1vel pelo cerimonial entra em contato com o aluno para passar as informa\u00e7\u00f5es sobre a Cola\u00e7\u00e3o de Grau.<\/div>\n<p><strong><br \/>\n<\/strong>* Em casos de solicita\u00e7\u00f5es da <span style=\"text-decoration: underline\">antecipa\u00e7\u00e3o da cola\u00e7\u00e3o<\/span> e\/ou <span style=\"text-decoration: underline\">cola\u00e7\u00e3o em separado,<\/span> aluno dever\u00e1 encaminhar e-mail \u00e0 Secretaria Acad\u00eamica, anexando o documento que justifique\/comprove a antecipa\u00e7\u00e3o.<\/p>\n<p>&nbsp;<\/p>\n<\/div>\n","protected":false},"excerpt":{"rendered":"<p>PROCEDIMENTOS PARA PROV\u00c1VEIS FORMANDOS &#8211; Aluno cumpre a matriz curricular, carga-hor\u00e1ria do curso e demais exig\u00eancias acad\u00eamicas; &#8211; SECACAD recebe&#8230;<\/p>\n","protected":false},"author":23,"featured_media":0,"parent":42,"menu_order":10,"comment_status":"closed","ping_status":"open","template":"","meta":{"footnotes":""},"class_list":["post-77","page","type-page","status-publish","hentry"],"_links":{"self":[{"href":"https:\/\/uenf.br\/reitoria\/secacad\/wp-json\/wp\/v2\/pages\/77","targetHints":{"allow":["GET"]}}],"collection":[{"href":"https:\/\/uenf.br\/reitoria\/secacad\/wp-json\/wp\/v2\/pages"}],"about":[{"href":"https:\/\/uenf.br\/reitoria\/secacad\/wp-json\/wp\/v2\/types\/page"}],"author":[{"embeddable":true,"href":"https:\/\/uenf.br\/reitoria\/secacad\/wp-json\/wp\/v2\/users\/23"}],"replies":[{"embeddable":true,"href":"https:\/\/uenf.br\/reitoria\/secacad\/wp-json\/wp\/v2\/comments?post=77"}],"version-history":[{"count":0,"href":"https:\/\/uenf.br\/reitoria\/secacad\/wp-json\/wp\/v2\/pages\/77\/revisions"}],"up":[{"embeddable":true,"href":"https:\/\/uenf.br\/reitoria\/secacad\/wp-json\/wp\/v2\/pages\/42"}],"wp:attachment":[{"href":"https:\/\/uenf.br\/reitoria\/secacad\/wp-json\/wp\/v2\/media?parent=77"}],"curies":[{"name":"wp","href":"https:\/\/api.w.org\/{rel}","templated":true}]}}