{"id":140,"date":"2010-10-01T18:49:00","date_gmt":"2010-10-01T18:49:00","guid":{"rendered":"http:\/\/uenf.br\/portal\/transparencia\/"},"modified":"2021-04-27T16:38:32","modified_gmt":"2021-04-27T19:38:32","slug":"orcamento-uenf","status":"publish","type":"page","link":"https:\/\/uenf.br\/reitoria\/transparencia\/orcamento-uenf\/","title":{"rendered":"Or\u00e7amento UENF"},"content":{"rendered":"<p>Esta se\u00e7\u00e3o apresenta o Or\u00e7amento da UENF para o ano em curso e a forma como o or\u00e7amento vai sendo executado, \u00e0 medida que os meses v\u00e3o se sucedendo.<\/p>\n<p>Tamb\u00e9m s\u00e3o aqui publicados os dados referentes \u00e0 execu\u00e7\u00e3o or\u00e7ament\u00e1ria de anos anteriores.<\/p>\n<ul>\n<li><a href=\"http:\/\/uenf.br\/reitoria\/transparencia\/files\/2010\/10\/LOA-2017-CONSUNI-SEPLAG.pdf\" target=\"_blank\" rel=\"noopener noreferrer\">Quadro de Detalhamento da Proposta Or\u00e7ament\u00e1ria da UENF para o exerc\u00edcio de 2017 &#8211; LOA 2017, aprovado no CONSUNI e o enviado a SEPLAG.<\/a><\/li>\n<li><a href=\"http:\/\/uenf.br\/reitoria\/transparencia\/files\/2010\/10\/4045-UENF-QDD-2016.pdf\">Or\u00e7amento UENF Aprovado para 2016<\/a><\/li>\n<\/ul>\n<p><strong>Anos anteriores (or\u00e7amentos efetivamente executados)<br \/>\n<\/strong><\/p>\n<ul>\n<li><a href=\"http:\/\/uenf.br\/reitoria\/transparencia\/files\/2010\/10\/31-12-2015-documento-para-o-relatorio-Gestao-da-reitoria-do-exercicio-de-2015.pdf\">Execu\u00e7\u00e3o Or\u00e7ament\u00e1ria 2015<\/a><\/li>\n<li><a href=\"http:\/\/uenf.br\/reitoria\/transparencia\/files\/2010\/10\/01-04-2014-Relatorio-Geral-para-DGA-do-exercicio-de-2014.pdf\">Execu\u00e7\u00e3o Or\u00e7ament\u00e1ria 2014<\/a><\/li>\n<li><a href=\"http:\/\/uenf.br\/reitoria\/transparencia\/files\/2010\/10\/30-04-2014-Relatorio-final-de-execucao-orc.-do-exercicio-de-2013.pdf\">Execu\u00e7\u00e3o Or\u00e7ament\u00e1ria 2013<\/a><\/li>\n<li><a href=\"http:\/\/uenf.br\/reitoria\/transparencia\/files\/2010\/10\/05-02-2013-Relatorio-Geral-para-DGA-do-exercicio-de-2012.pdf\">Execu\u00e7\u00e3o Or\u00e7ament\u00e1ria 2012<\/a><\/li>\n<li><a href=\"http:\/\/uenf.br\/reitoria\/transparencia\/files\/2010\/10\/Execucao-Orcamentaria-2011.pdf\">Execu\u00e7\u00e3o Or\u00e7ament\u00e1ria 2011<\/a><\/li>\n<li><a href=\"http:\/\/uenf.br\/reitoria\/transparencia\/files\/2010\/10\/TRANSPARENCIA-EXECUCAO-0RCAMENTARIA-20101.pdf\">Execu\u00e7\u00e3o or\u00e7ament\u00e1ria 2010<\/a><\/li>\n<li><a href=\"http:\/\/uenf.br\/reitoria\/transparencia\/files\/2010\/10\/dem.-ex-or%C3%A7-2009.pdf\">Execu\u00e7\u00e3o or\u00e7ament\u00e1ria 2009<\/a><\/li>\n<li><a href=\"http:\/\/uenf.br\/reitoria\/transparencia\/files\/2010\/10\/dem.-ex-or%C3%A7-2008.pdf\">Execu\u00e7\u00e3o or\u00e7ament\u00e1ria 2008<\/a><\/li>\n<li><a href=\"http:\/\/uenf.br\/reitoria\/transparencia\/files\/2010\/10\/dem.-ex-or%C3%A7-2007.pdf\">Execu\u00e7\u00e3o or\u00e7ament\u00e1ria 2007<\/a><\/li>\n<\/ul>\n","protected":false},"excerpt":{"rendered":"<p>Esta se\u00e7\u00e3o apresenta o Or\u00e7amento da UENF para o ano em curso e a forma como o or\u00e7amento vai sendo&#8230;<\/p>\n","protected":false},"author":47,"featured_media":0,"parent":0,"menu_order":4,"comment_status":"closed","ping_status":"closed","template":"","meta":{"footnotes":""},"class_list":["post-140","page","type-page","status-publish","hentry"],"_links":{"self":[{"href":"https:\/\/uenf.br\/reitoria\/transparencia\/wp-json\/wp\/v2\/pages\/140","targetHints":{"allow":["GET"]}}],"collection":[{"href":"https:\/\/uenf.br\/reitoria\/transparencia\/wp-json\/wp\/v2\/pages"}],"about":[{"href":"https:\/\/uenf.br\/reitoria\/transparencia\/wp-json\/wp\/v2\/types\/page"}],"author":[{"embeddable":true,"href":"https:\/\/uenf.br\/reitoria\/transparencia\/wp-json\/wp\/v2\/users\/47"}],"replies":[{"embeddable":true,"href":"https:\/\/uenf.br\/reitoria\/transparencia\/wp-json\/wp\/v2\/comments?post=140"}],"version-history":[{"count":0,"href":"https:\/\/uenf.br\/reitoria\/transparencia\/wp-json\/wp\/v2\/pages\/140\/revisions"}],"wp:attachment":[{"href":"https:\/\/uenf.br\/reitoria\/transparencia\/wp-json\/wp\/v2\/media?parent=140"}],"curies":[{"name":"wp","href":"https:\/\/api.w.org\/{rel}","templated":true}]}}