{"id":28,"date":"2010-09-29T15:11:02","date_gmt":"2010-09-29T15:11:02","guid":{"rendered":"http:\/\/uenf.br\/portal\/transparencia\/"},"modified":"2021-04-27T16:16:47","modified_gmt":"2021-04-27T19:16:47","slug":"apresentacao-2","status":"publish","type":"page","link":"https:\/\/uenf.br\/reitoria\/transparencia\/","title":{"rendered":"Apresenta\u00e7\u00e3o"},"content":{"rendered":"<p style=\"text-align: justify\">O Portal da Transpar\u00eancia da Universidade Estadual do Norte Fluminense Darcy Ribeiro (UENF)\u00a0 tem por objetivo contribuir para a aplica\u00e7\u00e3o da Lei n\u00ba 12.527, de 18\/11\/2011, que assegura a todos os cidad\u00e3os o pleno acesso \u00e0s\u00a0 informa\u00e7\u00f5es contidas nos \u00f3rg\u00e3os p\u00fablicos.<\/p>\n<p style=\"text-align: justify\">No Portal estar\u00e3o disponibilizadas informa\u00e7\u00f5es pertinentes \u00e0 administra\u00e7\u00e3o da Universidade, tais como: aplica\u00e7\u00e3o de recursos, atas de reuni\u00f5es, decis\u00f5es dos \u00f3rg\u00e3os colegiados, entre outras.<\/p>\n<p style=\"text-align: justify\">A Lei de Acesso \u00e0 Informa\u00e7\u00e3o estabelece que todos os \u00f3rg\u00e3os p\u00fablicos devem divulgar em seus s\u00edtios eletr\u00f4nicos, de forma proativa,\u00a0 uma s\u00e9rie de informa\u00e7\u00f5es relativas \u00e0 sua administra\u00e7\u00e3o. Al\u00e9m disso, devem estar preparados para receber solicita\u00e7\u00f5es de acesso a informa\u00e7\u00f5es por meio dos Servi\u00e7os de Informa\u00e7\u00f5es ao Cidad\u00e3o (SICs).<\/p>\n<p style=\"text-align: justify\">Para saber mais, acesse a <a title=\"Lei 2.527\/2011, sobre acesso a informa\u00e7\u00e3o\" href=\"http:\/\/www.planalto.gov.br\/ccivil_03\/_ato2011-2014\/2011\/lei\/l12527.htm\" target=\"_blank\" rel=\"noopener noreferrer\">Lei de Acesso \u00e0 Informa\u00e7\u00e3o<\/a>, que entrou em vigor em 16\/05\/2012.<\/p>\n<p style=\"text-align: justify\">\n","protected":false},"excerpt":{"rendered":"<p>O Portal da Transpar\u00eancia da Universidade Estadual do Norte Fluminense Darcy Ribeiro (UENF)\u00a0 tem por objetivo contribuir para a aplica\u00e7\u00e3o&#8230;<\/p>\n","protected":false},"author":47,"featured_media":0,"parent":0,"menu_order":0,"comment_status":"closed","ping_status":"open","template":"","meta":{"footnotes":""},"class_list":["post-28","page","type-page","status-publish","hentry"],"_links":{"self":[{"href":"https:\/\/uenf.br\/reitoria\/transparencia\/wp-json\/wp\/v2\/pages\/28","targetHints":{"allow":["GET"]}}],"collection":[{"href":"https:\/\/uenf.br\/reitoria\/transparencia\/wp-json\/wp\/v2\/pages"}],"about":[{"href":"https:\/\/uenf.br\/reitoria\/transparencia\/wp-json\/wp\/v2\/types\/page"}],"author":[{"embeddable":true,"href":"https:\/\/uenf.br\/reitoria\/transparencia\/wp-json\/wp\/v2\/users\/47"}],"replies":[{"embeddable":true,"href":"https:\/\/uenf.br\/reitoria\/transparencia\/wp-json\/wp\/v2\/comments?post=28"}],"version-history":[{"count":0,"href":"https:\/\/uenf.br\/reitoria\/transparencia\/wp-json\/wp\/v2\/pages\/28\/revisions"}],"wp:attachment":[{"href":"https:\/\/uenf.br\/reitoria\/transparencia\/wp-json\/wp\/v2\/media?parent=28"}],"curies":[{"name":"wp","href":"https:\/\/api.w.org\/{rel}","templated":true}]}}