{"id":311,"date":"2010-12-09T19:44:43","date_gmt":"2010-12-09T21:44:43","guid":{"rendered":"http:\/\/uenf.br\/portal\/transparencia\/"},"modified":"2021-04-27T16:35:05","modified_gmt":"2021-04-27T19:35:05","slug":"prestacao-de-contas","status":"publish","type":"page","link":"https:\/\/uenf.br\/reitoria\/transparencia\/prestacao-de-contas\/","title":{"rendered":"Presta\u00e7\u00e3o de contas"},"content":{"rendered":"<p>Presta\u00e7\u00e3o de Contas 2017<\/p>\n<ul>\n<li><a href=\"http:\/\/uenf.br\/reitoria\/transparencia\/files\/2018\/09\/2017-Balancete.pdf\" target=\"_blank\" rel=\"noopener noreferrer\">2017-Balancete<\/a><\/li>\n<li><a href=\"http:\/\/uenf.br\/reitoria\/transparencia\/files\/2018\/09\/2017-Balanco-Financeiro.pdf\" target=\"_blank\" rel=\"noopener noreferrer\">2017-Balan\u00e7o Financeiro<\/a><\/li>\n<li><a href=\"http:\/\/uenf.br\/reitoria\/transparencia\/files\/2018\/09\/2017-Balanco-Orcamentario.pdf\" target=\"_blank\" rel=\"noopener noreferrer\">2017-Balan\u00e7o Or\u00e7ament\u00e1rio<\/a><\/li>\n<li><a href=\"http:\/\/uenf.br\/reitoria\/transparencia\/files\/2018\/09\/2017-Balanco-Patrimonial.pdf\" target=\"_blank\" rel=\"noopener noreferrer\">2017-Balan\u00e7o Patrimonial<\/a><\/li>\n<li><a href=\"http:\/\/uenf.br\/reitoria\/transparencia\/files\/2018\/09\/2017-Comparativo-da-Despesa-Autorizada-com-a-Realizada.pdf\" target=\"_blank\" rel=\"noopener noreferrer\">2017-Comparativo da Despesa Autorizada com a Realizada<\/a><\/li>\n<li><a href=\"http:\/\/uenf.br\/reitoria\/transparencia\/files\/2018\/09\/2017-Comparativo-da-Receita-Orcada-com-a-Arrecadada.pdf\" target=\"_blank\" rel=\"noopener noreferrer\">2017-Comparativo da Receita Or\u00e7ada com a Arrecadada<\/a><\/li>\n<li><a href=\"http:\/\/uenf.br\/reitoria\/transparencia\/files\/2018\/09\/2017-Demonstracao-das-Variacoes-Patrimoniais.pdf\" target=\"_blank\" rel=\"noopener noreferrer\">2017-Demonstra\u00e7\u00e3o das Varia\u00e7\u00f5es Patrimoniais<\/a><\/li>\n<li><a href=\"http:\/\/uenf.br\/reitoria\/transparencia\/files\/2018\/09\/2017-Demonstracao-dos-Fluxos-de-Caixa.pdf\" target=\"_blank\" rel=\"noopener noreferrer\">2017-Demonstra\u00e7\u00e3o dos Fluxos de Caixa<\/a><\/li>\n<\/ul>\n<p>Veja aqui os relat\u00f3rios de Gest\u00e3o da UENF:<\/p>\n<ul>\n<li><a href=\"http:\/\/uenf.br\/reitoria\/transparencia\/files\/2010\/12\/RELATORIO-DE-GESTAO-2015.pdf\" target=\"_blank\" rel=\"noopener noreferrer\">Relat\u00f3rio de Gest\u00e3o 2015<\/a><\/li>\n<li><a href=\"http:\/\/uenf.br\/reitoria\/transparencia\/files\/2010\/12\/Relatorio-de-Gestao-UENF-2014.pdf\" target=\"_blank\" rel=\"noopener noreferrer\">Relat\u00f3rio de Gest\u00e3o 2014<\/a><\/li>\n<\/ul>\n<p>Acesse os documentos relativos aos Restos a Pagar:<\/p>\n<ul>\n<li><a href=\"http:\/\/uenf.br\/reitoria\/transparencia\/files\/2018\/02\/RP-2015.pdf\">Restos a pagar 2015<\/a><\/li>\n<li><a href=\"http:\/\/uenf.br\/reitoria\/sic\/files\/2018\/02\/RP-2016.pdf\">Restos a pagar 2016<\/a><\/li>\n<li><a href=\"http:\/\/uenf.br\/reitoria\/transparencia\/files\/2018\/02\/RP-2017.pdf\">Restos a pagar 2017<\/a><\/li>\n<\/ul>\n","protected":false},"excerpt":{"rendered":"<p>Presta\u00e7\u00e3o de Contas 2017 2017-Balancete 2017-Balan\u00e7o Financeiro 2017-Balan\u00e7o Or\u00e7ament\u00e1rio 2017-Balan\u00e7o Patrimonial 2017-Comparativo da Despesa Autorizada com a Realizada 2017-Comparativo da&#8230;<\/p>\n","protected":false},"author":47,"featured_media":0,"parent":0,"menu_order":50,"comment_status":"closed","ping_status":"closed","template":"","meta":{"footnotes":""},"class_list":["post-311","page","type-page","status-publish","hentry"],"_links":{"self":[{"href":"https:\/\/uenf.br\/reitoria\/transparencia\/wp-json\/wp\/v2\/pages\/311","targetHints":{"allow":["GET"]}}],"collection":[{"href":"https:\/\/uenf.br\/reitoria\/transparencia\/wp-json\/wp\/v2\/pages"}],"about":[{"href":"https:\/\/uenf.br\/reitoria\/transparencia\/wp-json\/wp\/v2\/types\/page"}],"author":[{"embeddable":true,"href":"https:\/\/uenf.br\/reitoria\/transparencia\/wp-json\/wp\/v2\/users\/47"}],"replies":[{"embeddable":true,"href":"https:\/\/uenf.br\/reitoria\/transparencia\/wp-json\/wp\/v2\/comments?post=311"}],"version-history":[{"count":0,"href":"https:\/\/uenf.br\/reitoria\/transparencia\/wp-json\/wp\/v2\/pages\/311\/revisions"}],"wp:attachment":[{"href":"https:\/\/uenf.br\/reitoria\/transparencia\/wp-json\/wp\/v2\/media?parent=311"}],"curies":[{"name":"wp","href":"https:\/\/api.w.org\/{rel}","templated":true}]}}