{"id":315,"date":"2010-12-09T20:04:58","date_gmt":"2010-12-09T20:04:58","guid":{"rendered":"http:\/\/uenf.br\/portal\/transparencia\/"},"modified":"2010-12-09T20:04:58","modified_gmt":"2010-12-09T20:04:58","slug":"outras-informacoes","status":"publish","type":"page","link":"https:\/\/uenf.br\/reitoria\/transparencia\/outras-informacoes\/","title":{"rendered":"Outras informa\u00e7\u00f5es"},"content":{"rendered":"<p>Para outras informa\u00e7\u00f5es relevantes sobre a transpar\u00eancia consulte os sites abaixo:<\/p>\n<ol>\n<li><a title=\"Almoxarifado\" href=\"http:\/\/uenf.br\/Uenf\/Pages\/Reitoria\/Dga\/Almoxarifado\/\" target=\"_blank\" rel=\"noopener noreferrer\">Almoxarifado<\/a><\/li>\n<li><a title=\"ASCONT\" href=\"http:\/\/uenf.br\/Uenf\/Pages\/Reitoria\/Dga\/Ascont\/\" target=\"_blank\" rel=\"noopener noreferrer\">ASCONT &#8211; Assessoria de Contabilidade<\/a><\/li>\n<li><a title=\"GCOM\" href=\"http:\/\/uenf.br\/Uenf\/Pages\/Reitoria\/Dga\/Gcom\/\" target=\"_blank\" rel=\"noopener noreferrer\">GCOM &#8211; Ger\u00eancia de Compras<\/a><\/li>\n<li><a title=\"GPAT\" href=\"http:\/\/uenf.br\/Uenf\/Pages\/Reitoria\/Dga\/Gpat\/\" target=\"_blank\" rel=\"noopener noreferrer\">GPAT &#8211; Ger\u00eancia de Patrim\u00f4nio<\/a><\/li>\n<li><a title=\"GRH\" href=\"http:\/\/uenf.br\/Uenf\/Pages\/Reitoria\/Dga\/Grh\/\" target=\"_blank\" rel=\"noopener noreferrer\">GRH &#8211; Ger\u00eancia de Recursos Humanos<\/a><\/li>\n<\/ol>\n","protected":false},"excerpt":{"rendered":"<p>Para outras informa\u00e7\u00f5es relevantes sobre a transpar\u00eancia consulte os sites abaixo: Almoxarifado ASCONT &#8211; Assessoria de Contabilidade GCOM &#8211; Ger\u00eancia&#8230;<\/p>\n","protected":false},"author":47,"featured_media":0,"parent":0,"menu_order":52,"comment_status":"closed","ping_status":"open","template":"","meta":{"footnotes":""},"class_list":["post-315","page","type-page","status-publish","hentry"],"_links":{"self":[{"href":"https:\/\/uenf.br\/reitoria\/transparencia\/wp-json\/wp\/v2\/pages\/315","targetHints":{"allow":["GET"]}}],"collection":[{"href":"https:\/\/uenf.br\/reitoria\/transparencia\/wp-json\/wp\/v2\/pages"}],"about":[{"href":"https:\/\/uenf.br\/reitoria\/transparencia\/wp-json\/wp\/v2\/types\/page"}],"author":[{"embeddable":true,"href":"https:\/\/uenf.br\/reitoria\/transparencia\/wp-json\/wp\/v2\/users\/47"}],"replies":[{"embeddable":true,"href":"https:\/\/uenf.br\/reitoria\/transparencia\/wp-json\/wp\/v2\/comments?post=315"}],"version-history":[{"count":0,"href":"https:\/\/uenf.br\/reitoria\/transparencia\/wp-json\/wp\/v2\/pages\/315\/revisions"}],"wp:attachment":[{"href":"https:\/\/uenf.br\/reitoria\/transparencia\/wp-json\/wp\/v2\/media?parent=315"}],"curies":[{"name":"wp","href":"https:\/\/api.w.org\/{rel}","templated":true}]}}