{"id":3183,"date":"2021-02-24T13:51:42","date_gmt":"2021-02-24T16:51:42","guid":{"rendered":"https:\/\/uenf.br\/reitoria\/transparencia\/?page_id=3183"},"modified":"2025-06-25T10:15:04","modified_gmt":"2025-06-25T13:15:04","slug":"5-convenios-e-transferencias","status":"publish","type":"page","link":"https:\/\/uenf.br\/reitoria\/transparencia\/5-convenios-e-transferencias\/","title":{"rendered":"05. Conv\u00eanios e Transfer\u00eancias"},"content":{"rendered":"<h2 style=\"text-align: left\"><span style=\"color: #000000\">Conv\u00eanios de Receitas<\/span><\/h2>\n<p style=\"text-align: left;padding-left: 40px\"><a href=\"http:\/\/www.transferenciasabertas.planejamento.gov.br\"><span style=\"color: #000000\">Plataforma +Brasil<\/span><\/a><\/p>\n<h2 style=\"text-align: left\"><span style=\"color: #000000\">Conv\u00eanios de Despesas<\/span><\/h2>\n<p style=\"text-align: left;padding-left: 40px\"><a href=\"http:\/\/www.converj.rj.gov.br\"><span style=\"color: #000000\">ConvERJ<\/span><\/a><\/p>\n<h2 style=\"text-align: left\"><span style=\"color: #000000\">Acordos n\u00e3o financeiros<\/span><\/h2>\n<ul>\n<li><a href=\"https:\/\/uenf.br\/reitoria\/transparencia\/files\/2025\/06\/Convenios-e-Acordos-de-Cooperacao-Sem-Repasse-Financeiro.pdf\" target=\"_blank\" rel=\"noopener\">Conv\u00eanios e Acordos de Coopera\u00e7\u00e3o Sem Repasse Financeiro (PDF)<\/a><\/li>\n<li><a href=\"https:\/\/uenf.br\/reitoria\/transparencia\/files\/2025\/06\/Convenios-e-Acordos-de-Cooperacao-Sem-Repasse-Financeiro.xlsx\" target=\"_blank\" rel=\"noopener\">Conv\u00eanios e Acordos de Coopera\u00e7\u00e3o Sem Repasse Financeiro (XLS)<\/a><\/li>\n<li><a href=\"https:\/\/drive.google.com\/file\/d\/1tg7oU-Ort1OJyW0j1WLXzRp-gYpeV_Am\/view?usp=sharing\" target=\"_blank\" rel=\"noopener\">Conv\u00eanios e Acordos de Coopera\u00e7\u00e3o Sem Repasse Financeiro (CSV)<\/a><\/li>\n<\/ul>\n<h2>Conv\u00eanios, contratos e outros instrumentos celebrados pela UENF com diversas institui\u00e7\u00f5es ou organiza\u00e7\u00f5es, inclusive de outros pa\u00edses.<\/h2>\n<ul style=\"text-align: left\">\n<li><strong>2019<\/strong>\n<ul>\n<li><a href=\"http:\/\/uenf.br\/reitoria\/transparencia\/files\/2019\/06\/Prestac\u0327a\u0303o-de-Contas-de-Conve\u0302nios-1o-quadrimestre-2019.jun19.pdf\" target=\"_blank\" rel=\"noopener noreferrer\">Conv\u00eanios celebrados &#8211; janeiro a abril de 2019<\/a><\/li>\n<\/ul>\n<\/li>\n<li><strong>2018<\/strong>\n<ul>\n<li><a href=\"http:\/\/uenf.br\/reitoria\/transparencia\/files\/2019\/05\/Prestacao-de-Contas-de-Convenios-3o-quadrimestre-2018.FEV19.doc\" target=\"_blank\" rel=\"noopener noreferrer\">Conv\u00eanios celebrados &#8211; setembro a dezembro de 2018<\/a><\/li>\n<li><a href=\"http:\/\/uenf.br\/reitoria\/transparencia\/files\/2019\/05\/Prestacao-de-Contas-de-Convenios-2o-quadrimestre-2018.setl18.doc\" target=\"_blank\" rel=\"noopener noreferrer\">Conv\u00eanios celebrados &#8211; maio a agosto 2018<\/a><\/li>\n<li><a href=\"http:\/\/uenf.br\/reitoria\/transparencia\/files\/2018\/09\/Prestacao-de-Contas-de-Convenios-1o-quadrimestre-2018.jul18.pdf\" target=\"_blank\" rel=\"noopener noreferrer\">Conv\u00eanios celebrados &#8211; janeiro a abril de 2018<\/a><\/li>\n<\/ul>\n<\/li>\n<li><strong>2017<\/strong>\n<ul>\n<li><a href=\"http:\/\/uenf.br\/reitoria\/transparencia\/files\/2018\/09\/Prestacao-de-Contas-de-Convenios-3o-quadrimestre-2017.FEV18.pdf\" target=\"_blank\" rel=\"noopener noreferrer\">Conv\u00eanios celebrados &#8211; setembro a dezembro de 2017<\/a><\/li>\n<li><a href=\"http:\/\/uenf.br\/reitoria\/transparencia\/files\/2018\/09\/Prestacao-de-Contas-de-Convenios-2o-quadrimestre-2017.out17.pdf\" target=\"_blank\" rel=\"noopener noreferrer\">Conv\u00eanios celebrados &#8211; maio a agosto de 2017<\/a><\/li>\n<li><a href=\"http:\/\/uenf.br\/reitoria\/transparencia\/files\/2018\/09\/Prestacao-de-Contas-de-Convenios-1o-quadrimestre-2017.mai17.pdf\" target=\"_blank\" rel=\"noopener noreferrer\">Conv\u00eanios celebrados &#8211; janeiro a abril de 2017<\/a><\/li>\n<\/ul>\n<\/li>\n<\/ul>\n<ul>\n<li style=\"text-align: left\"><strong>2016<\/strong>\n<ul>\n<li><a href=\"http:\/\/uenf.br\/reitoria\/transparencia\/files\/2018\/09\/Prestacao-de-Contas-de-Convenios-3o-quadrimestre-2016.JAN17.pdf\" target=\"_blank\" rel=\"noopener noreferrer\">Conv\u00eanios celebrados &#8211; setembro a dezembro de 2016<\/a><\/li>\n<li><a href=\"http:\/\/uenf.br\/reitoria\/transparencia\/files\/2010\/10\/Prestacao-de-Contas-de-Convenios-2o-quadrimestre-2016.SET16.pdf\">Conv\u00eanios celebrados &#8211; maio a agosto de 2016<\/a><\/li>\n<li><a href=\"http:\/\/uenf.br\/reitoria\/transparencia\/files\/2010\/10\/Prestacao-de-Contas-de-Convenios-1o-quadrimestre-2016.MAI16.pdf\">Conv\u00eanios celebrados &#8211; janeiro a abril de 2016<\/a><\/li>\n<\/ul>\n<\/li>\n<li style=\"text-align: left\"><strong>2015<\/strong>\n<ul>\n<li><a href=\"http:\/\/uenf.br\/reitoria\/transparencia\/files\/2010\/10\/Prestacao-de-Contas-de-Convenios-3o-quadrimestre-2015.FEV16.pdf\">Conv\u00eanios celebrados &#8211; setembro a dezembro de 2015<\/a><\/li>\n<li><a href=\"http:\/\/uenf.br\/reitoria\/transparencia\/files\/2010\/10\/Prestacao-de-Contas-de-Convenios-2o-quadrimestre-2015.SET15.pdf\">Conv\u00eanios celebrados &#8211; maio a agosto de 2015<\/a><\/li>\n<li><a href=\"http:\/\/uenf.br\/reitoria\/transparencia\/files\/2010\/10\/Prestacao-de-Contas-de-Convenios-1o-quadrimestre-2015.MAI15.pdf\">Conv\u00eanios celebrados &#8211; janeiro a abril de 2015<\/a><\/li>\n<\/ul>\n<\/li>\n<li style=\"text-align: left\"><strong>2014<\/strong>\n<ul>\n<li><a href=\"http:\/\/uenf.br\/reitoria\/transparencia\/files\/2010\/10\/Prestacao-de-Contas-de-Convenios-3o-quadrimestre-2014.JAN15.pdf\">Conv\u00eanios celebrados &#8211; setembro a dezembro de 2014<\/a><\/li>\n<li><a href=\"http:\/\/uenf.br\/reitoria\/transparencia\/files\/2010\/10\/Prestacao-de-Contas-de-Convenios-2o-quadrimestre-2014.SET14.pdf\">Conv\u00eanios celebrados &#8211; maio a agosto de 2014<\/a><\/li>\n<li><a href=\"http:\/\/uenf.br\/reitoria\/transparencia\/files\/2010\/10\/CONVENIOS-FIRMADOS-NO-PRIMEIRO-QUADRIMESTRE-JANEIRO-A-ABRIL-DE-2014.pdf\">Conv\u00eanios celebrados &#8211; janeiro a abril de 2014<\/a><\/li>\n<\/ul>\n<\/li>\n<li style=\"text-align: left\"><strong>2013<\/strong>\n<ul>\n<li><a href=\"http:\/\/uenf.br\/reitoria\/transparencia\/files\/2010\/10\/Prestacao_de_Contas_de_Convenios_3o_quadrimestre_2013.FEV14-1.pdf\" target=\"_blank\" rel=\"noopener noreferrer\">Conv\u00eanios celebrados &#8211; setembro a dezembro de 2013<\/a><\/li>\n<li><a title=\"Conv\u00eanios celebrados pela Uenf de maio a agosto de 2013\" href=\"http:\/\/uenf.br\/reitoria\/transparencia\/files\/2010\/10\/CONVENIOS-MAIO-A-AGOSTO-DE-2013.pdf\" target=\"_blank\" rel=\"noopener noreferrer\">Conv\u00eanios celebrados &#8211; maio a agosto de 2013<\/a><\/li>\n<li><a title=\"Conv\u00eanios celebrados pela UENF de janeiro a abril de 2013\" href=\"http:\/\/www.uenf.br\/dic\/ascom\/wp-content\/uploads\/sites\/4\/2013\/06\/Presta%C3%A7%C3%A3o_de_Contas_de_Conv%C3%AAnios_1%C2%BA_quadrimestre_2013.mai13.pdf\" target=\"_blank\" rel=\"noopener noreferrer\">Conv\u00eanios celebrados &#8211; janeiro a abril de 2013<\/a><\/li>\n<\/ul>\n<\/li>\n<li style=\"text-align: left\"><strong>2012<\/strong>\n<ul>\n<li><a href=\"http:\/\/uenf.br\/reitoria\/transparencia\/files\/2010\/10\/Prestacao_de_Contas_de_Convenios_3o_quadrimestre_2012.fev13-1.pdf\"> Conv\u00eanios celebrados &#8211; setembro a dezembro de 2012<\/a><\/li>\n<li><a href=\"http:\/\/uenf.br\/reitoria\/transparencia\/files\/2010\/10\/Prestacao-de-Contas-de-Convenios-1o-quadrimestre-2012.mai12.pdf\" target=\"_blank\" rel=\"noopener noreferrer\">Conv\u00eanios celebrados &#8211; janeiro a abril de 2012<\/a><\/li>\n<\/ul>\n<\/li>\n<li style=\"text-align: left\"><strong>2011<\/strong>\n<ul>\n<li><a href=\"http:\/\/uenf.br\/reitoria\/transparencia\/files\/2010\/10\/Prestacao_de_Contas_de_Convenios_3._quadrimestre_2011.fev12.pdf\">Conv\u00eanios celebrados &#8211; setembro a dezembro 2011<\/a><\/li>\n<li><a title=\"Conv\u00eanios do segundo quadrimestre de 2011: confira no boletim 'Ascom Informa' de 28\/09\/11\" href=\"http:\/\/uenf.br\/reitoria\/ascom\/280911\/\" target=\"_blank\" rel=\"noopener noreferrer\">Conv\u00eanios celebrados &#8211; maio a agosto 2011<\/a><\/li>\n<li><a href=\"http:\/\/uenf.br\/reitoria\/transparencia\/files\/2010\/10\/Prestacao_de_Contas_de_Convenios_1_quadrimestre_2011.mai11.revisado_pelo_Diretor.pdf\">Conv\u00eanios celebrados &#8211; janeiro a abril 2011<\/a><\/li>\n<\/ul>\n<\/li>\n<li><strong>2010<\/strong>\n<ul>\n<li style=\"text-align: left\"><a href=\"http:\/\/uenf.br\/reitoria\/transparencia\/files\/2010\/10\/TRANSPARENCIA-convenios-celebrados-setembro-a-dezembro-2010.pdf\">Conv\u00eanios celebrados &#8211; setembro a dezembro 2010<\/a><\/li>\n<li style=\"text-align: left\"><a href=\"..\/files\/2010\/10\/DIRETORIA-DE-PROJETOS-PRESTA%C3%87%C3%83O-DE-CONTAS-Conv%C3%AAnios-2%C2%BA-quadrimestre-2010-para-divulga%C3%A7%C3%A3o.pdf\">Conv\u00eanios celebrados &#8211; maio a agosto de 2010<\/a><\/li>\n<li style=\"text-align: left\"><a href=\"http:\/\/uenf.br\/reitoria\/transparencia\/files\/2010\/10\/CONV\u00caNIOS-celebrados-ordenados-por-quadrimestre-setembro-de-2008-a-abril-de-2010.pdf\">Conv\u00eanios celebrados &#8211; setembro de 2008 a abril de 2010<\/a><\/li>\n<\/ul>\n<\/li>\n<\/ul>\n","protected":false},"excerpt":{"rendered":"<p>Conv\u00eanios de Receitas Plataforma +Brasil Conv\u00eanios de Despesas ConvERJ Acordos n\u00e3o financeiros Conv\u00eanios e Acordos de Coopera\u00e7\u00e3o Sem Repasse Financeiro&#8230;<\/p>\n","protected":false},"author":38,"featured_media":0,"parent":0,"menu_order":1,"comment_status":"closed","ping_status":"closed","template":"","meta":{"footnotes":""},"class_list":["post-3183","page","type-page","status-publish","hentry"],"_links":{"self":[{"href":"https:\/\/uenf.br\/reitoria\/transparencia\/wp-json\/wp\/v2\/pages\/3183","targetHints":{"allow":["GET"]}}],"collection":[{"href":"https:\/\/uenf.br\/reitoria\/transparencia\/wp-json\/wp\/v2\/pages"}],"about":[{"href":"https:\/\/uenf.br\/reitoria\/transparencia\/wp-json\/wp\/v2\/types\/page"}],"author":[{"embeddable":true,"href":"https:\/\/uenf.br\/reitoria\/transparencia\/wp-json\/wp\/v2\/users\/38"}],"replies":[{"embeddable":true,"href":"https:\/\/uenf.br\/reitoria\/transparencia\/wp-json\/wp\/v2\/comments?post=3183"}],"version-history":[{"count":0,"href":"https:\/\/uenf.br\/reitoria\/transparencia\/wp-json\/wp\/v2\/pages\/3183\/revisions"}],"wp:attachment":[{"href":"https:\/\/uenf.br\/reitoria\/transparencia\/wp-json\/wp\/v2\/media?parent=3183"}],"curies":[{"name":"wp","href":"https:\/\/api.w.org\/{rel}","templated":true}]}}