{"id":3191,"date":"2021-02-24T13:53:59","date_gmt":"2021-02-24T16:53:59","guid":{"rendered":"https:\/\/uenf.br\/reitoria\/transparencia\/?page_id=3191"},"modified":"2021-08-10T13:35:17","modified_gmt":"2021-08-10T16:35:17","slug":"9-informacoes-classificadas","status":"publish","type":"page","link":"https:\/\/uenf.br\/reitoria\/transparencia\/9-informacoes-classificadas\/","title":{"rendered":"09. Informa\u00e7\u00f5es Classificadas"},"content":{"rendered":"<p>A UENF informa que at\u00e9 o momento n\u00e3o houve informa\u00e7\u00f5es classificadas e\/ou desclassificadas nos \u00faltimos 12 meses, nos termos do art. 29 do Decreto n\u00ba 46.475\/2018.<\/p>\n<p><a href=\"https:\/\/uenf.br\/reitoria\/transparencia\/9-informacoes-classificadas\/09-01-rol-das-informacoes-classificadas\/\">09.01 \u2013 Rol das Informa\u00e7\u00f5es Classificadas<\/a><\/p>\n<p><a href=\"https:\/\/uenf.br\/reitoria\/transparencia\/9-informacoes-classificadas\/09-02-rol-das-informacoes-desclassificadas\/\">09.02 \u2013 Rol das Informa\u00e7\u00f5es Desclassificadas<\/a><\/p>\n<p><a href=\"https:\/\/uenf.br\/reitoria\/transparencia\/9-informacoes-classificadas\/09-03-formularios\/\">09.03 \u2013 Formul\u00e1rios<\/a><\/p>\n","protected":false},"excerpt":{"rendered":"<p>A UENF informa que at\u00e9 o momento n\u00e3o houve informa\u00e7\u00f5es classificadas e\/ou desclassificadas nos \u00faltimos 12 meses, nos termos do&#8230;<\/p>\n","protected":false},"author":38,"featured_media":0,"parent":0,"menu_order":1,"comment_status":"closed","ping_status":"closed","template":"","meta":{"footnotes":""},"class_list":["post-3191","page","type-page","status-publish","hentry"],"_links":{"self":[{"href":"https:\/\/uenf.br\/reitoria\/transparencia\/wp-json\/wp\/v2\/pages\/3191","targetHints":{"allow":["GET"]}}],"collection":[{"href":"https:\/\/uenf.br\/reitoria\/transparencia\/wp-json\/wp\/v2\/pages"}],"about":[{"href":"https:\/\/uenf.br\/reitoria\/transparencia\/wp-json\/wp\/v2\/types\/page"}],"author":[{"embeddable":true,"href":"https:\/\/uenf.br\/reitoria\/transparencia\/wp-json\/wp\/v2\/users\/38"}],"replies":[{"embeddable":true,"href":"https:\/\/uenf.br\/reitoria\/transparencia\/wp-json\/wp\/v2\/comments?post=3191"}],"version-history":[{"count":0,"href":"https:\/\/uenf.br\/reitoria\/transparencia\/wp-json\/wp\/v2\/pages\/3191\/revisions"}],"wp:attachment":[{"href":"https:\/\/uenf.br\/reitoria\/transparencia\/wp-json\/wp\/v2\/media?parent=3191"}],"curies":[{"name":"wp","href":"https:\/\/api.w.org\/{rel}","templated":true}]}}