{"id":3193,"date":"2021-02-24T13:54:22","date_gmt":"2021-02-24T16:54:22","guid":{"rendered":"https:\/\/uenf.br\/reitoria\/transparencia\/?page_id=3193"},"modified":"2024-02-05T10:37:34","modified_gmt":"2024-02-05T13:37:34","slug":"10-servico-de-informacao-ao-cidadao-sic","status":"publish","type":"page","link":"https:\/\/uenf.br\/reitoria\/transparencia\/10-servico-de-informacao-ao-cidadao-sic\/","title":{"rendered":"10. Servi\u00e7o de Informa\u00e7\u00e3o ao Cidad\u00e3o (SIC)"},"content":{"rendered":"<p>A Lei Federal n\u00ba 12.527, de 18 de novembro de 2011, define as diretrizes para a transpar\u00eancia dos \u00f3rg\u00e3os p\u00fablicos, garantindo o direito de acesso \u00e0 informa\u00e7\u00e3o a todos os cidad\u00e3os, possibilitando o acompanhamento da gest\u00e3o dos recursos p\u00fablicos.<\/p>\n<p>Em conson\u00e2ncia com esta legisla\u00e7\u00e3o, o Estado do Rio de Janeiro estabeleceu o sistema OuvERJ (<a href=\"https:\/\/www.rj.gov.br\/ouverj\/\" target=\"_new\" rel=\"noopener\">https:\/\/www.rj.gov.br\/ouverj\/<\/a>) como plataforma oficial informatizada de Ouvidoria e Transpar\u00eancia para o registro eletr\u00f4nico de Manifesta\u00e7\u00f5es de Ouvidoria e Solicita\u00e7\u00f5es de Acesso \u00e0 Informa\u00e7\u00e3o. Este sistema \u00e9 utilizado pela Rede de Ouvidorias e Transpar\u00eancia do Poder Executivo do Estado do Rio de Janeiro, conforme determinado pelo Decreto n\u00ba 48.727 de 03 de outubro de 2023.<\/p>\n<p>Para entrar em contato com a Ouvidoria da Universidade Estadual do Norte Fluminense Darcy Ribeiro (UENF), cujo Ouvidor \u00e9 o Servidor Antonio Carlos Guzzo, os cidad\u00e3os podem faz\u00ea-lo durante o hor\u00e1rio de atendimento ao p\u00fablico, que ocorre nas segundas, quartas e sextas-feiras, das 9h \u00e0s 11h. Ou tamb\u00e9m podem contatar a Ouvidoria atrav\u00e9s do e-mail <a target=\"_new\" rel=\"noopener\">ouvidoria@uenf.br<\/a> ou pelo telefone 2739-7004.<\/p>\n<p>&nbsp;<\/p>\n<ul class=\"children\">\n<li class=\"page_item page-item-3266\"><a href=\"https:\/\/uenf.br\/reitoria\/transparencia\/10-servico-de-informacao-ao-cidadao-sic\/10-01-solicitacoes\/\">10.01 \u2013 Solicita\u00e7\u00f5es<\/a><\/li>\n<li class=\"page_item page-item-3443\"><a href=\"https:\/\/uenf.br\/reitoria\/transparencia\/10-servico-de-informacao-ao-cidadao-sic\/10-02-relatorios-e-estatisticas\/\">10.02 \u2013 Relat\u00f3rios e Estat\u00edsticas<\/a><\/li>\n<\/ul>\n","protected":false},"excerpt":{"rendered":"<p>A Lei Federal n\u00ba 12.527, de 18 de novembro de 2011, define as diretrizes para a transpar\u00eancia dos \u00f3rg\u00e3os p\u00fablicos,&#8230;<\/p>\n","protected":false},"author":38,"featured_media":0,"parent":0,"menu_order":1,"comment_status":"closed","ping_status":"closed","template":"","meta":{"footnotes":""},"class_list":["post-3193","page","type-page","status-publish","hentry"],"_links":{"self":[{"href":"https:\/\/uenf.br\/reitoria\/transparencia\/wp-json\/wp\/v2\/pages\/3193","targetHints":{"allow":["GET"]}}],"collection":[{"href":"https:\/\/uenf.br\/reitoria\/transparencia\/wp-json\/wp\/v2\/pages"}],"about":[{"href":"https:\/\/uenf.br\/reitoria\/transparencia\/wp-json\/wp\/v2\/types\/page"}],"author":[{"embeddable":true,"href":"https:\/\/uenf.br\/reitoria\/transparencia\/wp-json\/wp\/v2\/users\/38"}],"replies":[{"embeddable":true,"href":"https:\/\/uenf.br\/reitoria\/transparencia\/wp-json\/wp\/v2\/comments?post=3193"}],"version-history":[{"count":0,"href":"https:\/\/uenf.br\/reitoria\/transparencia\/wp-json\/wp\/v2\/pages\/3193\/revisions"}],"wp:attachment":[{"href":"https:\/\/uenf.br\/reitoria\/transparencia\/wp-json\/wp\/v2\/media?parent=3193"}],"curies":[{"name":"wp","href":"https:\/\/api.w.org\/{rel}","templated":true}]}}