{"id":3206,"date":"2021-02-24T14:00:43","date_gmt":"2021-02-24T17:00:43","guid":{"rendered":"https:\/\/uenf.br\/reitoria\/transparencia\/?page_id=3206"},"modified":"2026-02-03T11:49:58","modified_gmt":"2026-02-03T14:49:58","slug":"03-01-ouvidoria","status":"publish","type":"page","link":"https:\/\/uenf.br\/reitoria\/transparencia\/3-participacao-social\/03-01-ouvidoria\/","title":{"rendered":"03.01 &#8211; Ouvidoria"},"content":{"rendered":"<p><strong>Ouvidoria da UENF: Promovendo Transpar\u00eancia e Participa\u00e7\u00e3o<\/strong><\/p>\n<p>A Ouvidoria da Universidade Estadual do Norte Fluminense Darcy Ribeiro (UENF), \u00e9 um canal essencial de comunica\u00e7\u00e3o entre a comunidade acad\u00eamica e a institui\u00e7\u00e3o. Seu prop\u00f3sito \u00e9 receber e encaminhar demandas, sugest\u00f5es, elogios e reclama\u00e7\u00f5es, garantindo transpar\u00eancia, participa\u00e7\u00e3o cidad\u00e3 e a melhoria cont\u00ednua dos servi\u00e7os oferecidos.<\/p>\n<p><strong>Fun\u00e7\u00f5es e Atua\u00e7\u00e3o<\/strong><br \/>\nCriada em 2003, a Ouvidoria da UENF atende estudantes, professores, servidores e usu\u00e1rios, analisando e direcionando suas manifesta\u00e7\u00f5es aos setores respons\u00e1veis com agilidade e transpar\u00eancia. Al\u00e9m disso, promove a\u00e7\u00f5es educativas para incentivar o di\u00e1logo e a cidadania na comunidade acad\u00eamica.<\/p>\n<p><strong>Principais Atividades<\/strong><br \/>\n&#8211; <strong>Gest\u00e3o de Demandas<\/strong>: Recebe solicita\u00e7\u00f5es de informa\u00e7\u00f5es, reclama\u00e7\u00f5es acad\u00eamicas, den\u00fancias de irregularidades e sugest\u00f5es de melhorias;<br \/>\n&#8211; <strong>A\u00e7\u00f5es Educativas<\/strong>: Realiza iniciativas para conscientizar e engajar a comunidade;<br \/>\n&#8211; <strong>Relat\u00f3rios Peri\u00f3dicos<\/strong>: Produz relat\u00f3rios para monitorar demandas e resultados, contribuindo para a qualidade dos servi\u00e7os.<\/p>\n<ul>\n<li style=\"list-style-type: none\">\n<ul>\n<li style=\"list-style-type: none\">\n<ul>\n<li style=\"text-align: left\"><span style=\"color: #000000\"><a style=\"color: #000000\" href=\"https:\/\/uenf.br\/reitoria\/transparencia\/files\/2025\/06\/Relatorio-Ouvidoria-2024-Compilado.pdf\" target=\"_blank\" rel=\"noopener\">Relat\u00f3rio Ouvidoria &#8211; 2024<\/a><\/span><\/li>\n<\/ul>\n<\/li>\n<li style=\"list-style-type: none\"><span style=\"color: #000000\">\u00a0<\/span>\n<ul>\n<li><span style=\"color: #000000\"><a style=\"color: #000000\" href=\"https:\/\/uenf.br\/reitoria\/transparencia\/files\/2025\/11\/2025_1T_RelatorioQuantitativo.pdf\" target=\"_blank\" rel=\"noopener\">RELAT\u00d3RIO QUANTITATIVO \u2013 1\u00ba TRIMESTRE DE 2025<\/a><\/span><\/li>\n<li><span style=\"color: #000000\"><a style=\"color: #000000\" href=\"https:\/\/uenf.br\/reitoria\/transparencia\/files\/2025\/11\/2025_2T_RelatorioQuantitativo.pdf\" target=\"_blank\" rel=\"noopener\">RELAT\u00d3RIO QUANTITATIVO \u2013 2\u00ba TRIMESTRE DE 2025<\/a><\/span><\/li>\n<li><span style=\"color: #000000\"><a style=\"color: #000000\" href=\"https:\/\/uenf.br\/reitoria\/transparencia\/files\/2025\/11\/2025_3T_RelatorioQuantitativo.pdf\" target=\"_blank\" rel=\"noopener\">RELAT\u00d3RIO QUANTITATIVO \u2013 3\u00ba TRIMESTRE DE 2025<\/a><\/span><\/li>\n<li><span style=\"color: #000000\"><a style=\"color: #000000\" href=\"https:\/\/uenf.br\/reitoria\/transparencia\/files\/2026\/02\/RELATORIO-QUANTITATIVO-\u2013-4o-TRIMESTRE-DE-2025.pdf\" target=\"_blank\" rel=\"noopener\">RELAT\u00d3RIO QUANTITATIVO \u2013 4\u00ba TRIMESTRE DE 2025<\/a><\/span><\/li>\n<li><span style=\"color: #000000\"><a style=\"color: #000000\" href=\"https:\/\/uenf.br\/reitoria\/transparencia\/files\/2025\/11\/2025_1S_RelatorioQualitativo.pdf\" target=\"_blank\" rel=\"noopener\">RELAT\u00d3RIO QUALITATIVO \u2013 1\u00ba SEMESTRE DE 2025<\/a><\/span><\/li>\n<li><span style=\"color: #000000\"><a style=\"color: #000000\" href=\"https:\/\/uenf.br\/reitoria\/transparencia\/files\/2026\/02\/RELATORIO-QUALITATIVO-\u2013-2o-SEMESTRE-DE-2025.pdf\" target=\"_blank\" rel=\"noopener\">RELAT\u00d3RIO QUALITATIVO \u2013 2\u00ba SEMESTRE DE 2025<\/a><\/span><\/li>\n<\/ul>\n<\/li>\n<\/ul>\n<\/li>\n<\/ul>\n<p><strong>Compromisso com a \u00c9tica<\/strong><br \/>\nA Ouvidoria segue normas e procedimentos que asseguram a confidencialidade das informa\u00e7\u00f5es e os direitos dos usu\u00e1rios, promovendo um atendimento \u00e9tico e eficiente.<\/p>\n<p><strong>Impacto<\/strong><br \/>\nComo ferramenta de transpar\u00eancia e participa\u00e7\u00e3o, a Ouvidoria fortalece a democracia na UENF, alinhando a institui\u00e7\u00e3o \u00e0s necessidades da sociedade.<\/p>\n<p><strong>Como Acessar<\/strong><br \/>\nPara entrar em contato, envie sua manifesta\u00e7\u00e3o pelo sistema <a href=\"http:\/\/www.rj.gov.br\/ouverj\"><strong>OuvERJ<\/strong><\/a>.<\/p>\n<p><a href=\"http:\/\/www.rj.gov.br\/ouverj\"><img loading=\"lazy\" decoding=\"async\" class=\"aligncenter\" src=\"https:\/\/www.rj.gov.br\/ouverj\/sites\/default\/files\/styles\/large\/public\/imagem_home\/OUVERJ%201.png?itok=nWuk8S5-\" alt=\"img\" width=\"276\" height=\"71\" \/><\/a><strong>Tipos de manifesta\u00e7\u00e3o<\/strong>:<\/p>\n<p><a href=\"https:\/\/www.rj.gov.br\/manifestacao\/reclamacao\"><strong>RECLAMA\u00c7\u00c3O<\/strong><\/a>: Manifeste sua insatisfa\u00e7\u00e3o com um servi\u00e7o p\u00fablico<br \/>\n<a href=\"https:\/\/www.rj.gov.br\/manifestacao\/elogio\"><strong>ELOGIO<\/strong><\/a>: Expresse se voc\u00ea est\u00e1 satisfeito com um atendimento p\u00fablico<br \/>\n<a href=\"https:\/\/www.rj.gov.br\/manifestacao\/sugestao\"><strong>SUGEST\u00c3O<\/strong><\/a>: Envie uma ideia ou proposta de melhoria dos servi\u00e7os p\u00fablicos<br \/>\n<a href=\"https:\/\/www.rj.gov.br\/manifestacao\/solicitacao\"><strong>SOLICITA\u00c7\u00c3O<\/strong><\/a>: Pe\u00e7a um atendimento ou uma solicita\u00e7\u00e3o de Servi\u00e7o<br \/>\n<a href=\"https:\/\/www.rj.gov.br\/manifestacao\/denuncia\"><strong>DEN\u00daNCIA<\/strong><\/a>: Comunique um ato il\u00edcito praticado contra a administra\u00e7\u00e3o p\u00fablica<br \/>\n<a href=\"https:\/\/www.rj.gov.br\/esic\"><strong>ACESSO \u00c0 INFORMA\u00c7\u00c3O<\/strong><\/a>: Solicite acesso a informa\u00e7\u00f5es p\u00fablicas<br \/>\n<a href=\"https:\/\/www.rj.gov.br\/simplifique\"><strong>SIMPLIFIQUE<\/strong><\/a>: Envie sugest\u00f5es de melhorias e simplifica\u00e7\u00e3o de um servi\u00e7o p\u00fablico<\/p>\n","protected":false},"excerpt":{"rendered":"<p>Ouvidoria da UENF: Promovendo Transpar\u00eancia e Participa\u00e7\u00e3o A Ouvidoria da Universidade Estadual do Norte Fluminense Darcy Ribeiro (UENF), \u00e9 um&#8230;<\/p>\n","protected":false},"author":38,"featured_media":0,"parent":3178,"menu_order":1,"comment_status":"closed","ping_status":"closed","template":"","meta":{"footnotes":""},"class_list":["post-3206","page","type-page","status-publish","hentry"],"_links":{"self":[{"href":"https:\/\/uenf.br\/reitoria\/transparencia\/wp-json\/wp\/v2\/pages\/3206","targetHints":{"allow":["GET"]}}],"collection":[{"href":"https:\/\/uenf.br\/reitoria\/transparencia\/wp-json\/wp\/v2\/pages"}],"about":[{"href":"https:\/\/uenf.br\/reitoria\/transparencia\/wp-json\/wp\/v2\/types\/page"}],"author":[{"embeddable":true,"href":"https:\/\/uenf.br\/reitoria\/transparencia\/wp-json\/wp\/v2\/users\/38"}],"replies":[{"embeddable":true,"href":"https:\/\/uenf.br\/reitoria\/transparencia\/wp-json\/wp\/v2\/comments?post=3206"}],"version-history":[{"count":0,"href":"https:\/\/uenf.br\/reitoria\/transparencia\/wp-json\/wp\/v2\/pages\/3206\/revisions"}],"up":[{"embeddable":true,"href":"https:\/\/uenf.br\/reitoria\/transparencia\/wp-json\/wp\/v2\/pages\/3178"}],"wp:attachment":[{"href":"https:\/\/uenf.br\/reitoria\/transparencia\/wp-json\/wp\/v2\/media?parent=3206"}],"curies":[{"name":"wp","href":"https:\/\/api.w.org\/{rel}","templated":true}]}}