{"id":3210,"date":"2021-02-24T14:03:29","date_gmt":"2021-02-24T17:03:29","guid":{"rendered":"https:\/\/uenf.br\/reitoria\/transparencia\/?page_id=3210"},"modified":"2025-03-13T09:39:40","modified_gmt":"2025-03-13T12:39:40","slug":"01-02-competencias","status":"publish","type":"page","link":"https:\/\/uenf.br\/reitoria\/transparencia\/1-institucional\/01-02-competencias\/","title":{"rendered":"01.02 &#8211; Compet\u00eancias"},"content":{"rendered":"<h1>Diretorias da Reitoria<\/h1>\n<div class=\"entry clr\">\n<h2 class=\"title_article\">Diretorias Executivas<\/h2>\n<p><strong><a title=\"P\u00e1gina da Diretoria Geral Administrativa da Uenf\" href=\"http:\/\/www.uenf.br\/dga\/\" target=\"_blank\" rel=\"noopener noreferrer\">Diretoria Geral de Administra\u00e7\u00e3o<\/a><\/strong>\u00a0\u2013 respons\u00e1vel pelo planejamento, organiza\u00e7\u00e3o, integra\u00e7\u00e3o e coordena\u00e7\u00e3o das atividades patrimoniais, administrativas, financeiras, or\u00e7ament\u00e1rias e de recursos humanos da UENF.<\/p>\n<p><strong><a title=\"Site da Ag\u00eancia UENF de Inova\u00e7\u00e3o\" href=\"http:\/\/www.uenf.br\/reitoria\/agenciainovacao\/\" target=\"_blank\" rel=\"noopener noreferrer\">Ag\u00eancia UENF de Inova\u00e7\u00e3o<\/a><\/strong>\u00a0\u2013 tem a miss\u00e3o de fomentar e administrar recursos n\u00e3o-or\u00e7ament\u00e1rios captados pela Universidade; estabelecer acordos e conv\u00eanios com institui\u00e7\u00f5es p\u00fablicas ou privadas; atuar como intermediador e facilitador entre professores, Laborat\u00f3rios e Centros da UENF e as institui\u00e7\u00f5es e empresas externas, de forma a permitir a efetiva\u00e7\u00e3o de projetos de pesquisa e extens\u00e3o, entre outras.<\/p>\n<p><a title=\"Prefeitura da UENF\" href=\"http:\/\/www.uenf.br\/Uenf\/Pages\/Reitoria\/Dga\/Gpcam\/\" target=\"_blank\" rel=\"noopener noreferrer\"><strong>Prefeitura da UENF<\/strong><\/a>\u00a0\u2013 respons\u00e1vel pelo desenvolvimento de a\u00e7\u00f5es para o planejamento, opera\u00e7\u00e3o e controle da estrutura f\u00edsica, relacionadas \u00e0s atividades de manuten\u00e7\u00e3o, zeladoria, transportes e projetos de engenharia da UENF.<\/p>\n<p><strong><a title=\"Diretoria de Informa\u00e7\u00e3o e Comunica\u00e7\u00e3o (DIC)\" href=\"http:\/\/www.uenf.br\/dic\/\" target=\"_blank\" rel=\"noopener noreferrer\">Diretoria de Informa\u00e7\u00e3o e Comunica\u00e7\u00e3o\u00a0<\/a><\/strong>\u2013 tem como objetivo principal atuar como organismo proponente e gestor das pol\u00edticas de Tecnologia da Informa\u00e7\u00e3o e Comunica\u00e7\u00e3o da UENF.<\/p>\n<p><a href=\"http:\/\/uenf.br\/reitoria\/ascom\/nova-pagina\/\"><strong>Diretoria de Comunica\u00e7\u00e3o<\/strong><\/a>\u00a0\u2013 A ASCOM \u00e9 respons\u00e1vel pela media\u00e7\u00e3o entre a UENF, ve\u00edculos de comunica\u00e7\u00e3o e a sociedade, divulgando assuntos cient\u00edficos, tecnol\u00f3gicos, culturais e institucionais.<\/p>\n<\/div>\n","protected":false},"excerpt":{"rendered":"<p>Diretorias da Reitoria Diretorias Executivas Diretoria Geral de Administra\u00e7\u00e3o\u00a0\u2013 respons\u00e1vel pelo planejamento, organiza\u00e7\u00e3o, integra\u00e7\u00e3o e coordena\u00e7\u00e3o das atividades patrimoniais, administrativas,&#8230;<\/p>\n","protected":false},"author":38,"featured_media":0,"parent":3173,"menu_order":1,"comment_status":"closed","ping_status":"closed","template":"","meta":{"footnotes":""},"class_list":["post-3210","page","type-page","status-publish","hentry"],"_links":{"self":[{"href":"https:\/\/uenf.br\/reitoria\/transparencia\/wp-json\/wp\/v2\/pages\/3210","targetHints":{"allow":["GET"]}}],"collection":[{"href":"https:\/\/uenf.br\/reitoria\/transparencia\/wp-json\/wp\/v2\/pages"}],"about":[{"href":"https:\/\/uenf.br\/reitoria\/transparencia\/wp-json\/wp\/v2\/types\/page"}],"author":[{"embeddable":true,"href":"https:\/\/uenf.br\/reitoria\/transparencia\/wp-json\/wp\/v2\/users\/38"}],"replies":[{"embeddable":true,"href":"https:\/\/uenf.br\/reitoria\/transparencia\/wp-json\/wp\/v2\/comments?post=3210"}],"version-history":[{"count":0,"href":"https:\/\/uenf.br\/reitoria\/transparencia\/wp-json\/wp\/v2\/pages\/3210\/revisions"}],"up":[{"embeddable":true,"href":"https:\/\/uenf.br\/reitoria\/transparencia\/wp-json\/wp\/v2\/pages\/3173"}],"wp:attachment":[{"href":"https:\/\/uenf.br\/reitoria\/transparencia\/wp-json\/wp\/v2\/media?parent=3210"}],"curies":[{"name":"wp","href":"https:\/\/api.w.org\/{rel}","templated":true}]}}