{"id":3214,"date":"2021-02-24T14:04:37","date_gmt":"2021-02-24T17:04:37","guid":{"rendered":"https:\/\/uenf.br\/reitoria\/transparencia\/?page_id=3214"},"modified":"2021-04-29T10:45:44","modified_gmt":"2021-04-29T13:45:44","slug":"01-03-base-juridica","status":"publish","type":"page","link":"https:\/\/uenf.br\/reitoria\/transparencia\/1-institucional\/01-03-base-juridica\/","title":{"rendered":"01.03 &#8211; Base jur\u00eddica"},"content":{"rendered":"<h1>Legisla\u00e7\u00e3o<\/h1>\n<div class=\"entry clr\">\n<p>Esta se\u00e7\u00e3o informa os principais documentos legais que regulam o uso dos recursos pela UENF. S\u00e3o dispositivos legais a que os gestores e servidores p\u00fablicos precisam obedecer no dia a dia da administra\u00e7\u00e3o.<\/p>\n<p>Em geral estes dispositivos t\u00eam em vista dar um car\u00e1ter de impessoalidade e universalismo aos procedimentos. Para que este objetivo seja atingido, \u00e0s vezes o processo decis\u00f3rio se torna mais demorado \u2013 mas este \u00e9 um pre\u00e7o que a coletividade paga para que os recursos tenham sua aplica\u00e7\u00e3o controlada.<\/p>\n<p>Al\u00e9m da legisla\u00e7\u00e3o geral que rege a administra\u00e7\u00e3o p\u00fablica, os gestores e servidores da UENF precisam cumprir os seguintes dispositivos legais:<\/p>\n<ul>\n<li>Lei 7.034 de 07\/07\/2015 \u2013 Lei de Diretrizes Or\u00e7ament\u00e1rias \u2013 LDO 2016<\/li>\n<li>Lei 7.210 de 18\/01\/2016 \u2013 Lei Or\u00e7ament\u00e1ria anual \u2013 LOA 2016<\/li>\n<li>Lei 7.211 de 18\/01\/2016 \u2013\u00a0Institui o Plano Plano Plurianual para o per\u00edodo de 2016-2019<\/li>\n<\/ul>\n<\/div>\n","protected":false},"excerpt":{"rendered":"<p>Legisla\u00e7\u00e3o Esta se\u00e7\u00e3o informa os principais documentos legais que regulam o uso dos recursos pela UENF. S\u00e3o dispositivos legais a&#8230;<\/p>\n","protected":false},"author":38,"featured_media":0,"parent":3173,"menu_order":1,"comment_status":"closed","ping_status":"closed","template":"","meta":{"footnotes":""},"class_list":["post-3214","page","type-page","status-publish","hentry"],"_links":{"self":[{"href":"https:\/\/uenf.br\/reitoria\/transparencia\/wp-json\/wp\/v2\/pages\/3214","targetHints":{"allow":["GET"]}}],"collection":[{"href":"https:\/\/uenf.br\/reitoria\/transparencia\/wp-json\/wp\/v2\/pages"}],"about":[{"href":"https:\/\/uenf.br\/reitoria\/transparencia\/wp-json\/wp\/v2\/types\/page"}],"author":[{"embeddable":true,"href":"https:\/\/uenf.br\/reitoria\/transparencia\/wp-json\/wp\/v2\/users\/38"}],"replies":[{"embeddable":true,"href":"https:\/\/uenf.br\/reitoria\/transparencia\/wp-json\/wp\/v2\/comments?post=3214"}],"version-history":[{"count":0,"href":"https:\/\/uenf.br\/reitoria\/transparencia\/wp-json\/wp\/v2\/pages\/3214\/revisions"}],"up":[{"embeddable":true,"href":"https:\/\/uenf.br\/reitoria\/transparencia\/wp-json\/wp\/v2\/pages\/3173"}],"wp:attachment":[{"href":"https:\/\/uenf.br\/reitoria\/transparencia\/wp-json\/wp\/v2\/media?parent=3214"}],"curies":[{"name":"wp","href":"https:\/\/api.w.org\/{rel}","templated":true}]}}