{"id":3218,"date":"2021-02-24T14:05:45","date_gmt":"2021-02-24T17:05:45","guid":{"rendered":"https:\/\/uenf.br\/reitoria\/transparencia\/?page_id=3218"},"modified":"2026-03-27T11:28:46","modified_gmt":"2026-03-27T14:28:46","slug":"01-05-contatos","status":"publish","type":"page","link":"https:\/\/uenf.br\/reitoria\/transparencia\/1-institucional\/01-05-contatos\/","title":{"rendered":"01.05 &#8211; Contatos"},"content":{"rendered":"<p>Universidade Estadual do Norte Fluminense Darcy Ribeiro (UENF)<br \/>\nAv. Alberto Lamego, 2000 &#8211; Parque Calif\u00f3rnia &#8211; Campos dos Goytacazes\/RJ<\/p>\n<p>Reitoria: (22) 2739-7003<br \/>\nGer\u00eancia de Comunica\u00e7\u00e3o: (22) 2739-7119<br \/>\nDisque-Uenf: 0800 025 2004 (liga\u00e7\u00e3o gratuita)<br \/>\nE-mails: <em>uenf@uenf.br<\/em> ou <em>reitoria@uenf.br<\/em><\/p>\n\n<div class=\"wpcf7 no-js\" id=\"wpcf7-f1806-o1\" lang=\"\" dir=\"ltr\" data-wpcf7-id=\"1806\">\n<div class=\"screen-reader-response\"><p role=\"status\" aria-live=\"polite\" aria-atomic=\"true\"><\/p> <ul><\/ul><\/div>\n<form action=\"\/reitoria\/transparencia\/wp-json\/wp\/v2\/pages\/3218#wpcf7-f1806-o1\" method=\"post\" class=\"wpcf7-form init\" aria-label=\"Formul\u00e1rios de contato\" novalidate=\"novalidate\" data-status=\"init\">\n<fieldset class=\"hidden-fields-container\"><input type=\"hidden\" name=\"_wpcf7\" value=\"1806\" \/><input type=\"hidden\" name=\"_wpcf7_version\" value=\"6.1.5\" \/><input type=\"hidden\" name=\"_wpcf7_locale\" value=\"\" \/><input type=\"hidden\" name=\"_wpcf7_unit_tag\" value=\"wpcf7-f1806-o1\" \/><input type=\"hidden\" name=\"_wpcf7_container_post\" value=\"0\" \/><input type=\"hidden\" name=\"_wpcf7_posted_data_hash\" value=\"\" \/>\n<\/fieldset>\n<p>Seu nome (obrigat\u00f3rio)\n<\/p>\n<p><span class=\"wpcf7-form-control-wrap\" data-name=\"your-name\"><input size=\"40\" maxlength=\"400\" class=\"wpcf7-form-control wpcf7-text wpcf7-validates-as-required\" aria-required=\"true\" aria-invalid=\"false\" value=\"\" type=\"text\" name=\"your-name\" \/><\/span>\n<\/p>\n<p>Seu e-mail (obrigat\u00f3rio)\n<\/p>\n<p><span class=\"wpcf7-form-control-wrap\" data-name=\"your-email\"><input size=\"40\" maxlength=\"400\" class=\"wpcf7-form-control wpcf7-email wpcf7-validates-as-required wpcf7-text wpcf7-validates-as-email\" aria-required=\"true\" aria-invalid=\"false\" value=\"\" type=\"email\" name=\"your-email\" \/><\/span>\n<\/p>\n<p>Assunto (obrigat\u00f3rio)\n<\/p>\n<p><span class=\"wpcf7-form-control-wrap\" data-name=\"your-subject\"><input size=\"40\" maxlength=\"400\" class=\"wpcf7-form-control wpcf7-text wpcf7-validates-as-required\" aria-required=\"true\" aria-invalid=\"false\" value=\"\" type=\"text\" name=\"your-subject\" \/><\/span>\n<\/p>\n<p>Sua mensagem (obrigat\u00f3rio)\n<\/p>\n<p><span class=\"wpcf7-form-control-wrap\" data-name=\"your-message\"><textarea cols=\"40\" rows=\"10\" maxlength=\"2000\" class=\"wpcf7-form-control wpcf7-textarea wpcf7-validates-as-required\" aria-required=\"true\" aria-invalid=\"false\" name=\"your-message\"><\/textarea><\/span>\n<\/p>\n<p><input class=\"wpcf7-form-control wpcf7-submit has-spinner\" type=\"submit\" value=\"Enviar\" \/>\n<\/p><div class=\"wpcf7-response-output\" aria-hidden=\"true\"><\/div>\n<\/form>\n<\/div>\n\n<p>&nbsp;<\/p>\n<p style=\"text-align: center;\"><strong><a href=\"https:\/\/lista.uenf.br\/\">Para acesso a Lista Online, clique aqui.<\/a><\/strong><\/p>\n","protected":false},"excerpt":{"rendered":"<p>Universidade Estadual do Norte Fluminense Darcy Ribeiro (UENF) Av. Alberto Lamego, 2000 &#8211; Parque Calif\u00f3rnia &#8211; Campos dos Goytacazes\/RJ Reitoria:&#8230;<\/p>\n","protected":false},"author":38,"featured_media":0,"parent":3173,"menu_order":1,"comment_status":"closed","ping_status":"closed","template":"","meta":{"footnotes":""},"class_list":["post-3218","page","type-page","status-publish","hentry"],"_links":{"self":[{"href":"https:\/\/uenf.br\/reitoria\/transparencia\/wp-json\/wp\/v2\/pages\/3218","targetHints":{"allow":["GET"]}}],"collection":[{"href":"https:\/\/uenf.br\/reitoria\/transparencia\/wp-json\/wp\/v2\/pages"}],"about":[{"href":"https:\/\/uenf.br\/reitoria\/transparencia\/wp-json\/wp\/v2\/types\/page"}],"author":[{"embeddable":true,"href":"https:\/\/uenf.br\/reitoria\/transparencia\/wp-json\/wp\/v2\/users\/38"}],"replies":[{"embeddable":true,"href":"https:\/\/uenf.br\/reitoria\/transparencia\/wp-json\/wp\/v2\/comments?post=3218"}],"version-history":[{"count":0,"href":"https:\/\/uenf.br\/reitoria\/transparencia\/wp-json\/wp\/v2\/pages\/3218\/revisions"}],"up":[{"embeddable":true,"href":"https:\/\/uenf.br\/reitoria\/transparencia\/wp-json\/wp\/v2\/pages\/3173"}],"wp:attachment":[{"href":"https:\/\/uenf.br\/reitoria\/transparencia\/wp-json\/wp\/v2\/media?parent=3218"}],"curies":[{"name":"wp","href":"https:\/\/api.w.org\/{rel}","templated":true}]}}