{"id":3220,"date":"2021-02-24T14:06:12","date_gmt":"2021-02-24T17:06:12","guid":{"rendered":"https:\/\/uenf.br\/reitoria\/transparencia\/?page_id=3220"},"modified":"2022-10-10T14:25:35","modified_gmt":"2022-10-10T17:25:35","slug":"01-06-agenda","status":"publish","type":"page","link":"https:\/\/uenf.br\/reitoria\/transparencia\/1-institucional\/01-06-agenda\/","title":{"rendered":"01.06 &#8211; Agenda de Autoridades"},"content":{"rendered":"<p>A disponibiliza\u00e7\u00e3o da agenda se d\u00e1 \u00e0 posteriori, de forma semanal em at\u00e9 3 dias \u00fateis.<\/p>\n<ul>\n<li><a href=\"https:\/\/uenf.br\/reitoria\/transparencia\/files\/2022\/10\/Agenda-Reitor-e-Vice-Setembro2022.xlsx\" target=\"_blank\" rel=\"noopener\">Agenda Reitor e Vice-Reitora (Setembro 2022)<\/a><\/li>\n<li><a href=\"https:\/\/uenf.br\/reitoria\/transparencia\/files\/2022\/10\/Agenda-Reitor-e-Vice-Outubro2022.xlsx\" target=\"_blank\" rel=\"noopener\">Agenda Reitor e Vice-Reitora (Outubro 2022)<\/a><\/li>\n<li><\/li>\n<\/ul>\n","protected":false},"excerpt":{"rendered":"<p>A disponibiliza\u00e7\u00e3o da agenda se d\u00e1 \u00e0 posteriori, de forma semanal em at\u00e9 3 dias \u00fateis. Agenda Reitor e Vice-Reitora&#8230;<\/p>\n","protected":false},"author":38,"featured_media":0,"parent":3173,"menu_order":1,"comment_status":"closed","ping_status":"closed","template":"","meta":{"footnotes":""},"class_list":["post-3220","page","type-page","status-publish","hentry"],"_links":{"self":[{"href":"https:\/\/uenf.br\/reitoria\/transparencia\/wp-json\/wp\/v2\/pages\/3220","targetHints":{"allow":["GET"]}}],"collection":[{"href":"https:\/\/uenf.br\/reitoria\/transparencia\/wp-json\/wp\/v2\/pages"}],"about":[{"href":"https:\/\/uenf.br\/reitoria\/transparencia\/wp-json\/wp\/v2\/types\/page"}],"author":[{"embeddable":true,"href":"https:\/\/uenf.br\/reitoria\/transparencia\/wp-json\/wp\/v2\/users\/38"}],"replies":[{"embeddable":true,"href":"https:\/\/uenf.br\/reitoria\/transparencia\/wp-json\/wp\/v2\/comments?post=3220"}],"version-history":[{"count":0,"href":"https:\/\/uenf.br\/reitoria\/transparencia\/wp-json\/wp\/v2\/pages\/3220\/revisions"}],"up":[{"embeddable":true,"href":"https:\/\/uenf.br\/reitoria\/transparencia\/wp-json\/wp\/v2\/pages\/3173"}],"wp:attachment":[{"href":"https:\/\/uenf.br\/reitoria\/transparencia\/wp-json\/wp\/v2\/media?parent=3220"}],"curies":[{"name":"wp","href":"https:\/\/api.w.org\/{rel}","templated":true}]}}