{"id":3222,"date":"2021-02-24T14:06:35","date_gmt":"2021-02-24T17:06:35","guid":{"rendered":"https:\/\/uenf.br\/reitoria\/transparencia\/?page_id=3222"},"modified":"2025-03-13T09:41:29","modified_gmt":"2025-03-13T12:41:29","slug":"01-07-horarios-de-atendimento","status":"publish","type":"page","link":"https:\/\/uenf.br\/reitoria\/transparencia\/1-institucional\/01-07-horarios-de-atendimento\/","title":{"rendered":"01.07 &#8211; Hor\u00e1rios de Atendimento"},"content":{"rendered":"<p>Gabinete da Reitoria &#8211; De segunda \u00e0 sexta-feira, das 8h \u00e0s 12h e das 14h \u00e0s 18h.<\/p>\n","protected":false},"excerpt":{"rendered":"<p>Gabinete da Reitoria &#8211; De segunda \u00e0 sexta-feira, das 8h \u00e0s 12h e das 14h \u00e0s 18h.<\/p>\n","protected":false},"author":38,"featured_media":0,"parent":3173,"menu_order":1,"comment_status":"closed","ping_status":"closed","template":"","meta":{"footnotes":""},"class_list":["post-3222","page","type-page","status-publish","hentry"],"_links":{"self":[{"href":"https:\/\/uenf.br\/reitoria\/transparencia\/wp-json\/wp\/v2\/pages\/3222","targetHints":{"allow":["GET"]}}],"collection":[{"href":"https:\/\/uenf.br\/reitoria\/transparencia\/wp-json\/wp\/v2\/pages"}],"about":[{"href":"https:\/\/uenf.br\/reitoria\/transparencia\/wp-json\/wp\/v2\/types\/page"}],"author":[{"embeddable":true,"href":"https:\/\/uenf.br\/reitoria\/transparencia\/wp-json\/wp\/v2\/users\/38"}],"replies":[{"embeddable":true,"href":"https:\/\/uenf.br\/reitoria\/transparencia\/wp-json\/wp\/v2\/comments?post=3222"}],"version-history":[{"count":0,"href":"https:\/\/uenf.br\/reitoria\/transparencia\/wp-json\/wp\/v2\/pages\/3222\/revisions"}],"up":[{"embeddable":true,"href":"https:\/\/uenf.br\/reitoria\/transparencia\/wp-json\/wp\/v2\/pages\/3173"}],"wp:attachment":[{"href":"https:\/\/uenf.br\/reitoria\/transparencia\/wp-json\/wp\/v2\/media?parent=3222"}],"curies":[{"name":"wp","href":"https:\/\/api.w.org\/{rel}","templated":true}]}}