{"id":3244,"date":"2021-02-24T14:13:59","date_gmt":"2021-02-24T17:13:59","guid":{"rendered":"https:\/\/uenf.br\/reitoria\/transparencia\/?page_id=3244"},"modified":"2022-10-31T09:41:08","modified_gmt":"2022-10-31T12:41:08","slug":"04-02-relatorios-e-certificados-de-auditoria","status":"publish","type":"page","link":"https:\/\/uenf.br\/reitoria\/transparencia\/4-auditorias\/04-02-relatorios-e-certificados-de-auditoria\/","title":{"rendered":"04.02 &#8211; Relat\u00f3rios e Certificados de Auditoria"},"content":{"rendered":"<ul>\n<li><a href=\"https:\/\/uenf.br\/reitoria\/transparencia\/files\/2022\/10\/SEI_SEI_260009_004295_2021-PLANAT-2020-Gestao-das-Contratacoes-F.pdf\" target=\"_blank\" rel=\"noopener\">PLANAT 2020 Gest\u00e3o das Contrata\u00e7\u00f5es<\/a><\/li>\n<li><a href=\"https:\/\/uenf.br\/reitoria\/transparencia\/files\/2022\/10\/SEI_SEI_260009_003778_2021-PLANAT-2021-Contratacoes-COVID-F.pdf\" target=\"_blank\" rel=\"noopener\">PLANAT 2021 Contrata\u00e7\u00f5es COVID<\/a><\/li>\n<li><a href=\"https:\/\/uenf.br\/reitoria\/transparencia\/files\/2022\/10\/SEI_SEI_260009_004589_2021-PLANAT-2021-Informacoes-TCE-RJ-F.pdf\" target=\"_blank\" rel=\"noopener\">PLANAT 2021 Informa\u00e7\u00f5es TCE-RJ<\/a><\/li>\n<li><a href=\"https:\/\/uenf.br\/reitoria\/transparencia\/files\/2022\/10\/SEI_SEI_260009_005226_2022-PLANAT-2022-Pessoal.pdf\" target=\"_blank\" rel=\"noopener\">PLANAT 2022 Pessoal<\/a><\/li>\n<\/ul>\n<p>&nbsp;<\/p>\n<p>&nbsp;<\/p>\n","protected":false},"excerpt":{"rendered":"<p>PLANAT 2020 Gest\u00e3o das Contrata\u00e7\u00f5es PLANAT 2021 Contrata\u00e7\u00f5es COVID PLANAT 2021 Informa\u00e7\u00f5es TCE-RJ PLANAT 2022 Pessoal &nbsp; &nbsp;<\/p>\n","protected":false},"author":38,"featured_media":0,"parent":3181,"menu_order":1,"comment_status":"closed","ping_status":"closed","template":"","meta":{"footnotes":""},"class_list":["post-3244","page","type-page","status-publish","hentry"],"_links":{"self":[{"href":"https:\/\/uenf.br\/reitoria\/transparencia\/wp-json\/wp\/v2\/pages\/3244","targetHints":{"allow":["GET"]}}],"collection":[{"href":"https:\/\/uenf.br\/reitoria\/transparencia\/wp-json\/wp\/v2\/pages"}],"about":[{"href":"https:\/\/uenf.br\/reitoria\/transparencia\/wp-json\/wp\/v2\/types\/page"}],"author":[{"embeddable":true,"href":"https:\/\/uenf.br\/reitoria\/transparencia\/wp-json\/wp\/v2\/users\/38"}],"replies":[{"embeddable":true,"href":"https:\/\/uenf.br\/reitoria\/transparencia\/wp-json\/wp\/v2\/comments?post=3244"}],"version-history":[{"count":0,"href":"https:\/\/uenf.br\/reitoria\/transparencia\/wp-json\/wp\/v2\/pages\/3244\/revisions"}],"up":[{"embeddable":true,"href":"https:\/\/uenf.br\/reitoria\/transparencia\/wp-json\/wp\/v2\/pages\/3181"}],"wp:attachment":[{"href":"https:\/\/uenf.br\/reitoria\/transparencia\/wp-json\/wp\/v2\/media?parent=3244"}],"curies":[{"name":"wp","href":"https:\/\/api.w.org\/{rel}","templated":true}]}}