{"id":3248,"date":"2021-02-24T14:15:31","date_gmt":"2021-02-24T17:15:31","guid":{"rendered":"https:\/\/uenf.br\/reitoria\/transparencia\/?page_id=3248"},"modified":"2025-05-05T10:13:56","modified_gmt":"2025-05-05T13:13:56","slug":"04-04-relatorio-anual-de-atividades-de-auditoria-interna-ranat","status":"publish","type":"page","link":"https:\/\/uenf.br\/reitoria\/transparencia\/4-auditorias\/04-04-relatorio-anual-de-atividades-de-auditoria-interna-ranat\/","title":{"rendered":"04.04 &#8211; Relat\u00f3rio Anual de Atividades de Auditoria Interna (RANAT)"},"content":{"rendered":"<ul>\n<li><a href=\"https:\/\/uenf.br\/reitoria\/transparencia\/files\/2025\/05\/RANAT-2024-SEI_92157062_Relatorio.pdf\" target=\"_blank\" rel=\"noopener\">RELAT\u00d3RIO ANUAL DE ATIVIDADES &#8211; RANAT 2024<\/a><\/li>\n<li><a href=\"https:\/\/uenf.br\/reitoria\/transparencia\/files\/2024\/04\/RANAT-2023.pdf\" target=\"_blank\" rel=\"noopener\">RELAT\u00d3RIO ANUAL DE ATIVIDADES &#8211; RANAT 2023<\/a><\/li>\n<li><a href=\"https:\/\/uenf.br\/reitoria\/transparencia\/files\/2023\/02\/SEI_46408346_-RANAT-2022.pdf\" target=\"_blank\" rel=\"noopener\">RELAT\u00d3RIO ANUAL DE ATIVIDADES &#8211; RANAT 2022<\/a><\/li>\n<li><a href=\"https:\/\/uenf.br\/reitoria\/transparencia\/files\/2022\/04\/SEI_SEI_260009_000101_2021-RANAT-2021.pdf\" target=\"_blank\" rel=\"noopener\">RELAT\u00d3RIO ANUAL DE ATIVIDADES &#8211; RANAT 2021<\/a><\/li>\n<li><a href=\"https:\/\/uenf.br\/reitoria\/transparencia\/files\/2021\/03\/SEI_SEI_260009_000072_2020-RANAT-2020.pdf\" target=\"_blank\" rel=\"noopener\">RELAT\u00d3RIO ANUAL DE ATIVIDADES &#8211; RANAT 2020<\/a><\/li>\n<\/ul>\n","protected":false},"excerpt":{"rendered":"<p>RELAT\u00d3RIO ANUAL DE ATIVIDADES &#8211; RANAT 2024 RELAT\u00d3RIO ANUAL DE ATIVIDADES &#8211; RANAT 2023 RELAT\u00d3RIO ANUAL DE ATIVIDADES &#8211; RANAT&#8230;<\/p>\n","protected":false},"author":38,"featured_media":0,"parent":3181,"menu_order":1,"comment_status":"closed","ping_status":"closed","template":"","meta":{"footnotes":""},"class_list":["post-3248","page","type-page","status-publish","hentry"],"_links":{"self":[{"href":"https:\/\/uenf.br\/reitoria\/transparencia\/wp-json\/wp\/v2\/pages\/3248","targetHints":{"allow":["GET"]}}],"collection":[{"href":"https:\/\/uenf.br\/reitoria\/transparencia\/wp-json\/wp\/v2\/pages"}],"about":[{"href":"https:\/\/uenf.br\/reitoria\/transparencia\/wp-json\/wp\/v2\/types\/page"}],"author":[{"embeddable":true,"href":"https:\/\/uenf.br\/reitoria\/transparencia\/wp-json\/wp\/v2\/users\/38"}],"replies":[{"embeddable":true,"href":"https:\/\/uenf.br\/reitoria\/transparencia\/wp-json\/wp\/v2\/comments?post=3248"}],"version-history":[{"count":0,"href":"https:\/\/uenf.br\/reitoria\/transparencia\/wp-json\/wp\/v2\/pages\/3248\/revisions"}],"up":[{"embeddable":true,"href":"https:\/\/uenf.br\/reitoria\/transparencia\/wp-json\/wp\/v2\/pages\/3181"}],"wp:attachment":[{"href":"https:\/\/uenf.br\/reitoria\/transparencia\/wp-json\/wp\/v2\/media?parent=3248"}],"curies":[{"name":"wp","href":"https:\/\/api.w.org\/{rel}","templated":true}]}}