{"id":3250,"date":"2021-02-24T14:16:23","date_gmt":"2021-02-24T17:16:23","guid":{"rendered":"https:\/\/uenf.br\/reitoria\/transparencia\/?page_id=3250"},"modified":"2021-02-24T15:24:42","modified_gmt":"2021-02-24T18:24:42","slug":"07-01-licitacoes","status":"publish","type":"page","link":"https:\/\/uenf.br\/reitoria\/transparencia\/7-licitacoes-e-contratos\/07-01-licitacoes\/","title":{"rendered":"07.01 &#8211; Licita\u00e7\u00f5es"},"content":{"rendered":"<p>Acompanhe\u00a0<a title=\"Licita\u00e7\u00f5es\" href=\"http:\/\/uenf.br\/reitoria\/licitacao\/\" target=\"_blank\" rel=\"noopener noreferrer\"><span style=\"color: #0000ff\">aqui<\/span><\/a>\u00a0as licita\u00e7\u00f5es programadas, as j\u00e1 realizadas e os resultados.<\/p>\n","protected":false},"excerpt":{"rendered":"<p>Acompanhe\u00a0aqui\u00a0as licita\u00e7\u00f5es programadas, as j\u00e1 realizadas e os resultados.<\/p>\n","protected":false},"author":38,"featured_media":0,"parent":3187,"menu_order":1,"comment_status":"closed","ping_status":"closed","template":"","meta":{"footnotes":""},"class_list":["post-3250","page","type-page","status-publish","hentry"],"_links":{"self":[{"href":"https:\/\/uenf.br\/reitoria\/transparencia\/wp-json\/wp\/v2\/pages\/3250","targetHints":{"allow":["GET"]}}],"collection":[{"href":"https:\/\/uenf.br\/reitoria\/transparencia\/wp-json\/wp\/v2\/pages"}],"about":[{"href":"https:\/\/uenf.br\/reitoria\/transparencia\/wp-json\/wp\/v2\/types\/page"}],"author":[{"embeddable":true,"href":"https:\/\/uenf.br\/reitoria\/transparencia\/wp-json\/wp\/v2\/users\/38"}],"replies":[{"embeddable":true,"href":"https:\/\/uenf.br\/reitoria\/transparencia\/wp-json\/wp\/v2\/comments?post=3250"}],"version-history":[{"count":0,"href":"https:\/\/uenf.br\/reitoria\/transparencia\/wp-json\/wp\/v2\/pages\/3250\/revisions"}],"up":[{"embeddable":true,"href":"https:\/\/uenf.br\/reitoria\/transparencia\/wp-json\/wp\/v2\/pages\/3187"}],"wp:attachment":[{"href":"https:\/\/uenf.br\/reitoria\/transparencia\/wp-json\/wp\/v2\/media?parent=3250"}],"curies":[{"name":"wp","href":"https:\/\/api.w.org\/{rel}","templated":true}]}}