{"id":3254,"date":"2021-02-24T14:17:39","date_gmt":"2021-02-24T17:17:39","guid":{"rendered":"https:\/\/uenf.br\/reitoria\/transparencia\/?page_id=3254"},"modified":"2025-11-26T17:14:55","modified_gmt":"2025-11-26T20:14:55","slug":"08-01-remuneracao-servidores-ativos","status":"publish","type":"page","link":"https:\/\/uenf.br\/reitoria\/transparencia\/8-servidores\/08-01-remuneracao-servidores-ativos\/","title":{"rendered":"08.01 &#8211; Remunera\u00e7\u00e3o Servidores Ativos"},"content":{"rendered":"<p>Para consultar a remunera\u00e7\u00e3o dos servidores ativos, clique no link abaixo:<\/p>\n<p><span style=\"color: #0000ff\"><a style=\"color: #0000ff\" href=\"https:\/\/www.rj.gov.br\/remuneracao\/\" target=\"_blank\" rel=\"noopener noreferrer\">Remunera\u00e7\u00e3o Servidores Ativos<\/a><\/span><\/p>\n","protected":false},"excerpt":{"rendered":"<p>Para consultar a remunera\u00e7\u00e3o dos servidores ativos, clique no link abaixo: Remunera\u00e7\u00e3o Servidores Ativos<\/p>\n","protected":false},"author":38,"featured_media":0,"parent":3189,"menu_order":1,"comment_status":"closed","ping_status":"closed","template":"","meta":{"footnotes":""},"class_list":["post-3254","page","type-page","status-publish","hentry"],"_links":{"self":[{"href":"https:\/\/uenf.br\/reitoria\/transparencia\/wp-json\/wp\/v2\/pages\/3254","targetHints":{"allow":["GET"]}}],"collection":[{"href":"https:\/\/uenf.br\/reitoria\/transparencia\/wp-json\/wp\/v2\/pages"}],"about":[{"href":"https:\/\/uenf.br\/reitoria\/transparencia\/wp-json\/wp\/v2\/types\/page"}],"author":[{"embeddable":true,"href":"https:\/\/uenf.br\/reitoria\/transparencia\/wp-json\/wp\/v2\/users\/38"}],"replies":[{"embeddable":true,"href":"https:\/\/uenf.br\/reitoria\/transparencia\/wp-json\/wp\/v2\/comments?post=3254"}],"version-history":[{"count":0,"href":"https:\/\/uenf.br\/reitoria\/transparencia\/wp-json\/wp\/v2\/pages\/3254\/revisions"}],"up":[{"embeddable":true,"href":"https:\/\/uenf.br\/reitoria\/transparencia\/wp-json\/wp\/v2\/pages\/3189"}],"wp:attachment":[{"href":"https:\/\/uenf.br\/reitoria\/transparencia\/wp-json\/wp\/v2\/media?parent=3254"}],"curies":[{"name":"wp","href":"https:\/\/api.w.org\/{rel}","templated":true}]}}