{"id":3256,"date":"2021-02-24T14:18:22","date_gmt":"2021-02-24T17:18:22","guid":{"rendered":"https:\/\/uenf.br\/reitoria\/transparencia\/?page_id=3256"},"modified":"2021-02-24T15:21:50","modified_gmt":"2021-02-24T18:21:50","slug":"08-02-remuneracao-servidores-aposentados-e-pensionistas","status":"publish","type":"page","link":"https:\/\/uenf.br\/reitoria\/transparencia\/8-servidores\/08-02-remuneracao-servidores-aposentados-e-pensionistas\/","title":{"rendered":"08.02 &#8211; Remunera\u00e7\u00e3o Servidores Aposentados e Pensionistas"},"content":{"rendered":"<p>Para consultar a remunera\u00e7\u00e3o dos servidores aposentados e pensionistas, clique no link abaixo:<\/p>\n<p><span style=\"color: #0000ff\"><a style=\"color: #0000ff\" href=\"https:\/\/www.rioprevidencia.rj.gov.br\/PortalRP\/Transparencia\/AposentadosePensionistas\/index.htm\" target=\"_blank\" rel=\"noopener noreferrer\">Remunera\u00e7\u00e3o Servidores Aposentados e Pensionistas<\/a><\/span><\/p>\n","protected":false},"excerpt":{"rendered":"<p>Para consultar a remunera\u00e7\u00e3o dos servidores aposentados e pensionistas, clique no link abaixo: Remunera\u00e7\u00e3o Servidores Aposentados e Pensionistas<\/p>\n","protected":false},"author":38,"featured_media":0,"parent":3189,"menu_order":1,"comment_status":"closed","ping_status":"closed","template":"","meta":{"footnotes":""},"class_list":["post-3256","page","type-page","status-publish","hentry"],"_links":{"self":[{"href":"https:\/\/uenf.br\/reitoria\/transparencia\/wp-json\/wp\/v2\/pages\/3256","targetHints":{"allow":["GET"]}}],"collection":[{"href":"https:\/\/uenf.br\/reitoria\/transparencia\/wp-json\/wp\/v2\/pages"}],"about":[{"href":"https:\/\/uenf.br\/reitoria\/transparencia\/wp-json\/wp\/v2\/types\/page"}],"author":[{"embeddable":true,"href":"https:\/\/uenf.br\/reitoria\/transparencia\/wp-json\/wp\/v2\/users\/38"}],"replies":[{"embeddable":true,"href":"https:\/\/uenf.br\/reitoria\/transparencia\/wp-json\/wp\/v2\/comments?post=3256"}],"version-history":[{"count":0,"href":"https:\/\/uenf.br\/reitoria\/transparencia\/wp-json\/wp\/v2\/pages\/3256\/revisions"}],"up":[{"embeddable":true,"href":"https:\/\/uenf.br\/reitoria\/transparencia\/wp-json\/wp\/v2\/pages\/3189"}],"wp:attachment":[{"href":"https:\/\/uenf.br\/reitoria\/transparencia\/wp-json\/wp\/v2\/media?parent=3256"}],"curies":[{"name":"wp","href":"https:\/\/api.w.org\/{rel}","templated":true}]}}