{"id":3262,"date":"2021-02-24T14:20:33","date_gmt":"2021-02-24T17:20:33","guid":{"rendered":"https:\/\/uenf.br\/reitoria\/transparencia\/?page_id=3262"},"modified":"2021-08-10T13:34:41","modified_gmt":"2021-08-10T16:34:41","slug":"09-02-rol-das-informacoes-desclassificadas","status":"publish","type":"page","link":"https:\/\/uenf.br\/reitoria\/transparencia\/9-informacoes-classificadas\/09-02-rol-das-informacoes-desclassificadas\/","title":{"rendered":"09.02 &#8211; Rol das Informa\u00e7\u00f5es Desclassificadas"},"content":{"rendered":"<p>A UENF informa que at\u00e9 o momento n\u00e3o houve informa\u00e7\u00f5es classificadas e\/ou desclassificadas nos \u00faltimos 12 meses, nos termos do art. 29 do Decreto n\u00ba 46.475\/2018.<\/p>\n","protected":false},"excerpt":{"rendered":"<p>A UENF informa que at\u00e9 o momento n\u00e3o houve informa\u00e7\u00f5es classificadas e\/ou desclassificadas nos \u00faltimos 12 meses, nos termos do&#8230;<\/p>\n","protected":false},"author":38,"featured_media":0,"parent":3191,"menu_order":1,"comment_status":"closed","ping_status":"closed","template":"","meta":{"footnotes":""},"class_list":["post-3262","page","type-page","status-publish","hentry"],"_links":{"self":[{"href":"https:\/\/uenf.br\/reitoria\/transparencia\/wp-json\/wp\/v2\/pages\/3262","targetHints":{"allow":["GET"]}}],"collection":[{"href":"https:\/\/uenf.br\/reitoria\/transparencia\/wp-json\/wp\/v2\/pages"}],"about":[{"href":"https:\/\/uenf.br\/reitoria\/transparencia\/wp-json\/wp\/v2\/types\/page"}],"author":[{"embeddable":true,"href":"https:\/\/uenf.br\/reitoria\/transparencia\/wp-json\/wp\/v2\/users\/38"}],"replies":[{"embeddable":true,"href":"https:\/\/uenf.br\/reitoria\/transparencia\/wp-json\/wp\/v2\/comments?post=3262"}],"version-history":[{"count":0,"href":"https:\/\/uenf.br\/reitoria\/transparencia\/wp-json\/wp\/v2\/pages\/3262\/revisions"}],"up":[{"embeddable":true,"href":"https:\/\/uenf.br\/reitoria\/transparencia\/wp-json\/wp\/v2\/pages\/3191"}],"wp:attachment":[{"href":"https:\/\/uenf.br\/reitoria\/transparencia\/wp-json\/wp\/v2\/media?parent=3262"}],"curies":[{"name":"wp","href":"https:\/\/api.w.org\/{rel}","templated":true}]}}