{"id":3266,"date":"2022-05-30T10:13:57","date_gmt":"2022-05-30T13:13:57","guid":{"rendered":"https:\/\/uenf.br\/reitoria\/transparencia\/?page_id=3266"},"modified":"2023-12-05T15:09:25","modified_gmt":"2023-12-05T18:09:25","slug":"10-01-solicitacoes","status":"publish","type":"page","link":"https:\/\/uenf.br\/reitoria\/transparencia\/10-servico-de-informacao-ao-cidadao-sic\/10-01-solicitacoes\/","title":{"rendered":"10.01 &#8211; Solicita\u00e7\u00f5es"},"content":{"rendered":"<p>Para solicitar informa\u00e7\u00f5es, acesse o site do Sistema OuvERJ:<\/p>\n<p><a href=\"http:\/\/www.rj.gov.br\/ouverj\" rel=\"noopener\"><img loading=\"lazy\" decoding=\"async\" class=\"aligncenter wp-image-3560\" src=\"https:\/\/uenf.br\/reitoria\/transparencia\/files\/2023\/12\/OUVERJ.png\" alt=\"\" width=\"126\" height=\"126\" srcset=\"https:\/\/uenf.br\/reitoria\/transparencia\/files\/2023\/12\/OUVERJ.png 231w, https:\/\/uenf.br\/reitoria\/transparencia\/files\/2023\/12\/OUVERJ-150x150.png 150w\" sizes=\"auto, (max-width: 126px) 100vw, 126px\" \/><\/a><\/p>\n","protected":false},"excerpt":{"rendered":"<p>Para solicitar informa\u00e7\u00f5es, acesse o site do Sistema OuvERJ:<\/p>\n","protected":false},"author":38,"featured_media":0,"parent":3193,"menu_order":0,"comment_status":"closed","ping_status":"closed","template":"","meta":{"footnotes":""},"class_list":["post-3266","page","type-page","status-publish","hentry"],"_links":{"self":[{"href":"https:\/\/uenf.br\/reitoria\/transparencia\/wp-json\/wp\/v2\/pages\/3266","targetHints":{"allow":["GET"]}}],"collection":[{"href":"https:\/\/uenf.br\/reitoria\/transparencia\/wp-json\/wp\/v2\/pages"}],"about":[{"href":"https:\/\/uenf.br\/reitoria\/transparencia\/wp-json\/wp\/v2\/types\/page"}],"author":[{"embeddable":true,"href":"https:\/\/uenf.br\/reitoria\/transparencia\/wp-json\/wp\/v2\/users\/38"}],"replies":[{"embeddable":true,"href":"https:\/\/uenf.br\/reitoria\/transparencia\/wp-json\/wp\/v2\/comments?post=3266"}],"version-history":[{"count":0,"href":"https:\/\/uenf.br\/reitoria\/transparencia\/wp-json\/wp\/v2\/pages\/3266\/revisions"}],"up":[{"embeddable":true,"href":"https:\/\/uenf.br\/reitoria\/transparencia\/wp-json\/wp\/v2\/pages\/3193"}],"wp:attachment":[{"href":"https:\/\/uenf.br\/reitoria\/transparencia\/wp-json\/wp\/v2\/media?parent=3266"}],"curies":[{"name":"wp","href":"https:\/\/api.w.org\/{rel}","templated":true}]}}