{"id":3396,"date":"2021-08-25T14:56:17","date_gmt":"2021-08-25T17:56:17","guid":{"rendered":"https:\/\/uenf.br\/reitoria\/transparencia\/?page_id=3396"},"modified":"2025-03-13T09:17:17","modified_gmt":"2025-03-13T12:17:17","slug":"12-dados-abertos","status":"publish","type":"page","link":"https:\/\/uenf.br\/reitoria\/transparencia\/12-dados-abertos\/","title":{"rendered":"12. Dados Abertos"},"content":{"rendered":"<div class=\"content\">\n<p><img loading=\"lazy\" decoding=\"async\" class=\"aligncenter size-full wp-image-24627\" src=\"http:\/\/www.cge.rj.gov.br\/wp-content\/uploads\/2024\/07\/dados_abertos-sem-fundo.png\" alt=\"\" width=\"902\" height=\"181\" \/><\/p>\n<table>\n<tbody>\n<tr>\n<td><a href=\"http:\/\/www.cge.rj.gov.br\/wp-content\/uploads\/2024\/05\/Decreto-Estadual-no-49.097-Dados-Abertos-Politica-de-Gestao.pdf\">Decreto n\u00b0 49.097\/2024\u00a0<\/a><\/td>\n<td>\n<div>Altera o Decreto Estadual n\u00b0 48.449, de\u00a0<span id=\"OBJ_PREFIX_DWT96_com_zimbra_date\" class=\"Object\" role=\"link\"><span id=\"OBJ_PREFIX_DWT99_com_zimbra_date\" class=\"Object\" role=\"link\">04 de abril<\/span><\/span>\u00a0de 2023, que estabelece a pol\u00edtica de gest\u00e3o e controle do Programa de Dados Abertos do Governo do Estado do Rio<span id=\"OBJ_PREFIX_DWT97_com_zimbra_date\" class=\"Object\" role=\"link\">\u00a0de Janeiro<\/span>, e d\u00e1 outras provid\u00eancias.<\/div>\n<\/td>\n<\/tr>\n<tr>\n<td><a href=\"http:\/\/www.cge.rj.gov.br\/wp-content\/uploads\/2024\/04\/Decreto-Estadual-no-48.449-Dados-Abertos.pdf\">Decreto n\u00ba 48.449\/2023<\/a><\/td>\n<td>\n<div>Estabelece a Pol\u00edtica de Gest\u00e3o e Controle do Programa de Dados Abertos do Governo do Estado do Rio de Janeiro. (ALTERADO PELO DECRETO n\u00b0 49.097\/2024)<\/div>\n<\/td>\n<\/tr>\n<tr>\n<td><a href=\"https:\/\/cge.rj.gov.br\/wp-content\/uploads\/2025\/02\/Resolucao-Conjunta-CGE-SETD-n.o-44-Dados-Abertos.pdf\">Resolu\u00e7\u00e3o Conjunta CGE\/SETD n\u00ba 44\/2024<\/a><\/td>\n<td>\n<div>Disp\u00f5e sobre a execu\u00e7\u00e3o do Programa de Dados Abertos do governo do Estado do Rio de Janeiro, nos termos do Decreto Estadual n\u00ba 48.449, de 04 de abril de 2023 e do Decreto Estadual n\u00ba 49.097, de 20 de maio de 2024.<\/div>\n<\/td>\n<\/tr>\n<tr>\n<td><a href=\"https:\/\/www.dadosabertos.rj.gov.br\/\">Portal de Dados Abertos<\/a><\/td>\n<td><\/td>\n<\/tr>\n<\/tbody>\n<\/table>\n<\/div>\n","protected":false},"excerpt":{"rendered":"<p>Decreto n\u00b0 49.097\/2024\u00a0 Altera o Decreto Estadual n\u00b0 48.449, de\u00a004 de abril\u00a0de 2023, que estabelece a pol\u00edtica de gest\u00e3o e&#8230;<\/p>\n","protected":false},"author":38,"featured_media":0,"parent":0,"menu_order":1,"comment_status":"closed","ping_status":"closed","template":"","meta":{"footnotes":""},"class_list":["post-3396","page","type-page","status-publish","hentry"],"_links":{"self":[{"href":"https:\/\/uenf.br\/reitoria\/transparencia\/wp-json\/wp\/v2\/pages\/3396","targetHints":{"allow":["GET"]}}],"collection":[{"href":"https:\/\/uenf.br\/reitoria\/transparencia\/wp-json\/wp\/v2\/pages"}],"about":[{"href":"https:\/\/uenf.br\/reitoria\/transparencia\/wp-json\/wp\/v2\/types\/page"}],"author":[{"embeddable":true,"href":"https:\/\/uenf.br\/reitoria\/transparencia\/wp-json\/wp\/v2\/users\/38"}],"replies":[{"embeddable":true,"href":"https:\/\/uenf.br\/reitoria\/transparencia\/wp-json\/wp\/v2\/comments?post=3396"}],"version-history":[{"count":0,"href":"https:\/\/uenf.br\/reitoria\/transparencia\/wp-json\/wp\/v2\/pages\/3396\/revisions"}],"wp:attachment":[{"href":"https:\/\/uenf.br\/reitoria\/transparencia\/wp-json\/wp\/v2\/media?parent=3396"}],"curies":[{"name":"wp","href":"https:\/\/api.w.org\/{rel}","templated":true}]}}