{"id":3443,"date":"2022-05-30T10:16:29","date_gmt":"2022-05-30T13:16:29","guid":{"rendered":"https:\/\/uenf.br\/reitoria\/transparencia\/?page_id=3443"},"modified":"2023-03-31T14:21:19","modified_gmt":"2023-03-31T17:21:19","slug":"10-02-relatorios-e-estatisticas","status":"publish","type":"page","link":"https:\/\/uenf.br\/reitoria\/transparencia\/10-servico-de-informacao-ao-cidadao-sic\/10-02-relatorios-e-estatisticas\/","title":{"rendered":"10.02 &#8211; Relat\u00f3rios e Estat\u00edsticas"},"content":{"rendered":"<h3>Estat\u00edsticas de Atendimento:<\/h3>\n<ul>\n<li><a href=\"https:\/\/uenf.br\/reitoria\/transparencia\/files\/2021\/05\/Estatisticas-de-Solicitacoes-2018.pdf\">Estat\u00edsticas de Solicita\u00e7\u00f5es 2018<\/a><\/li>\n<li><a href=\"https:\/\/uenf.br\/reitoria\/transparencia\/files\/2021\/05\/Estatisticas-de-Solicitacoes-2019.pdf\">Estat\u00edsticas de Solicita\u00e7\u00f5es 2019<\/a><\/li>\n<li><a href=\"https:\/\/uenf.br\/reitoria\/transparencia\/files\/2021\/05\/Estatisticas-de-Solicitacoes-2020.pdf\">Estat\u00edsticas de Solicita\u00e7\u00f5es 2020<\/a><\/li>\n<li><a href=\"https:\/\/uenf.br\/reitoria\/transparencia\/files\/2022\/01\/Estatisticas-e-sic-2021.pdf\" target=\"_blank\" rel=\"noopener\">Estat\u00edsticas de Solicita\u00e7\u00f5es 2021<\/a><\/li>\n<li><a href=\"https:\/\/uenf.br\/reitoria\/transparencia\/files\/2023\/03\/Estatisticas-esic-2022.pdf\" target=\"_blank\" rel=\"noopener\">Estat\u00edsticas de Solicita\u00e7\u00f5es 2022<\/a><\/li>\n<\/ul>\n<h3 style=\"text-align: left\">Relat\u00f3rios Estat\u00edsticos<\/h3>\n<ul>\n<li><a href=\"https:\/\/uenf.br\/reitoria\/transparencia\/files\/2022\/05\/Relatorio-Ouvidoria-2022-1o-trimestre.pdf\" target=\"_blank\" rel=\"noopener\">Relat\u00f3rio Ouvidoria &#8211; 2022 &#8211; 1\u00ba trimestre<\/a><\/li>\n<li><a href=\"https:\/\/uenf.br\/reitoria\/transparencia\/files\/2022\/11\/Relatorio-Ouvidoria-2022-2o-trimestre.pdf\" target=\"_blank\" rel=\"noopener\">Relat\u00f3rio Ouvidoria &#8211; 2022 &#8211; 2\u00ba trimestre<\/a><\/li>\n<li><a href=\"https:\/\/uenf.br\/reitoria\/transparencia\/files\/2022\/11\/Relatorio-Ouvidoria-2022-3o-trimestre.pdf\" target=\"_blank\" rel=\"noopener\">Relat\u00f3rio Ouvidoria &#8211; 2022 &#8211; 3\u00ba trimestre<\/a><\/li>\n<li><a href=\"https:\/\/uenf.br\/reitoria\/transparencia\/files\/2023\/02\/Relatorio-Ouvidoria-2022-4o-trimestre.pdf\" target=\"_blank\" rel=\"noopener\">Relat\u00f3rio Ouvidoria &#8211; 2022 &#8211; 4o trimestre<\/a><\/li>\n<\/ul>\n","protected":false},"excerpt":{"rendered":"<p>Estat\u00edsticas de Atendimento: Estat\u00edsticas de Solicita\u00e7\u00f5es 2018 Estat\u00edsticas de Solicita\u00e7\u00f5es 2019 Estat\u00edsticas de Solicita\u00e7\u00f5es 2020 Estat\u00edsticas de Solicita\u00e7\u00f5es 2021 Estat\u00edsticas&#8230;<\/p>\n","protected":false},"author":38,"featured_media":0,"parent":3193,"menu_order":0,"comment_status":"closed","ping_status":"closed","template":"","meta":{"footnotes":""},"class_list":["post-3443","page","type-page","status-publish","hentry"],"_links":{"self":[{"href":"https:\/\/uenf.br\/reitoria\/transparencia\/wp-json\/wp\/v2\/pages\/3443","targetHints":{"allow":["GET"]}}],"collection":[{"href":"https:\/\/uenf.br\/reitoria\/transparencia\/wp-json\/wp\/v2\/pages"}],"about":[{"href":"https:\/\/uenf.br\/reitoria\/transparencia\/wp-json\/wp\/v2\/types\/page"}],"author":[{"embeddable":true,"href":"https:\/\/uenf.br\/reitoria\/transparencia\/wp-json\/wp\/v2\/users\/38"}],"replies":[{"embeddable":true,"href":"https:\/\/uenf.br\/reitoria\/transparencia\/wp-json\/wp\/v2\/comments?post=3443"}],"version-history":[{"count":0,"href":"https:\/\/uenf.br\/reitoria\/transparencia\/wp-json\/wp\/v2\/pages\/3443\/revisions"}],"up":[{"embeddable":true,"href":"https:\/\/uenf.br\/reitoria\/transparencia\/wp-json\/wp\/v2\/pages\/3193"}],"wp:attachment":[{"href":"https:\/\/uenf.br\/reitoria\/transparencia\/wp-json\/wp\/v2\/media?parent=3443"}],"curies":[{"name":"wp","href":"https:\/\/api.w.org\/{rel}","templated":true}]}}