{"id":93,"date":"2010-09-30T15:02:36","date_gmt":"2010-09-30T18:02:36","guid":{"rendered":"http:\/\/uenf.br\/portal\/transparencia\/"},"modified":"2010-09-30T15:02:36","modified_gmt":"2010-09-30T18:02:36","slug":"codigo-de-etica","status":"publish","type":"page","link":"https:\/\/uenf.br\/reitoria\/transparencia\/codigo-de-etica\/","title":{"rendered":"C\u00f3digo de \u00c9tica"},"content":{"rendered":"<p>Baixe aqui a Resolu\u00e7\u00e3o 01\/2006 do Conselho Universit\u00e1rio, contendo o C\u00f3digo de \u00c9tica a que est\u00e3o sujeitos os servidores da UENF.<\/p>\n<ul>\n<li><a href=\"http:\/\/uenf.br\/reitoria\/transparencia\/files\/2010\/09\/DO-com-codigo-de-etica.pdf\">Di\u00e1rio Oficial\u00a0 com c\u00f3digo de \u00e9tica<\/a><\/li>\n<\/ul>\n","protected":false},"excerpt":{"rendered":"<p>Baixe aqui a Resolu\u00e7\u00e3o 01\/2006 do Conselho Universit\u00e1rio, contendo o C\u00f3digo de \u00c9tica a que est\u00e3o sujeitos os servidores da&#8230;<\/p>\n","protected":false},"author":47,"featured_media":0,"parent":0,"menu_order":40,"comment_status":"closed","ping_status":"closed","template":"","meta":{"footnotes":""},"class_list":["post-93","page","type-page","status-publish","hentry"],"_links":{"self":[{"href":"https:\/\/uenf.br\/reitoria\/transparencia\/wp-json\/wp\/v2\/pages\/93","targetHints":{"allow":["GET"]}}],"collection":[{"href":"https:\/\/uenf.br\/reitoria\/transparencia\/wp-json\/wp\/v2\/pages"}],"about":[{"href":"https:\/\/uenf.br\/reitoria\/transparencia\/wp-json\/wp\/v2\/types\/page"}],"author":[{"embeddable":true,"href":"https:\/\/uenf.br\/reitoria\/transparencia\/wp-json\/wp\/v2\/users\/47"}],"replies":[{"embeddable":true,"href":"https:\/\/uenf.br\/reitoria\/transparencia\/wp-json\/wp\/v2\/comments?post=93"}],"version-history":[{"count":0,"href":"https:\/\/uenf.br\/reitoria\/transparencia\/wp-json\/wp\/v2\/pages\/93\/revisions"}],"wp:attachment":[{"href":"https:\/\/uenf.br\/reitoria\/transparencia\/wp-json\/wp\/v2\/media?parent=93"}],"curies":[{"name":"wp","href":"https:\/\/api.w.org\/{rel}","templated":true}]}}